{"id":2179,"date":"2020-05-01T18:28:02","date_gmt":"2020-05-01T16:28:02","guid":{"rendered":"https:\/\/www.tfinternational.eu\/austria-rudersdorf\/"},"modified":"2026-03-31T15:23:55","modified_gmt":"2026-03-31T13:23:55","slug":"austria-rudersdorf","status":"publish","type":"page","link":"https:\/\/www.tfinternational.eu\/en\/austria-rudersdorf\/","title":{"rendered":"Austria &#8211; Rudersdorf"},"content":{"rendered":"\t\t<div data-elementor-type=\"wp-page\" data-elementor-id=\"2179\" class=\"elementor elementor-2179 elementor-604\" data-elementor-post-type=\"page\">\n\t\t\t\t\t\t<section class=\"elementor-section elementor-top-section elementor-element elementor-element-cddcbd0 elementor-section-boxed elementor-section-height-default elementor-section-height-default\" data-id=\"cddcbd0\" data-element_type=\"section\" data-e-type=\"section\">\n\t\t\t\t\t\t<div class=\"elementor-container elementor-column-gap-default\">\n\t\t\t\t\t<div class=\"elementor-column elementor-col-100 elementor-top-column elementor-element elementor-element-9611336\" data-id=\"9611336\" data-element_type=\"column\" data-e-type=\"column\">\n\t\t\t<div class=\"elementor-widget-wrap elementor-element-populated\">\n\t\t\t\t\t\t<div class=\"elementor-element elementor-element-2d2b98e elementor-widget elementor-widget-heading\" data-id=\"2d2b98e\" data-element_type=\"widget\" data-e-type=\"widget\" data-widget_type=\"heading.default\">\n\t\t\t\t<div class=\"elementor-widget-container\">\n\t\t\t\t\t<h1 class=\"elementor-heading-title elementor-size-default\">Rudersdorf - Austria<\/h1>\t\t\t\t<\/div>\n\t\t\t\t<\/div>\n\t\t\t\t\t<\/div>\n\t\t<\/div>\n\t\t\t\t\t<\/div>\n\t\t<\/section>\n\t\t\t\t<section class=\"elementor-section elementor-top-section elementor-element elementor-element-6df4be2 elementor-section-height-min-height elementor-section-boxed elementor-section-height-default elementor-section-items-middle\" data-id=\"6df4be2\" data-element_type=\"section\" data-e-type=\"section\" data-settings=\"{&quot;background_background&quot;:&quot;slideshow&quot;,&quot;background_slideshow_gallery&quot;:[{&quot;id&quot;:1346,&quot;url&quot;:&quot;https:\\\/\\\/www.tfinternational.eu\\\/wp-content\\\/uploads\\\/2020\\\/04\\\/casseri-conci-austria-rudersdorf-tunnel-3.jpg&quot;},{&quot;id&quot;:837,&quot;url&quot;:&quot;https:\\\/\\\/www.tfinternational.eu\\\/wp-content\\\/uploads\\\/2020\\\/03\\\/casseri-conci-tfi-austria-rudersdorf-1.jpg&quot;},{&quot;id&quot;:830,&quot;url&quot;:&quot;https:\\\/\\\/www.tfinternational.eu\\\/wp-content\\\/uploads\\\/2020\\\/03\\\/tunnel-formwork-casseri-conci-tfi-austria-rudersdorf.jpg&quot;},{&quot;id&quot;:1541,&quot;url&quot;:&quot;https:\\\/\\\/www.tfinternational.eu\\\/wp-content\\\/uploads\\\/2020\\\/04\\\/casseri-conci-austria-rudersdorf-tunnel-4.jpg&quot;}],&quot;background_slideshow_loop&quot;:&quot;yes&quot;,&quot;background_slideshow_slide_duration&quot;:5000,&quot;background_slideshow_slide_transition&quot;:&quot;fade&quot;,&quot;background_slideshow_transition_duration&quot;:500}\">\n\t\t\t\t\t\t<div class=\"elementor-container elementor-column-gap-default\">\n\t\t\t\t\t<div class=\"elementor-column elementor-col-100 elementor-top-column elementor-element elementor-element-2194e12\" data-id=\"2194e12\" data-element_type=\"column\" data-e-type=\"column\">\n\t\t\t<div class=\"elementor-widget-wrap elementor-element-populated\">\n\t\t\t\t\t\t<div class=\"elementor-element elementor-element-604eae9 elementor-align-right elementor-widget elementor-widget-button\" data-id=\"604eae9\" data-element_type=\"widget\" data-e-type=\"widget\" data-settings=\"{&quot;motion_fx_motion_fx_scrolling&quot;:&quot;yes&quot;,&quot;motion_fx_translateY_effect&quot;:&quot;yes&quot;,&quot;motion_fx_translateY_direction&quot;:&quot;negative&quot;,&quot;motion_fx_translateY_speed&quot;:{&quot;unit&quot;:&quot;px&quot;,&quot;size&quot;:10,&quot;sizes&quot;:[]},&quot;motion_fx_devices&quot;:[&quot;desktop&quot;,&quot;tablet&quot;],&quot;sticky&quot;:&quot;top&quot;,&quot;sticky_on&quot;:[&quot;desktop&quot;,&quot;tablet&quot;],&quot;motion_fx_translateY_affectedRange&quot;:{&quot;unit&quot;:&quot;%&quot;,&quot;size&quot;:&quot;&quot;,&quot;sizes&quot;:{&quot;start&quot;:0,&quot;end&quot;:100}},&quot;sticky_offset&quot;:0,&quot;sticky_effects_offset&quot;:0,&quot;sticky_anchor_link_offset&quot;:0}\" data-widget_type=\"button.default\">\n\t\t\t\t<div class=\"elementor-widget-container\">\n\t\t\t\t\t\t\t\t\t<div class=\"elementor-button-wrapper\">\n\t\t\t\t\t<a class=\"elementor-button elementor-button-link elementor-size-xs\" href=\"https:\/\/www.tfinternational.eu\/en\/projects\/\">\n\t\t\t\t\t\t<span class=\"elementor-button-content-wrapper\">\n\t\t\t\t\t\t\t\t\t<span class=\"elementor-button-text\">Back to the map<\/span>\n\t\t\t\t\t<\/span>\n\t\t\t\t\t<\/a>\n\t\t\t\t<\/div>\n\t\t\t\t\t\t\t\t<\/div>\n\t\t\t\t<\/div>\n\t\t\t\t\t<\/div>\n\t\t<\/div>\n\t\t\t\t\t<\/div>\n\t\t<\/section>\n\t\t\t\t<section class=\"elementor-section elementor-top-section elementor-element elementor-element-e283c2f elementor-section-boxed elementor-section-height-default elementor-section-height-default\" data-id=\"e283c2f\" data-element_type=\"section\" data-e-type=\"section\">\n\t\t\t\t\t\t<div class=\"elementor-container elementor-column-gap-default\">\n\t\t\t\t\t<div class=\"elementor-column elementor-col-100 elementor-top-column elementor-element elementor-element-a2e9abc\" data-id=\"a2e9abc\" data-element_type=\"column\" data-e-type=\"column\">\n\t\t\t<div class=\"elementor-widget-wrap elementor-element-populated\">\n\t\t\t\t\t\t<div class=\"elementor-element elementor-element-0f98869 elementor-widget elementor-widget-heading\" data-id=\"0f98869\" data-element_type=\"widget\" data-e-type=\"widget\" data-widget_type=\"heading.default\">\n\t\t\t\t<div class=\"elementor-widget-container\">\n\t\t\t\t\t<h2 class=\"elementor-heading-title elementor-size-medium\"><a href=\"https:\/\/en.wikipedia.org\/wiki\/Rudersdorf\" rel=\"nofollow noopener\" target=\"_blank\">PROJECT: AUSTRIA-RUDERSDORF TUNNEL<\/a><\/h2>\t\t\t\t<\/div>\n\t\t\t\t<\/div>\n\t\t\t\t\t<\/div>\n\t\t<\/div>\n\t\t\t\t\t<\/div>\n\t\t<\/section>\n\t\t\t\t<section class=\"elementor-section elementor-top-section elementor-element elementor-element-9eee834 elementor-section-boxed elementor-section-height-default elementor-section-height-default\" data-id=\"9eee834\" data-element_type=\"section\" data-e-type=\"section\">\n\t\t\t\t\t\t<div class=\"elementor-container elementor-column-gap-default\">\n\t\t\t\t\t<div class=\"elementor-column elementor-col-100 elementor-top-column elementor-element elementor-element-a0c79ad\" data-id=\"a0c79ad\" data-element_type=\"column\" data-e-type=\"column\">\n\t\t\t<div class=\"elementor-widget-wrap elementor-element-populated\">\n\t\t\t\t\t\t<div class=\"elementor-element elementor-element-c975ade elementor-widget elementor-widget-text-editor\" data-id=\"c975ade\" data-element_type=\"widget\" data-e-type=\"widget\" data-widget_type=\"text-editor.default\">\n\t\t\t\t<div class=\"elementor-widget-container\">\n\t\t\t\t\t\t\t\t\t<strong>COMPANY:SWIETELSKY TUNNELBAU<\/strong><b>Road tunnel with the F\u00fcrstenfelder Schnellstra\u00dfe (S7)<\/b>. The nearly three kilometer long tunnel near RudersdorfIn the Riegersdorf &#8211; F\u00fcrstenfeld area, the planned route runs north of the current B 319 through a forest partly in the tunnel as an underground route. The crossing of F\u00fcrstenfeld is planned north of Speltenbach. The S 7 will then cross the Thermenbahn and Lafnitz.This is followed by the Rudersdorf crossroads and a tunnel about three kilometers long which goes around Rudersdorf to the northeast.<b>TFI International <\/b>contributed in the planning and realization of the works<p style=\"text-align: justify;\"><\/p>\t\t\t\t\t\t\t\t<\/div>\n\t\t\t\t<\/div>\n\t\t\t\t\t<\/div>\n\t\t<\/div>\n\t\t\t\t\t<\/div>\n\t\t<\/section>\n\t\t\t\t<section class=\"elementor-section elementor-top-section elementor-element elementor-element-f43364f elementor-section-boxed elementor-section-height-default elementor-section-height-default\" data-id=\"f43364f\" data-element_type=\"section\" data-e-type=\"section\">\n\t\t\t\t\t\t<div class=\"elementor-container elementor-column-gap-default\">\n\t\t\t\t\t<div class=\"elementor-column elementor-col-100 elementor-top-column elementor-element elementor-element-9d82f6f\" data-id=\"9d82f6f\" data-element_type=\"column\" data-e-type=\"column\">\n\t\t\t<div class=\"elementor-widget-wrap elementor-element-populated\">\n\t\t\t\t\t\t<div class=\"elementor-element elementor-element-446cd85 elementor-widget elementor-widget-gallery\" data-id=\"446cd85\" data-element_type=\"widget\" data-e-type=\"widget\" data-settings=\"{&quot;lazyload&quot;:&quot;yes&quot;,&quot;gallery_layout&quot;:&quot;grid&quot;,&quot;columns&quot;:4,&quot;columns_tablet&quot;:2,&quot;columns_mobile&quot;:1,&quot;gap&quot;:{&quot;unit&quot;:&quot;px&quot;,&quot;size&quot;:10,&quot;sizes&quot;:[]},&quot;gap_tablet&quot;:{&quot;unit&quot;:&quot;px&quot;,&quot;size&quot;:10,&quot;sizes&quot;:[]},&quot;gap_mobile&quot;:{&quot;unit&quot;:&quot;px&quot;,&quot;size&quot;:10,&quot;sizes&quot;:[]},&quot;link_to&quot;:&quot;file&quot;,&quot;aspect_ratio&quot;:&quot;3:2&quot;,&quot;overlay_background&quot;:&quot;yes&quot;,&quot;content_hover_animation&quot;:&quot;fade-in&quot;}\" data-widget_type=\"gallery.default\">\n\t\t\t\t<div class=\"elementor-widget-container\">\n\t\t\t\t\t\t\t<div class=\"elementor-gallery__container\">\n\t\t\t\t\t\t\t<a class=\"e-gallery-item elementor-gallery-item elementor-animated-content\" href=\"https:\/\/www.tfinternational.eu\/wp-content\/uploads\/2020\/03\/casseri-conci-tfi-austria-rudersdorf-1.jpg\" data-elementor-open-lightbox=\"yes\" data-elementor-lightbox-slideshow=\"446cd85\" data-elementor-lightbox-title=\"Casseri-Conci - TFI-Austria-Rudersdorf-1\" data-e-action-hash=\"#elementor-action%3Aaction%3Dlightbox%26settings%3DeyJpZCI6ODM3LCJ1cmwiOiJodHRwczpcL1wvd3d3LnRmaW50ZXJuYXRpb25hbC5ldVwvd3AtY29udGVudFwvdXBsb2Fkc1wvMjAyMFwvMDNcL2Nhc3NlcmktY29uY2ktdGZpLWF1c3RyaWEtcnVkZXJzZG9yZi0xLmpwZyIsInNsaWRlc2hvdyI6IjQ0NmNkODUifQ%3D%3D\">\n\t\t\t\t\t<div class=\"e-gallery-image elementor-gallery-item__image\" data-thumbnail=\"https:\/\/www.tfinternational.eu\/wp-content\/uploads\/2020\/03\/TFI-Austria-Rudersdorf-1-1-300x225.jpg\" data-width=\"300\" data-height=\"225\" aria-label=\"Tunnel - Formwork - Casseri - Conci- TFI-Austria-Rudersdorf-\" role=\"img\" ><\/div>\n\t\t\t\t\t\t\t\t\t\t\t<div class=\"elementor-gallery-item__overlay\"><\/div>\n\t\t\t\t\t\t\t\t\t\t\t\t\t\t<\/a>\n\t\t\t\t\t\t\t<a class=\"e-gallery-item elementor-gallery-item elementor-animated-content\" href=\"https:\/\/www.tfinternational.eu\/wp-content\/uploads\/2020\/03\/TFI-Austria-Rudersdorf-1-e1596811141313.jpg\" data-elementor-open-lightbox=\"yes\" data-elementor-lightbox-slideshow=\"446cd85\" data-elementor-lightbox-title=\"Tunnel Formwork - TFI-Austria-Rudersdorf\" data-e-action-hash=\"#elementor-action%3Aaction%3Dlightbox%26settings%3DeyJpZCI6ODM1LCJ1cmwiOiJodHRwczpcL1wvd3d3LnRmaW50ZXJuYXRpb25hbC5ldVwvd3AtY29udGVudFwvdXBsb2Fkc1wvMjAyMFwvMDNcL1RGSS1BdXN0cmlhLVJ1ZGVyc2RvcmYtMS1lMTU5NjgxMTE0MTMxMy5qcGciLCJzbGlkZXNob3ciOiI0NDZjZDg1In0%3D\">\n\t\t\t\t\t<div class=\"e-gallery-image elementor-gallery-item__image\" data-thumbnail=\"https:\/\/www.tfinternational.eu\/wp-content\/uploads\/2020\/03\/TFI-Austria-Rudersdorf-1-300x225.jpg\" data-width=\"300\" data-height=\"225\" aria-label=\"Tunnel Formwork - TFI-Austria-Rudersdorf-\" role=\"img\" ><\/div>\n\t\t\t\t\t\t\t\t\t\t\t<div class=\"elementor-gallery-item__overlay\"><\/div>\n\t\t\t\t\t\t\t\t\t\t\t\t\t\t<\/a>\n\t\t\t\t\t\t\t<a class=\"e-gallery-item elementor-gallery-item elementor-animated-content\" href=\"https:\/\/www.tfinternational.eu\/wp-content\/uploads\/2020\/03\/tunnel-formwork-casseri-conci-tfi-austria-rudersdorf.jpg\" data-elementor-open-lightbox=\"yes\" data-elementor-lightbox-slideshow=\"446cd85\" data-elementor-lightbox-title=\"Chi siamo - Gallerie - Casseri - Conci - TFI-Austria-Rudersdorf\" data-e-action-hash=\"#elementor-action%3Aaction%3Dlightbox%26settings%3DeyJpZCI6ODMwLCJ1cmwiOiJodHRwczpcL1wvd3d3LnRmaW50ZXJuYXRpb25hbC5ldVwvd3AtY29udGVudFwvdXBsb2Fkc1wvMjAyMFwvMDNcL3R1bm5lbC1mb3Jtd29yay1jYXNzZXJpLWNvbmNpLXRmaS1hdXN0cmlhLXJ1ZGVyc2RvcmYuanBnIiwic2xpZGVzaG93IjoiNDQ2Y2Q4NSJ9\">\n\t\t\t\t\t<div class=\"e-gallery-image elementor-gallery-item__image\" data-thumbnail=\"https:\/\/www.tfinternational.eu\/wp-content\/uploads\/2020\/03\/tfi-austria-rudersdorf-300x225.jpg\" data-width=\"300\" data-height=\"225\" aria-label=\"Chi siamo - Gallerie - Casseri - Conci- TFI-Austria-Rudersdorf-\" role=\"img\" ><\/div>\n\t\t\t\t\t\t\t\t\t\t\t<div class=\"elementor-gallery-item__overlay\"><\/div>\n\t\t\t\t\t\t\t\t\t\t\t\t\t\t<\/a>\n\t\t\t\t\t\t\t<a class=\"e-gallery-item elementor-gallery-item elementor-animated-content\" href=\"https:\/\/www.tfinternational.eu\/wp-content\/uploads\/2020\/03\/tunnel-formwork-casseri-conci-tfi-rudersdorf-4.jpg\" data-elementor-open-lightbox=\"yes\" data-elementor-lightbox-slideshow=\"446cd85\" data-elementor-lightbox-title=\"Chi siamo - Gallerie - Casseri - Conci -  - TFI-Rudersdorf-4\" data-e-action-hash=\"#elementor-action%3Aaction%3Dlightbox%26settings%3DeyJpZCI6MTAxNywidXJsIjoiaHR0cHM6XC9cL3d3dy50ZmludGVybmF0aW9uYWwuZXVcL3dwLWNvbnRlbnRcL3VwbG9hZHNcLzIwMjBcLzAzXC90dW5uZWwtZm9ybXdvcmstY2Fzc2VyaS1jb25jaS10ZmktcnVkZXJzZG9yZi00LmpwZyIsInNsaWRlc2hvdyI6IjQ0NmNkODUifQ%3D%3D\">\n\t\t\t\t\t<div class=\"e-gallery-image elementor-gallery-item__image\" data-thumbnail=\"https:\/\/www.tfinternational.eu\/wp-content\/uploads\/2020\/03\/tfi-rudersdorf-4-300x225.jpg\" data-width=\"300\" data-height=\"225\" aria-label=\"Chi siamo - Gallerie - Casseri - Conci -TFI-Rudersdorf\" role=\"img\" ><\/div>\n\t\t\t\t\t\t\t\t\t\t\t<div class=\"elementor-gallery-item__overlay\"><\/div>\n\t\t\t\t\t\t\t\t\t\t\t\t\t\t<\/a>\n\t\t\t\t\t\t\t<a class=\"e-gallery-item elementor-gallery-item elementor-animated-content\" href=\"https:\/\/www.tfinternational.eu\/wp-content\/uploads\/2020\/03\/casseri-conci-tfi-rudersdorf-6.jpg\" data-elementor-open-lightbox=\"yes\" data-elementor-lightbox-slideshow=\"446cd85\" data-elementor-lightbox-title=\"TFI-Rudersdorf-6\" data-e-action-hash=\"#elementor-action%3Aaction%3Dlightbox%26settings%3DeyJpZCI6MTAyMSwidXJsIjoiaHR0cHM6XC9cL3d3dy50ZmludGVybmF0aW9uYWwuZXVcL3dwLWNvbnRlbnRcL3VwbG9hZHNcLzIwMjBcLzAzXC9jYXNzZXJpLWNvbmNpLXRmaS1ydWRlcnNkb3JmLTYuanBnIiwic2xpZGVzaG93IjoiNDQ2Y2Q4NSJ9\">\n\t\t\t\t\t<div class=\"e-gallery-image elementor-gallery-item__image\" data-thumbnail=\"https:\/\/www.tfinternational.eu\/wp-content\/uploads\/2020\/03\/tfi-rudersdorf-6-300x225.jpg\" data-width=\"300\" data-height=\"225\" aria-label=\"TFI-Rudersdorf\" role=\"img\" ><\/div>\n\t\t\t\t\t\t\t\t\t\t\t<div class=\"elementor-gallery-item__overlay\"><\/div>\n\t\t\t\t\t\t\t\t\t\t\t\t\t\t<\/a>\n\t\t\t\t\t\t\t<a class=\"e-gallery-item elementor-gallery-item elementor-animated-content\" href=\"https:\/\/www.tfinternational.eu\/wp-content\/uploads\/2020\/04\/casseri-conci-austria-rudersdorf-tunnel-3.jpg\" data-elementor-open-lightbox=\"yes\" data-elementor-lightbox-slideshow=\"446cd85\" data-elementor-lightbox-title=\"AUSTRIA RUDERSDORF TUNNEL (3)\" data-e-action-hash=\"#elementor-action%3Aaction%3Dlightbox%26settings%3DeyJpZCI6MTM0NiwidXJsIjoiaHR0cHM6XC9cL3d3dy50ZmludGVybmF0aW9uYWwuZXVcL3dwLWNvbnRlbnRcL3VwbG9hZHNcLzIwMjBcLzA0XC9jYXNzZXJpLWNvbmNpLWF1c3RyaWEtcnVkZXJzZG9yZi10dW5uZWwtMy5qcGciLCJzbGlkZXNob3ciOiI0NDZjZDg1In0%3D\">\n\t\t\t\t\t<div class=\"e-gallery-image elementor-gallery-item__image\" data-thumbnail=\"https:\/\/www.tfinternational.eu\/wp-content\/uploads\/2020\/04\/austria-rudersdorf-tunnel-3-300x169.jpg\" data-width=\"300\" data-height=\"169\" aria-label=\"AUSTRIA RUDERSDORF TUNNEL\" role=\"img\" ><\/div>\n\t\t\t\t\t\t\t\t\t\t\t<div class=\"elementor-gallery-item__overlay\"><\/div>\n\t\t\t\t\t\t\t\t\t\t\t\t\t\t<\/a>\n\t\t\t\t\t\t\t<a class=\"e-gallery-item elementor-gallery-item elementor-animated-content\" href=\"https:\/\/www.tfinternational.eu\/wp-content\/uploads\/2020\/04\/casseri-conci-austria-rudersdorf-tunnel-4.jpg\" data-elementor-open-lightbox=\"yes\" data-elementor-lightbox-slideshow=\"446cd85\" data-elementor-lightbox-title=\"AUSTRIA RUDERSDORF TUNNEL (4)\" data-e-action-hash=\"#elementor-action%3Aaction%3Dlightbox%26settings%3DeyJpZCI6MTU0MSwidXJsIjoiaHR0cHM6XC9cL3d3dy50ZmludGVybmF0aW9uYWwuZXVcL3dwLWNvbnRlbnRcL3VwbG9hZHNcLzIwMjBcLzA0XC9jYXNzZXJpLWNvbmNpLWF1c3RyaWEtcnVkZXJzZG9yZi10dW5uZWwtNC5qcGciLCJzbGlkZXNob3ciOiI0NDZjZDg1In0%3D\">\n\t\t\t\t\t<div class=\"e-gallery-image elementor-gallery-item__image\" data-thumbnail=\"https:\/\/www.tfinternational.eu\/wp-content\/uploads\/2020\/04\/AUSTRIA-RUDERSDORF-TUNNEL-4-300x225.jpg\" data-width=\"300\" data-height=\"225\" aria-label=\"AUSTRIA RUDERSDORF TUNNEL\" role=\"img\" ><\/div>\n\t\t\t\t\t\t\t\t\t\t\t<div class=\"elementor-gallery-item__overlay\"><\/div>\n\t\t\t\t\t\t\t\t\t\t\t\t\t\t<\/a>\n\t\t\t\t\t\t\t<a class=\"e-gallery-item elementor-gallery-item elementor-animated-content\" href=\"https:\/\/www.tfinternational.eu\/wp-content\/uploads\/2020\/04\/casseri-conci-austria-rudersdorf-tunnel-1.jpg\" data-elementor-open-lightbox=\"yes\" data-elementor-lightbox-slideshow=\"446cd85\" data-elementor-lightbox-title=\"AUSTRIA RUDERSDORF TUNNEL (1)\" data-e-action-hash=\"#elementor-action%3Aaction%3Dlightbox%26settings%3DeyJpZCI6MTU0NCwidXJsIjoiaHR0cHM6XC9cL3d3dy50ZmludGVybmF0aW9uYWwuZXVcL3dwLWNvbnRlbnRcL3VwbG9hZHNcLzIwMjBcLzA0XC9jYXNzZXJpLWNvbmNpLWF1c3RyaWEtcnVkZXJzZG9yZi10dW5uZWwtMS5qcGciLCJzbGlkZXNob3ciOiI0NDZjZDg1In0%3D\">\n\t\t\t\t\t<div class=\"e-gallery-image elementor-gallery-item__image\" data-thumbnail=\"https:\/\/www.tfinternational.eu\/wp-content\/uploads\/2020\/04\/AUSTRIA-RUDERSDORF-TUNNEL-1-scaled-300x225.jpg\" data-width=\"300\" data-height=\"225\" aria-label=\"AUSTRIA RUDERSDORF TUNNEL\" role=\"img\" ><\/div>\n\t\t\t\t\t\t\t\t\t\t\t<div class=\"elementor-gallery-item__overlay\"><\/div>\n\t\t\t\t\t\t\t\t\t\t\t\t\t\t<\/a>\n\t\t\t\t\t<\/div>\n\t\t\t\t\t<\/div>\n\t\t\t\t<\/div>\n\t\t\t\t\t<\/div>\n\t\t<\/div>\n\t\t\t\t\t<\/div>\n\t\t<\/section>\n\t\t\t\t<section class=\"elementor-section elementor-top-section elementor-element elementor-element-2552973 elementor-section-boxed elementor-section-height-default elementor-section-height-default\" data-id=\"2552973\" data-element_type=\"section\" data-e-type=\"section\">\n\t\t\t\t\t\t<div class=\"elementor-container elementor-column-gap-default\">\n\t\t\t\t\t<div class=\"elementor-column elementor-col-100 elementor-top-column elementor-element elementor-element-1d5d6fd\" data-id=\"1d5d6fd\" data-element_type=\"column\" data-e-type=\"column\">\n\t\t\t<div class=\"elementor-widget-wrap elementor-element-populated\">\n\t\t\t\t\t\t<div class=\"elementor-element elementor-element-6baf22a elementor-widget elementor-widget-spacer\" data-id=\"6baf22a\" data-element_type=\"widget\" data-e-type=\"widget\" data-widget_type=\"spacer.default\">\n\t\t\t\t<div class=\"elementor-widget-container\">\n\t\t\t\t\t\t\t<div class=\"elementor-spacer\">\n\t\t\t<div class=\"elementor-spacer-inner\"><\/div>\n\t\t<\/div>\n\t\t\t\t\t\t<\/div>\n\t\t\t\t<\/div>\n\t\t\t\t\t<\/div>\n\t\t<\/div>\n\t\t\t\t\t<\/div>\n\t\t<\/section>\n\t\t\t\t<\/div>\n\t\t","protected":false},"excerpt":{"rendered":"<p>Rudersdorf &#8211; Austria Back to the map PROJECT: AUSTRIA-RUDERSDORF TUNNEL COMPANY:SWIETELSKY TUNNELBAURoad tunnel with the F\u00fcrstenfelder Schnellstra\u00dfe (S7). The nearly three kilometer long tunnel near RudersdorfIn the Riegersdorf &#8211; F\u00fcrstenfeld area, the planned route runs north of the current B 319 through a forest partly in the tunnel as an underground route. The crossing of [&hellip;]<\/p>\n","protected":false},"author":2,"featured_media":0,"parent":0,"menu_order":0,"comment_status":"closed","ping_status":"closed","template":"","meta":{"footnotes":""},"class_list":["post-2179","page","type-page","status-publish","hentry"],"_links":{"self":[{"href":"https:\/\/www.tfinternational.eu\/en\/wp-json\/wp\/v2\/pages\/2179","targetHints":{"allow":["GET"]}}],"collection":[{"href":"https:\/\/www.tfinternational.eu\/en\/wp-json\/wp\/v2\/pages"}],"about":[{"href":"https:\/\/www.tfinternational.eu\/en\/wp-json\/wp\/v2\/types\/page"}],"author":[{"embeddable":true,"href":"https:\/\/www.tfinternational.eu\/en\/wp-json\/wp\/v2\/users\/2"}],"replies":[{"embeddable":true,"href":"https:\/\/www.tfinternational.eu\/en\/wp-json\/wp\/v2\/comments?post=2179"}],"version-history":[{"count":2,"href":"https:\/\/www.tfinternational.eu\/en\/wp-json\/wp\/v2\/pages\/2179\/revisions"}],"predecessor-version":[{"id":7451,"href":"https:\/\/www.tfinternational.eu\/en\/wp-json\/wp\/v2\/pages\/2179\/revisions\/7451"}],"wp:attachment":[{"href":"https:\/\/www.tfinternational.eu\/en\/wp-json\/wp\/v2\/media?parent=2179"}],"curies":[{"name":"wp","href":"https:\/\/api.w.org\/{rel}","templated":true}]}}