{"id":4950,"date":"2021-01-30T15:11:28","date_gmt":"2021-01-30T14:11:28","guid":{"rendered":"https:\/\/www.tfinternational.eu\/emiratos-arabes-unidos-dubai\/"},"modified":"2026-04-03T10:25:31","modified_gmt":"2026-04-03T08:25:31","slug":"emiratos-arabes-unidos-dubai","status":"publish","type":"page","link":"https:\/\/www.tfinternational.eu\/es\/emiratos-arabes-unidos-dubai\/","title":{"rendered":"Emiratos \u00c1rabes Unidos &#8211; Dubai"},"content":{"rendered":"\t\t<div data-elementor-type=\"wp-page\" data-elementor-id=\"4950\" class=\"elementor elementor-4950 elementor-1137\" data-elementor-post-type=\"page\">\n\t\t\t\t\t\t<section class=\"elementor-section elementor-top-section elementor-element elementor-element-cddcbd0 elementor-section-boxed elementor-section-height-default elementor-section-height-default\" data-id=\"cddcbd0\" data-element_type=\"section\" data-e-type=\"section\">\n\t\t\t\t\t\t<div class=\"elementor-container elementor-column-gap-default\">\n\t\t\t\t\t<div class=\"elementor-column elementor-col-100 elementor-top-column elementor-element elementor-element-9611336\" data-id=\"9611336\" data-element_type=\"column\" data-e-type=\"column\">\n\t\t\t<div class=\"elementor-widget-wrap elementor-element-populated\">\n\t\t\t\t\t\t<div class=\"elementor-element elementor-element-2d2b98e elementor-widget elementor-widget-heading\" data-id=\"2d2b98e\" data-element_type=\"widget\" data-e-type=\"widget\" data-widget_type=\"heading.default\">\n\t\t\t\t<div class=\"elementor-widget-container\">\n\t\t\t\t\t<h1 class=\"elementor-heading-title elementor-size-default\">Dubai - Emiratos \u00c1rabes Unidos<\/h1>\t\t\t\t<\/div>\n\t\t\t\t<\/div>\n\t\t\t\t\t<\/div>\n\t\t<\/div>\n\t\t\t\t\t<\/div>\n\t\t<\/section>\n\t\t\t\t<section class=\"elementor-section elementor-top-section elementor-element elementor-element-9479e54 elementor-section-full_width elementor-section-height-min-height elementor-section-height-default elementor-section-items-middle\" data-id=\"9479e54\" data-element_type=\"section\" data-e-type=\"section\" data-settings=\"{&quot;background_background&quot;:&quot;slideshow&quot;,&quot;background_slideshow_gallery&quot;:[{&quot;id&quot;:4954,&quot;url&quot;:&quot;https:\\\/\\\/www.tfinternational.eu\\\/wp-content\\\/uploads\\\/2020\\\/12\\\/lucy-m-_HPlEmsKgP0-unsplash-scaled-e1608297982754.jpg&quot;}],&quot;background_slideshow_slide_duration&quot;:5000,&quot;background_slideshow_slide_transition&quot;:&quot;fade&quot;,&quot;background_slideshow_transition_duration&quot;:500}\">\n\t\t\t\t\t\t<div class=\"elementor-container elementor-column-gap-default\">\n\t\t\t\t\t<div class=\"elementor-column elementor-col-100 elementor-top-column elementor-element elementor-element-070ca9a\" data-id=\"070ca9a\" data-element_type=\"column\" data-e-type=\"column\">\n\t\t\t<div class=\"elementor-widget-wrap\">\n\t\t\t\t\t\t\t<\/div>\n\t\t<\/div>\n\t\t\t\t\t<\/div>\n\t\t<\/section>\n\t\t\t\t<section class=\"elementor-section elementor-top-section elementor-element elementor-element-945b1c0 elementor-section-boxed elementor-section-height-default elementor-section-height-default\" data-id=\"945b1c0\" data-element_type=\"section\" data-e-type=\"section\">\n\t\t\t\t\t\t<div class=\"elementor-container elementor-column-gap-default\">\n\t\t\t\t\t<div class=\"elementor-column elementor-col-100 elementor-top-column elementor-element elementor-element-474798a\" data-id=\"474798a\" data-element_type=\"column\" data-e-type=\"column\">\n\t\t\t<div class=\"elementor-widget-wrap elementor-element-populated\">\n\t\t\t\t\t\t<div class=\"elementor-element elementor-element-23aff1e elementor-widget elementor-widget-heading\" data-id=\"23aff1e\" data-element_type=\"widget\" data-e-type=\"widget\" data-widget_type=\"heading.default\">\n\t\t\t\t<div class=\"elementor-widget-container\">\n\t\t\t\t\t<h2 class=\"elementor-heading-title elementor-size-medium\"><a href=\"https:\/\/www.besix.com\/en\/projects\/deep-tunnel-storm-water-system\" rel=\"nofollow noopener\" target=\"_blank\">EMIRATOS \u00c1RABES - DUBAI PROYECTO: DS2 233\/2 - SISTEMA DE AGUAS PLUVIALES DEL T\u00daNEL PROFUNDO<\/a><\/h2>\t\t\t\t<\/div>\n\t\t\t\t<\/div>\n\t\t\t\t\t<\/div>\n\t\t<\/div>\n\t\t\t\t\t<\/div>\n\t\t<\/section>\n\t\t\t\t<section class=\"elementor-section elementor-top-section elementor-element elementor-element-47998a9 elementor-section-boxed elementor-section-height-default elementor-section-height-default\" data-id=\"47998a9\" data-element_type=\"section\" data-e-type=\"section\">\n\t\t\t\t\t\t<div class=\"elementor-container elementor-column-gap-default\">\n\t\t\t\t\t<div class=\"elementor-column elementor-col-100 elementor-top-column elementor-element elementor-element-ce6eded\" data-id=\"ce6eded\" data-element_type=\"column\" data-e-type=\"column\">\n\t\t\t<div class=\"elementor-widget-wrap elementor-element-populated\">\n\t\t\t\t\t\t<div class=\"elementor-element elementor-element-c4392f6 elementor-widget elementor-widget-text-editor\" data-id=\"c4392f6\" data-element_type=\"widget\" data-e-type=\"widget\" data-widget_type=\"text-editor.default\">\n\t\t\t\t<div class=\"elementor-widget-container\">\n\t\t\t\t\t\t\t\t\t<p>Foto de <a href=\"https:\/\/unsplash.com\/@lucym122?utm_source=unsplash&amp;utm_medium=referral&amp;utm_content=creditCopyText\" rel=\"nofollow noopener\" target=\"_blank\">Lucy M<\/a> en <a href=\"https:\/\/unsplash.com\/s\/photos\/dubai?utm_source=unsplash&amp;utm_medium=referral&amp;utm_content=creditCopyText\" rel=\"nofollow noopener\" target=\"_blank\">Unsplash<\/a><\/p>\t\t\t\t\t\t\t\t<\/div>\n\t\t\t\t<\/div>\n\t\t\t\t<div class=\"elementor-element elementor-element-3cee756 elementor-widget elementor-widget-text-editor\" data-id=\"3cee756\" data-element_type=\"widget\" data-e-type=\"widget\" data-widget_type=\"text-editor.default\">\n\t\t\t\t<div class=\"elementor-widget-container\">\n\t\t\t\t\t\t\t\t\t<p style=\"text-align: justify;\"><strong style=\"color: var( --e-global-color-text ); font-family: var( --e-global-typography-text-font-family ), Sans-serif; font-size: 1rem;\">CLIENTE:PORR-SIX CONSTRUCT JV  <\/strong><\/p><p style=\"text-align: justify;\">El objetivo del proyecto es recoger y transportar las aguas subterr\u00e1neas y la escorrent\u00eda pluvial de la zona de Dubai World Central (aproximadamente 135 km2) y las comunidades adyacentes (aproximadamente 245 km2) para verterlas en el Golfo. El sistema de drenaje del t\u00fanel debe ser lo bastante robusto como para hacer frente al aumento de la urbanizaci\u00f3n, las fuertes lluvias y el elevado nivel de las aguas subterr\u00e1neas. Este revolucionario t\u00fanel se ocupar\u00e1 tanto de las aguas pluviales como de las subterr\u00e1neas y drenar\u00e1 casi el 40% de toda la zona urbana de Dubai e incluir\u00e1 el proyecto emblem\u00e1tico Dubai Sur, con el Aeropuerto Internacional Al Maktoum, el recinto de la Expo Mundial y muchos otros desarrollos emergentes.  <\/p><p><a href=\"https:\/\/www.tfinternational.eu\/es\/quienes-somos\/\">TFI &#8211; Tunnels &amp; Formworks<\/a> International contribuy\u00f3 en el dise\u00f1o y ejecuci\u00f3n de las obras  <\/p>\t\t\t\t\t\t\t\t<\/div>\n\t\t\t\t<\/div>\n\t\t\t\t\t<\/div>\n\t\t<\/div>\n\t\t\t\t\t<\/div>\n\t\t<\/section>\n\t\t\t\t<section class=\"elementor-section elementor-top-section elementor-element elementor-element-ac73ba5 elementor-section-boxed elementor-section-height-default elementor-section-height-default\" data-id=\"ac73ba5\" data-element_type=\"section\" data-e-type=\"section\">\n\t\t\t\t\t\t<div class=\"elementor-container elementor-column-gap-default\">\n\t\t\t\t\t<div class=\"elementor-column elementor-col-100 elementor-top-column elementor-element elementor-element-b793503\" data-id=\"b793503\" data-element_type=\"column\" data-e-type=\"column\">\n\t\t\t<div class=\"elementor-widget-wrap elementor-element-populated\">\n\t\t\t\t\t\t<div class=\"elementor-element elementor-element-1f2f8a0 elementor-widget elementor-widget-spacer\" data-id=\"1f2f8a0\" data-element_type=\"widget\" data-e-type=\"widget\" data-widget_type=\"spacer.default\">\n\t\t\t\t<div class=\"elementor-widget-container\">\n\t\t\t\t\t\t\t<div class=\"elementor-spacer\">\n\t\t\t<div class=\"elementor-spacer-inner\"><\/div>\n\t\t<\/div>\n\t\t\t\t\t\t<\/div>\n\t\t\t\t<\/div>\n\t\t\t\t\t<\/div>\n\t\t<\/div>\n\t\t\t\t\t<\/div>\n\t\t<\/section>\n\t\t\t\t<\/div>\n\t\t","protected":false},"excerpt":{"rendered":"<p>Dubai &#8211; Emiratos \u00c1rabes Unidos EMIRATOS \u00c1RABES &#8211; DUBAI PROYECTO: DS2 233\/2 &#8211; SISTEMA DE AGUAS PLUVIALES DEL T\u00daNEL PROFUNDO Foto de Lucy M en Unsplash CLIENTE:PORR-SIX CONSTRUCT JV El objetivo del proyecto es recoger y transportar las aguas subterr\u00e1neas y la escorrent\u00eda pluvial de la zona de Dubai World Central (aproximadamente 135 km2) y [&hellip;]<\/p>\n","protected":false},"author":2,"featured_media":0,"parent":0,"menu_order":0,"comment_status":"closed","ping_status":"closed","template":"","meta":{"footnotes":""},"class_list":["post-4950","page","type-page","status-publish","hentry"],"_links":{"self":[{"href":"https:\/\/www.tfinternational.eu\/es\/wp-json\/wp\/v2\/pages\/4950","targetHints":{"allow":["GET"]}}],"collection":[{"href":"https:\/\/www.tfinternational.eu\/es\/wp-json\/wp\/v2\/pages"}],"about":[{"href":"https:\/\/www.tfinternational.eu\/es\/wp-json\/wp\/v2\/types\/page"}],"author":[{"embeddable":true,"href":"https:\/\/www.tfinternational.eu\/es\/wp-json\/wp\/v2\/users\/2"}],"replies":[{"embeddable":true,"href":"https:\/\/www.tfinternational.eu\/es\/wp-json\/wp\/v2\/comments?post=4950"}],"version-history":[{"count":6,"href":"https:\/\/www.tfinternational.eu\/es\/wp-json\/wp\/v2\/pages\/4950\/revisions"}],"predecessor-version":[{"id":7748,"href":"https:\/\/www.tfinternational.eu\/es\/wp-json\/wp\/v2\/pages\/4950\/revisions\/7748"}],"wp:attachment":[{"href":"https:\/\/www.tfinternational.eu\/es\/wp-json\/wp\/v2\/media?parent=4950"}],"curies":[{"name":"wp","href":"https:\/\/api.w.org\/{rel}","templated":true}]}}