{"id":4958,"date":"2021-01-30T17:06:43","date_gmt":"2021-01-30T16:06:43","guid":{"rendered":"https:\/\/www.tfinternational.eu\/francia-gavet\/"},"modified":"2021-02-09T12:22:25","modified_gmt":"2021-02-09T11:22:25","slug":"francia-gavet","status":"publish","type":"page","link":"https:\/\/www.tfinternational.eu\/es\/francia-gavet\/","title":{"rendered":"Francia &#8211; Gavet"},"content":{"rendered":"\t\t<div data-elementor-type=\"wp-page\" data-elementor-id=\"4958\" class=\"elementor elementor-4958 elementor-568\" data-elementor-post-type=\"page\">\n\t\t\t\t\t\t<section class=\"elementor-section elementor-top-section elementor-element elementor-element-cddcbd0 elementor-section-boxed elementor-section-height-default elementor-section-height-default\" data-id=\"cddcbd0\" data-element_type=\"section\" data-e-type=\"section\">\n\t\t\t\t\t\t<div class=\"elementor-container elementor-column-gap-default\">\n\t\t\t\t\t<div class=\"elementor-column elementor-col-100 elementor-top-column elementor-element elementor-element-9611336\" data-id=\"9611336\" data-element_type=\"column\" data-e-type=\"column\">\n\t\t\t<div class=\"elementor-widget-wrap elementor-element-populated\">\n\t\t\t\t\t\t<div class=\"elementor-element elementor-element-2d2b98e elementor-widget elementor-widget-heading\" data-id=\"2d2b98e\" data-element_type=\"widget\" data-e-type=\"widget\" data-widget_type=\"heading.default\">\n\t\t\t\t<div class=\"elementor-widget-container\">\n\t\t\t\t\t<h1 class=\"elementor-heading-title elementor-size-default\">Gavet - Francia<\/h1>\t\t\t\t<\/div>\n\t\t\t\t<\/div>\n\t\t\t\t\t<\/div>\n\t\t<\/div>\n\t\t\t\t\t<\/div>\n\t\t<\/section>\n\t\t\t\t<section class=\"elementor-section elementor-top-section elementor-element elementor-element-6df4be2 elementor-section-height-min-height elementor-section-boxed elementor-section-height-default elementor-section-items-middle\" data-id=\"6df4be2\" data-element_type=\"section\" data-e-type=\"section\" data-settings=\"{&quot;background_background&quot;:&quot;slideshow&quot;,&quot;background_slideshow_gallery&quot;:[{&quot;id&quot;:848,&quot;url&quot;:&quot;https:\\\/\\\/www.tfinternational.eu\\\/wp-content\\\/uploads\\\/2020\\\/03\\\/TFI-Gavet-4-scaled.jpg&quot;},{&quot;id&quot;:1387,&quot;url&quot;:&quot;https:\\\/\\\/www.tfinternational.eu\\\/wp-content\\\/uploads\\\/2020\\\/04\\\/FRANCIA-GAVET-4-scaled.jpg&quot;},{&quot;id&quot;:844,&quot;url&quot;:&quot;https:\\\/\\\/www.tfinternational.eu\\\/wp-content\\\/uploads\\\/2020\\\/03\\\/TFI-Gavet-2-scaled.jpg&quot;},{&quot;id&quot;:842,&quot;url&quot;:&quot;https:\\\/\\\/www.tfinternational.eu\\\/wp-content\\\/uploads\\\/2020\\\/03\\\/TFI-Gavet-1-scaled.jpg&quot;}],&quot;background_slideshow_loop&quot;:&quot;yes&quot;,&quot;background_slideshow_slide_duration&quot;:5000,&quot;background_slideshow_slide_transition&quot;:&quot;fade&quot;,&quot;background_slideshow_transition_duration&quot;:500}\">\n\t\t\t\t\t\t<div class=\"elementor-container elementor-column-gap-default\">\n\t\t\t\t\t<div class=\"elementor-column elementor-col-100 elementor-top-column elementor-element elementor-element-2194e12\" data-id=\"2194e12\" data-element_type=\"column\" data-e-type=\"column\">\n\t\t\t<div class=\"elementor-widget-wrap elementor-element-populated\">\n\t\t\t\t\t\t<div class=\"elementor-element elementor-element-604eae9 elementor-align-right elementor-widget elementor-widget-button\" data-id=\"604eae9\" data-element_type=\"widget\" data-e-type=\"widget\" data-settings=\"{&quot;motion_fx_motion_fx_scrolling&quot;:&quot;yes&quot;,&quot;motion_fx_translateY_effect&quot;:&quot;yes&quot;,&quot;motion_fx_translateY_direction&quot;:&quot;negative&quot;,&quot;motion_fx_translateY_speed&quot;:{&quot;unit&quot;:&quot;px&quot;,&quot;size&quot;:10,&quot;sizes&quot;:[]},&quot;motion_fx_devices&quot;:[&quot;desktop&quot;,&quot;tablet&quot;],&quot;sticky&quot;:&quot;top&quot;,&quot;sticky_on&quot;:[&quot;desktop&quot;,&quot;tablet&quot;],&quot;motion_fx_translateY_affectedRange&quot;:{&quot;unit&quot;:&quot;%&quot;,&quot;size&quot;:&quot;&quot;,&quot;sizes&quot;:{&quot;start&quot;:0,&quot;end&quot;:100}},&quot;sticky_offset&quot;:0,&quot;sticky_effects_offset&quot;:0,&quot;sticky_anchor_link_offset&quot;:0}\" data-widget_type=\"button.default\">\n\t\t\t\t<div class=\"elementor-widget-container\">\n\t\t\t\t\t\t\t\t\t<div class=\"elementor-button-wrapper\">\n\t\t\t\t\t<a class=\"elementor-button elementor-button-link elementor-size-xs\" href=\"https:\/\/www.tfinternational.eu\/es\/proyectos-2\/\">\n\t\t\t\t\t\t<span class=\"elementor-button-content-wrapper\">\n\t\t\t\t\t\t\t\t\t<span class=\"elementor-button-text\">Volver al mapa<\/span>\n\t\t\t\t\t<\/span>\n\t\t\t\t\t<\/a>\n\t\t\t\t<\/div>\n\t\t\t\t\t\t\t\t<\/div>\n\t\t\t\t<\/div>\n\t\t\t\t\t<\/div>\n\t\t<\/div>\n\t\t\t\t\t<\/div>\n\t\t<\/section>\n\t\t\t\t<section class=\"elementor-section elementor-top-section elementor-element elementor-element-48d7a82 elementor-section-boxed elementor-section-height-default elementor-section-height-default\" data-id=\"48d7a82\" data-element_type=\"section\" data-e-type=\"section\">\n\t\t\t\t\t\t<div class=\"elementor-container elementor-column-gap-default\">\n\t\t\t\t\t<div class=\"elementor-column elementor-col-100 elementor-top-column elementor-element elementor-element-24f4def\" data-id=\"24f4def\" data-element_type=\"column\" data-e-type=\"column\">\n\t\t\t<div class=\"elementor-widget-wrap elementor-element-populated\">\n\t\t\t\t\t\t<div class=\"elementor-element elementor-element-70450a3 elementor-widget elementor-widget-heading\" data-id=\"70450a3\" data-element_type=\"widget\" data-e-type=\"widget\" data-widget_type=\"heading.default\">\n\t\t\t\t<div class=\"elementor-widget-container\">\n\t\t\t\t\t<h2 class=\"elementor-heading-title elementor-size-medium\"><a href=\"https:\/\/www.wikidata.org\/wiki\/Q30740209\" rel=\"nofollow noopener\" target=\"_blank\">FRANCIA - PROYECTO: AMENEGEMENT HYDROELECTRIQUE DE ROMANCHE - GAVET<\/a><\/h2>\t\t\t\t<\/div>\n\t\t\t\t<\/div>\n\t\t\t\t\t<\/div>\n\t\t<\/div>\n\t\t\t\t\t<\/div>\n\t\t<\/section>\n\t\t\t\t<section class=\"elementor-section elementor-top-section elementor-element elementor-element-07ff456 elementor-section-boxed elementor-section-height-default elementor-section-height-default\" data-id=\"07ff456\" data-element_type=\"section\" data-e-type=\"section\">\n\t\t\t\t\t\t<div class=\"elementor-container elementor-column-gap-default\">\n\t\t\t\t\t<div class=\"elementor-column elementor-col-100 elementor-top-column elementor-element elementor-element-09e8224\" data-id=\"09e8224\" data-element_type=\"column\" data-e-type=\"column\">\n\t\t\t<div class=\"elementor-widget-wrap elementor-element-populated\">\n\t\t\t\t\t\t<div class=\"elementor-element elementor-element-04fede1 elementor-widget elementor-widget-text-editor\" data-id=\"04fede1\" data-element_type=\"widget\" data-e-type=\"widget\" data-widget_type=\"text-editor.default\">\n\t\t\t\t<div class=\"elementor-widget-container\">\n\t\t\t\t\t\t\t\t\t<p style=\"text-align: justify;\"><strong>CLIENTE: DODIN CAMPENON BERNARD &#8211; SPIE BATIGNOLLES<\/strong><\/p>\n<p style=\"text-align: justify;\"><strong>Chute de Gavet<\/strong>, este t\u00fanel de 10 km, excavado en 30 meses, fue construido para llevar agua desde Romanche a la nueva central hidroel\u00e9ctrica subterr\u00e1nea construida para EDF.<\/p>\n<p style=\"text-align: justify;\">El 9 de octubre de 2020, tras diez a\u00f1os de construcci\u00f3n, se puso en servicio la nueva central hidroel\u00e9ctrica Romanche-Gavet *, el mayor proyecto hidroel\u00e9ctrico de Francia. La instalaci\u00f3n fue inaugurada por Jean-Bernard L\u00e9vy, presidente y director ejecutivo del grupo EDF. Al acto asisti\u00f3 Jo\u00ebl Giraud, subsecretario de Estado encargado de desarrollo rural que reporta al ministro de Cohesi\u00f3n Regional y Relaciones con las Autoridades Regionales, as\u00ed como representantes electos y delegados de los poderes p\u00fablicos locales y regionales.<\/p>\n<p style=\"text-align: justify;\">Con una capacidad de 97 megavatios, la nueva central hidroel\u00e9ctrica Romanche-Gavet puede incrementar la producci\u00f3n de energ\u00eda en un 40% en el mismo tramo del r\u00edo (La Romanche). Esta estructura ilustra el compromiso con el desarrollo de la hidroelectricidad, la mayor fuente de energ\u00eda renovable en Francia y Europa. Su producci\u00f3n ser\u00e1 igual a la cantidad de energ\u00eda consumida cada a\u00f1o por las ciudades de Grenoble y Chamb\u00e9ry (230.000 habitantes), utilizando una fuente de energ\u00eda renovable y descarbonizada.<\/p>\n<p style=\"text-align: justify;\">La central hidroel\u00e9ctrica, que consta de una nueva presa y una nueva planta enterrada en lo profundo de la monta\u00f1a, reemplaza 6 plantas viejas y 5 presas antiguas. Integrada perfectamente en el paisaje del Val Romanche, la estructura protege el medio ambiente y preserva la biodiversidad. La naturaleza fue restaurada a lo largo de las orillas de la presa mediante la replantaci\u00f3n de especies recolectadas en un radio de 25 kil\u00f3metros para evitar la proliferaci\u00f3n de plantas invasoras. (fuente EDF)<\/p>\n<p style=\"text-align: justify;\"><strong>TFI &#8211; Tunnels &amp; Formworks International<\/strong> contribuy\u00f3 en el dise\u00f1o e implementaci\u00f3n de las obras<\/p>\n\t\t\t\t\t\t\t\t<\/div>\n\t\t\t\t<\/div>\n\t\t\t\t\t<\/div>\n\t\t<\/div>\n\t\t\t\t\t<\/div>\n\t\t<\/section>\n\t\t\t\t<section class=\"elementor-section elementor-top-section elementor-element elementor-element-78d53c8 elementor-section-boxed elementor-section-height-default elementor-section-height-default\" data-id=\"78d53c8\" data-element_type=\"section\" data-e-type=\"section\">\n\t\t\t\t\t\t<div class=\"elementor-container elementor-column-gap-default\">\n\t\t\t\t\t<div class=\"elementor-column elementor-col-100 elementor-top-column elementor-element elementor-element-d198e56\" data-id=\"d198e56\" data-element_type=\"column\" data-e-type=\"column\">\n\t\t\t<div class=\"elementor-widget-wrap elementor-element-populated\">\n\t\t\t\t\t\t<div class=\"elementor-element elementor-element-3d5ae72 elementor-widget elementor-widget-gallery\" data-id=\"3d5ae72\" data-element_type=\"widget\" data-e-type=\"widget\" data-settings=\"{&quot;lazyload&quot;:&quot;yes&quot;,&quot;gallery_layout&quot;:&quot;grid&quot;,&quot;columns&quot;:4,&quot;columns_tablet&quot;:2,&quot;columns_mobile&quot;:1,&quot;gap&quot;:{&quot;unit&quot;:&quot;px&quot;,&quot;size&quot;:10,&quot;sizes&quot;:[]},&quot;gap_tablet&quot;:{&quot;unit&quot;:&quot;px&quot;,&quot;size&quot;:10,&quot;sizes&quot;:[]},&quot;gap_mobile&quot;:{&quot;unit&quot;:&quot;px&quot;,&quot;size&quot;:10,&quot;sizes&quot;:[]},&quot;link_to&quot;:&quot;file&quot;,&quot;aspect_ratio&quot;:&quot;3:2&quot;,&quot;overlay_background&quot;:&quot;yes&quot;,&quot;content_hover_animation&quot;:&quot;fade-in&quot;}\" data-widget_type=\"gallery.default\">\n\t\t\t\t<div class=\"elementor-widget-container\">\n\t\t\t\t\t\t\t<div class=\"elementor-gallery__container\">\n\t\t\t\t\t\t\t<a class=\"e-gallery-item elementor-gallery-item elementor-animated-content\" href=\"https:\/\/www.tfinternational.eu\/wp-content\/uploads\/2020\/04\/casseri-conci-francia-gavet-4.jpg\" data-elementor-open-lightbox=\"yes\" data-elementor-lightbox-slideshow=\"3d5ae72\" data-elementor-lightbox-title=\"Casseri-Conci - FRANCIA GAVET (4)\" data-e-action-hash=\"#elementor-action%3Aaction%3Dlightbox%26settings%3DeyJpZCI6MTM4NywidXJsIjoiaHR0cHM6XC9cL3d3dy50ZmludGVybmF0aW9uYWwuZXVcL3dwLWNvbnRlbnRcL3VwbG9hZHNcLzIwMjBcLzA0XC9jYXNzZXJpLWNvbmNpLWZyYW5jaWEtZ2F2ZXQtNC5qcGciLCJzbGlkZXNob3ciOiIzZDVhZTcyIn0%3D\">\n\t\t\t\t\t<div class=\"e-gallery-image elementor-gallery-item__image\" data-thumbnail=\"https:\/\/www.tfinternational.eu\/wp-content\/uploads\/2020\/04\/FRANCIA-GAVET-4-scaled-300x169.jpg\" data-width=\"300\" data-height=\"169\" aria-label=\"Casseri-Conci - FRANCIA GAVET\" role=\"img\" ><\/div>\n\t\t\t\t\t\t\t\t\t\t\t<div class=\"elementor-gallery-item__overlay\"><\/div>\n\t\t\t\t\t\t\t\t\t\t\t\t\t\t<\/a>\n\t\t\t\t\t\t\t<a class=\"e-gallery-item elementor-gallery-item elementor-animated-content\" href=\"https:\/\/www.tfinternational.eu\/wp-content\/uploads\/2020\/03\/casseri-conci-tfi-gavet-4.jpg\" data-elementor-open-lightbox=\"yes\" data-elementor-lightbox-slideshow=\"3d5ae72\" data-elementor-lightbox-title=\"Casseri-Conci  - TFI-Gavet-4\" data-e-action-hash=\"#elementor-action%3Aaction%3Dlightbox%26settings%3DeyJpZCI6ODQ4LCJ1cmwiOiJodHRwczpcL1wvd3d3LnRmaW50ZXJuYXRpb25hbC5ldVwvd3AtY29udGVudFwvdXBsb2Fkc1wvMjAyMFwvMDNcL2Nhc3NlcmktY29uY2ktdGZpLWdhdmV0LTQuanBnIiwic2xpZGVzaG93IjoiM2Q1YWU3MiJ9\">\n\t\t\t\t\t<div class=\"e-gallery-image elementor-gallery-item__image\" data-thumbnail=\"https:\/\/www.tfinternational.eu\/wp-content\/uploads\/2020\/03\/TFI-Gavet-4-scaled-300x225.jpg\" data-width=\"300\" data-height=\"225\" aria-label=\"Casseri-Conci - TFI-Gavet-4\" role=\"img\" ><\/div>\n\t\t\t\t\t\t\t\t\t\t\t<div class=\"elementor-gallery-item__overlay\"><\/div>\n\t\t\t\t\t\t\t\t\t\t\t\t\t\t<\/a>\n\t\t\t\t\t\t\t<a class=\"e-gallery-item elementor-gallery-item elementor-animated-content\" href=\"https:\/\/www.tfinternational.eu\/wp-content\/uploads\/2020\/03\/casseri-conci-tfi-gavet-3.jpg\" data-elementor-open-lightbox=\"yes\" data-elementor-lightbox-slideshow=\"3d5ae72\" data-elementor-lightbox-title=\"Casseri-Conci  - TFI-Gavet-3\" data-e-action-hash=\"#elementor-action%3Aaction%3Dlightbox%26settings%3DeyJpZCI6ODQ2LCJ1cmwiOiJodHRwczpcL1wvd3d3LnRmaW50ZXJuYXRpb25hbC5ldVwvd3AtY29udGVudFwvdXBsb2Fkc1wvMjAyMFwvMDNcL2Nhc3NlcmktY29uY2ktdGZpLWdhdmV0LTMuanBnIiwic2xpZGVzaG93IjoiM2Q1YWU3MiJ9\">\n\t\t\t\t\t<div class=\"e-gallery-image elementor-gallery-item__image\" data-thumbnail=\"https:\/\/www.tfinternational.eu\/wp-content\/uploads\/2020\/03\/TFI-Gavet-3-scaled-300x225.jpg\" data-width=\"300\" data-height=\"225\" aria-label=\"Casseri-Conci - TFI-Gavet-4\" role=\"img\" ><\/div>\n\t\t\t\t\t\t\t\t\t\t\t<div class=\"elementor-gallery-item__overlay\"><\/div>\n\t\t\t\t\t\t\t\t\t\t\t\t\t\t<\/a>\n\t\t\t\t\t\t\t<a class=\"e-gallery-item elementor-gallery-item elementor-animated-content\" href=\"https:\/\/www.tfinternational.eu\/wp-content\/uploads\/2020\/03\/casseri-conci-tfi-gavet-1.jpg\" data-elementor-open-lightbox=\"yes\" data-elementor-lightbox-slideshow=\"3d5ae72\" data-elementor-lightbox-title=\"Casseri-Conci - TFI-Gavet-1\" data-e-action-hash=\"#elementor-action%3Aaction%3Dlightbox%26settings%3DeyJpZCI6ODQyLCJ1cmwiOiJodHRwczpcL1wvd3d3LnRmaW50ZXJuYXRpb25hbC5ldVwvd3AtY29udGVudFwvdXBsb2Fkc1wvMjAyMFwvMDNcL2Nhc3NlcmktY29uY2ktdGZpLWdhdmV0LTEuanBnIiwic2xpZGVzaG93IjoiM2Q1YWU3MiJ9\">\n\t\t\t\t\t<div class=\"e-gallery-image elementor-gallery-item__image\" data-thumbnail=\"https:\/\/www.tfinternational.eu\/wp-content\/uploads\/2020\/03\/TFI-Gavet-1-scaled-300x225.jpg\" data-width=\"300\" data-height=\"225\" aria-label=\"Casseri-Conci - TFI-Gavet-4\" role=\"img\" ><\/div>\n\t\t\t\t\t\t\t\t\t\t\t<div class=\"elementor-gallery-item__overlay\"><\/div>\n\t\t\t\t\t\t\t\t\t\t\t\t\t\t<\/a>\n\t\t\t\t\t\t\t<a class=\"e-gallery-item elementor-gallery-item elementor-animated-content\" href=\"https:\/\/www.tfinternational.eu\/wp-content\/uploads\/2020\/03\/casseri-conci-tfi-gavet-2.jpg\" data-elementor-open-lightbox=\"yes\" data-elementor-lightbox-slideshow=\"3d5ae72\" data-elementor-lightbox-title=\"Casseri-Conci  - TFI-Gavet-2\" data-e-action-hash=\"#elementor-action%3Aaction%3Dlightbox%26settings%3DeyJpZCI6ODQ0LCJ1cmwiOiJodHRwczpcL1wvd3d3LnRmaW50ZXJuYXRpb25hbC5ldVwvd3AtY29udGVudFwvdXBsb2Fkc1wvMjAyMFwvMDNcL2Nhc3NlcmktY29uY2ktdGZpLWdhdmV0LTIuanBnIiwic2xpZGVzaG93IjoiM2Q1YWU3MiJ9\">\n\t\t\t\t\t<div class=\"e-gallery-image elementor-gallery-item__image\" data-thumbnail=\"https:\/\/www.tfinternational.eu\/wp-content\/uploads\/2020\/03\/TFI-Gavet-2-scaled-300x225.jpg\" data-width=\"300\" data-height=\"225\" aria-label=\"Casseri-Conci - TFI-Gavet-4\" role=\"img\" ><\/div>\n\t\t\t\t\t\t\t\t\t\t\t<div class=\"elementor-gallery-item__overlay\"><\/div>\n\t\t\t\t\t\t\t\t\t\t\t\t\t\t<\/a>\n\t\t\t\t\t\t\t<a class=\"e-gallery-item elementor-gallery-item elementor-animated-content\" href=\"https:\/\/www.tfinternational.eu\/wp-content\/uploads\/2020\/03\/casseri-conci-tfi-cute-gavet-1.jpg\" data-elementor-open-lightbox=\"yes\" data-elementor-lightbox-slideshow=\"3d5ae72\" data-elementor-lightbox-title=\"Casseri-Conci  - TFI-Cute-Gavet-1\" data-e-action-hash=\"#elementor-action%3Aaction%3Dlightbox%26settings%3DeyJpZCI6MTAyNSwidXJsIjoiaHR0cHM6XC9cL3d3dy50ZmludGVybmF0aW9uYWwuZXVcL3dwLWNvbnRlbnRcL3VwbG9hZHNcLzIwMjBcLzAzXC9jYXNzZXJpLWNvbmNpLXRmaS1jdXRlLWdhdmV0LTEuanBnIiwic2xpZGVzaG93IjoiM2Q1YWU3MiJ9\">\n\t\t\t\t\t<div class=\"e-gallery-image elementor-gallery-item__image\" data-thumbnail=\"https:\/\/www.tfinternational.eu\/wp-content\/uploads\/2020\/03\/TFI-Cute-Gavet-1-scaled-300x225.jpg\" data-width=\"300\" data-height=\"225\" aria-label=\"Casseri-Conci - TFI-Cute-Gavet\" role=\"img\" ><\/div>\n\t\t\t\t\t\t\t\t\t\t\t<div class=\"elementor-gallery-item__overlay\"><\/div>\n\t\t\t\t\t\t\t\t\t\t\t\t\t\t<\/a>\n\t\t\t\t\t\t\t<a class=\"e-gallery-item elementor-gallery-item elementor-animated-content\" href=\"https:\/\/www.tfinternational.eu\/wp-content\/uploads\/2020\/03\/casseri-conci-tfi-cute-gavet-3.jpg\" data-elementor-open-lightbox=\"yes\" data-elementor-lightbox-slideshow=\"3d5ae72\" data-elementor-lightbox-title=\"Casseri-Conci  - TFI-Cute-Gavet-3\" data-e-action-hash=\"#elementor-action%3Aaction%3Dlightbox%26settings%3DeyJpZCI6MTAyOSwidXJsIjoiaHR0cHM6XC9cL3d3dy50ZmludGVybmF0aW9uYWwuZXVcL3dwLWNvbnRlbnRcL3VwbG9hZHNcLzIwMjBcLzAzXC9jYXNzZXJpLWNvbmNpLXRmaS1jdXRlLWdhdmV0LTMuanBnIiwic2xpZGVzaG93IjoiM2Q1YWU3MiJ9\">\n\t\t\t\t\t<div class=\"e-gallery-image elementor-gallery-item__image\" data-thumbnail=\"https:\/\/www.tfinternational.eu\/wp-content\/uploads\/2020\/03\/TFI-Cute-Gavet-3-scaled-300x225.jpg\" data-width=\"300\" data-height=\"225\" aria-label=\"Casseri-Conci - TFI-Cute-Gavet\" role=\"img\" ><\/div>\n\t\t\t\t\t\t\t\t\t\t\t<div class=\"elementor-gallery-item__overlay\"><\/div>\n\t\t\t\t\t\t\t\t\t\t\t\t\t\t<\/a>\n\t\t\t\t\t\t\t<a class=\"e-gallery-item elementor-gallery-item elementor-animated-content\" href=\"https:\/\/www.tfinternational.eu\/wp-content\/uploads\/2020\/04\/casseri-conci-francia-gavet-1.jpg\" data-elementor-open-lightbox=\"yes\" data-elementor-lightbox-slideshow=\"3d5ae72\" data-elementor-lightbox-title=\"Casseri-Conci  - FRANCIA GAVET (1)\" data-e-action-hash=\"#elementor-action%3Aaction%3Dlightbox%26settings%3DeyJpZCI6MTM4MywidXJsIjoiaHR0cHM6XC9cL3d3dy50ZmludGVybmF0aW9uYWwuZXVcL3dwLWNvbnRlbnRcL3VwbG9hZHNcLzIwMjBcLzA0XC9jYXNzZXJpLWNvbmNpLWZyYW5jaWEtZ2F2ZXQtMS5qcGciLCJzbGlkZXNob3ciOiIzZDVhZTcyIn0%3D\">\n\t\t\t\t\t<div class=\"e-gallery-image elementor-gallery-item__image\" data-thumbnail=\"https:\/\/www.tfinternational.eu\/wp-content\/uploads\/2020\/04\/FRANCIA-GAVET-1-scaled-300x169.jpg\" data-width=\"300\" data-height=\"169\" aria-label=\"Casseri-Conci - FRANCIA GAVET\" role=\"img\" ><\/div>\n\t\t\t\t\t\t\t\t\t\t\t<div class=\"elementor-gallery-item__overlay\"><\/div>\n\t\t\t\t\t\t\t\t\t\t\t\t\t\t<\/a>\n\t\t\t\t\t<\/div>\n\t\t\t\t\t<\/div>\n\t\t\t\t<\/div>\n\t\t\t\t\t<\/div>\n\t\t<\/div>\n\t\t\t\t\t<\/div>\n\t\t<\/section>\n\t\t\t\t<section class=\"elementor-section elementor-top-section elementor-element elementor-element-e33e709 elementor-section-boxed elementor-section-height-default elementor-section-height-default\" data-id=\"e33e709\" data-element_type=\"section\" data-e-type=\"section\">\n\t\t\t\t\t\t<div class=\"elementor-container elementor-column-gap-default\">\n\t\t\t\t\t<div class=\"elementor-column elementor-col-100 elementor-top-column elementor-element elementor-element-f83e5a9\" data-id=\"f83e5a9\" data-element_type=\"column\" data-e-type=\"column\">\n\t\t\t<div class=\"elementor-widget-wrap elementor-element-populated\">\n\t\t\t\t\t\t<div class=\"elementor-element elementor-element-a58d577 elementor-widget elementor-widget-spacer\" data-id=\"a58d577\" data-element_type=\"widget\" data-e-type=\"widget\" data-widget_type=\"spacer.default\">\n\t\t\t\t<div class=\"elementor-widget-container\">\n\t\t\t\t\t\t\t<div class=\"elementor-spacer\">\n\t\t\t<div class=\"elementor-spacer-inner\"><\/div>\n\t\t<\/div>\n\t\t\t\t\t\t<\/div>\n\t\t\t\t<\/div>\n\t\t\t\t\t<\/div>\n\t\t<\/div>\n\t\t\t\t\t<\/div>\n\t\t<\/section>\n\t\t\t\t<\/div>\n\t\t","protected":false},"excerpt":{"rendered":"<p>Gavet &#8211; Francia Volver al mapa FRANCIA &#8211; PROYECTO: AMENEGEMENT HYDROELECTRIQUE DE ROMANCHE &#8211; GAVET CLIENTE: DODIN CAMPENON BERNARD &#8211; SPIE BATIGNOLLES Chute de Gavet, este t\u00fanel de 10 km, excavado en 30 meses, fue construido para llevar agua desde Romanche a la nueva central hidroel\u00e9ctrica subterr\u00e1nea construida para EDF. El 9 de octubre de [&hellip;]<\/p>\n","protected":false},"author":2,"featured_media":0,"parent":0,"menu_order":0,"comment_status":"closed","ping_status":"closed","template":"","meta":{"footnotes":""},"class_list":["post-4958","page","type-page","status-publish","hentry"],"_links":{"self":[{"href":"https:\/\/www.tfinternational.eu\/es\/wp-json\/wp\/v2\/pages\/4958","targetHints":{"allow":["GET"]}}],"collection":[{"href":"https:\/\/www.tfinternational.eu\/es\/wp-json\/wp\/v2\/pages"}],"about":[{"href":"https:\/\/www.tfinternational.eu\/es\/wp-json\/wp\/v2\/types\/page"}],"author":[{"embeddable":true,"href":"https:\/\/www.tfinternational.eu\/es\/wp-json\/wp\/v2\/users\/2"}],"replies":[{"embeddable":true,"href":"https:\/\/www.tfinternational.eu\/es\/wp-json\/wp\/v2\/comments?post=4958"}],"version-history":[{"count":0,"href":"https:\/\/www.tfinternational.eu\/es\/wp-json\/wp\/v2\/pages\/4958\/revisions"}],"wp:attachment":[{"href":"https:\/\/www.tfinternational.eu\/es\/wp-json\/wp\/v2\/media?parent=4958"}],"curies":[{"name":"wp","href":"https:\/\/api.w.org\/{rel}","templated":true}]}}