{"id":4980,"date":"2021-01-30T17:14:51","date_gmt":"2021-01-30T16:14:51","guid":{"rendered":"https:\/\/www.tfinternational.eu\/alemania-stuttgart\/"},"modified":"2026-04-01T21:29:15","modified_gmt":"2026-04-01T19:29:15","slug":"alemania-stuttgart","status":"publish","type":"page","link":"https:\/\/www.tfinternational.eu\/es\/alemania-stuttgart\/","title":{"rendered":"Alemania &#8211; Stuttgart"},"content":{"rendered":"\t\t<div data-elementor-type=\"wp-page\" data-elementor-id=\"4980\" class=\"elementor elementor-4980 elementor-788\" data-elementor-post-type=\"page\">\n\t\t\t\t\t\t<section class=\"elementor-section elementor-top-section elementor-element elementor-element-99d4ee3 elementor-section-boxed elementor-section-height-default elementor-section-height-default\" data-id=\"99d4ee3\" data-element_type=\"section\" data-e-type=\"section\">\n\t\t\t\t\t\t<div class=\"elementor-container elementor-column-gap-default\">\n\t\t\t\t\t<div class=\"elementor-column elementor-col-100 elementor-top-column elementor-element elementor-element-0288961\" data-id=\"0288961\" data-element_type=\"column\" data-e-type=\"column\">\n\t\t\t<div class=\"elementor-widget-wrap elementor-element-populated\">\n\t\t\t\t\t\t<div class=\"elementor-element elementor-element-2d2b98e elementor-widget elementor-widget-heading\" data-id=\"2d2b98e\" data-element_type=\"widget\" data-e-type=\"widget\" data-widget_type=\"heading.default\">\n\t\t\t\t<div class=\"elementor-widget-container\">\n\t\t\t\t\t<h1 class=\"elementor-heading-title elementor-size-default\">Alemania - Stuttgart<\/h1>\t\t\t\t<\/div>\n\t\t\t\t<\/div>\n\t\t\t\t\t<\/div>\n\t\t<\/div>\n\t\t\t\t\t<\/div>\n\t\t<\/section>\n\t\t\t\t<section class=\"elementor-section elementor-top-section elementor-element elementor-element-6df4be2 elementor-section-height-min-height elementor-section-boxed elementor-section-height-default elementor-section-items-middle\" data-id=\"6df4be2\" data-element_type=\"section\" data-e-type=\"section\" data-settings=\"{&quot;background_background&quot;:&quot;slideshow&quot;,&quot;background_slideshow_gallery&quot;:[{&quot;id&quot;:4988,&quot;url&quot;:&quot;https:\\\/\\\/www.tfinternational.eu\\\/wp-content\\\/uploads\\\/2020\\\/03\\\/casseri-conci-tfi-stoccarda-ulm-nbs-wendlingen.jpg&quot;},{&quot;id&quot;:4987,&quot;url&quot;:&quot;https:\\\/\\\/www.tfinternational.eu\\\/wp-content\\\/uploads\\\/2020\\\/03\\\/casseri-conci-tfi-stoccarda-ulm-nbs-wendlingen-3.jpg&quot;},{&quot;id&quot;:4986,&quot;url&quot;:&quot;https:\\\/\\\/www.tfinternational.eu\\\/wp-content\\\/uploads\\\/2020\\\/03\\\/casseri-conci-tfi-stoccarda-ulm-nbs-wendlingen-1.jpg&quot;}],&quot;background_slideshow_loop&quot;:&quot;yes&quot;,&quot;background_slideshow_slide_duration&quot;:5000,&quot;background_slideshow_slide_transition&quot;:&quot;fade&quot;,&quot;background_slideshow_transition_duration&quot;:500}\">\n\t\t\t\t\t\t<div class=\"elementor-container elementor-column-gap-default\">\n\t\t\t\t\t<div class=\"elementor-column elementor-col-100 elementor-top-column elementor-element elementor-element-2194e12\" data-id=\"2194e12\" data-element_type=\"column\" data-e-type=\"column\">\n\t\t\t<div class=\"elementor-widget-wrap elementor-element-populated\">\n\t\t\t\t\t\t<div class=\"elementor-element elementor-element-604eae9 elementor-align-right elementor-widget elementor-widget-button\" data-id=\"604eae9\" data-element_type=\"widget\" data-e-type=\"widget\" data-settings=\"{&quot;motion_fx_motion_fx_scrolling&quot;:&quot;yes&quot;,&quot;motion_fx_translateY_effect&quot;:&quot;yes&quot;,&quot;motion_fx_translateY_direction&quot;:&quot;negative&quot;,&quot;motion_fx_translateY_speed&quot;:{&quot;unit&quot;:&quot;px&quot;,&quot;size&quot;:10,&quot;sizes&quot;:[]},&quot;motion_fx_devices&quot;:[&quot;desktop&quot;,&quot;tablet&quot;],&quot;sticky&quot;:&quot;top&quot;,&quot;sticky_on&quot;:[&quot;desktop&quot;,&quot;tablet&quot;],&quot;motion_fx_translateY_affectedRange&quot;:{&quot;unit&quot;:&quot;%&quot;,&quot;size&quot;:&quot;&quot;,&quot;sizes&quot;:{&quot;start&quot;:0,&quot;end&quot;:100}},&quot;sticky_offset&quot;:0,&quot;sticky_effects_offset&quot;:0,&quot;sticky_anchor_link_offset&quot;:0}\" data-widget_type=\"button.default\">\n\t\t\t\t<div class=\"elementor-widget-container\">\n\t\t\t\t\t\t\t\t\t<div class=\"elementor-button-wrapper\">\n\t\t\t\t\t<a class=\"elementor-button elementor-button-link elementor-size-xs\" href=\"https:\/\/www.tfinternational.eu\/es\/proyectos-2\/\">\n\t\t\t\t\t\t<span class=\"elementor-button-content-wrapper\">\n\t\t\t\t\t\t\t\t\t<span class=\"elementor-button-text\">Volver al mapa<\/span>\n\t\t\t\t\t<\/span>\n\t\t\t\t\t<\/a>\n\t\t\t\t<\/div>\n\t\t\t\t\t\t\t\t<\/div>\n\t\t\t\t<\/div>\n\t\t\t\t\t<\/div>\n\t\t<\/div>\n\t\t\t\t\t<\/div>\n\t\t<\/section>\n\t\t\t\t<section class=\"elementor-section elementor-top-section elementor-element elementor-element-06f5050 elementor-section-boxed elementor-section-height-default elementor-section-height-default\" data-id=\"06f5050\" data-element_type=\"section\" data-e-type=\"section\">\n\t\t\t\t\t\t<div class=\"elementor-container elementor-column-gap-default\">\n\t\t\t\t\t<div class=\"elementor-column elementor-col-100 elementor-top-column elementor-element elementor-element-4d2dfe9\" data-id=\"4d2dfe9\" data-element_type=\"column\" data-e-type=\"column\">\n\t\t\t<div class=\"elementor-widget-wrap elementor-element-populated\">\n\t\t\t\t\t\t<div class=\"elementor-element elementor-element-9d6b45a elementor-widget elementor-widget-heading\" data-id=\"9d6b45a\" data-element_type=\"widget\" data-e-type=\"widget\" data-widget_type=\"heading.default\">\n\t\t\t\t<div class=\"elementor-widget-container\">\n\t\t\t\t\t<h2 class=\"elementor-heading-title elementor-size-medium\"><a href=\"https:\/\/en.wikipedia.org\/wiki\/Albvorland_Tunnel\" rel=\"nofollow noopener\" target=\"_blank\">ALEMANIA-STUTTGART: PROYECTO: STUTTGART - ULM PFA 2.1 a \/ b ALBVORLAND<\/a><\/h2>\t\t\t\t<\/div>\n\t\t\t\t<\/div>\n\t\t\t\t\t<\/div>\n\t\t<\/div>\n\t\t\t\t\t<\/div>\n\t\t<\/section>\n\t\t\t\t<section class=\"elementor-section elementor-top-section elementor-element elementor-element-9eee834 elementor-section-boxed elementor-section-height-default elementor-section-height-default\" data-id=\"9eee834\" data-element_type=\"section\" data-e-type=\"section\">\n\t\t\t\t\t\t<div class=\"elementor-container elementor-column-gap-default\">\n\t\t\t\t\t<div class=\"elementor-column elementor-col-100 elementor-top-column elementor-element elementor-element-a0c79ad\" data-id=\"a0c79ad\" data-element_type=\"column\" data-e-type=\"column\">\n\t\t\t<div class=\"elementor-widget-wrap elementor-element-populated\">\n\t\t\t\t\t\t<div class=\"elementor-element elementor-element-c975ade elementor-widget elementor-widget-text-editor\" data-id=\"c975ade\" data-element_type=\"widget\" data-e-type=\"widget\" data-widget_type=\"text-editor.default\">\n\t\t\t\t<div class=\"elementor-widget-container\">\n\t\t\t\t\t\t\t\t\t<p style=\"text-align: justify;\"><strong>CLIENTE: IMPLENIA<\/strong><\/p><p style=\"text-align: justify;\">Alemania-Stuttgart: El Albvorlandtunnel es un t\u00fanel ferroviario de 8.176 m de longitud en la l\u00ednea Wendlingen-Ulm en Baden-W\u00fcrttemberg. La l\u00ednea ferroviaria pasar\u00e1 por debajo del distrito Lindorf de la ciudad de Kirchheim unter Teck y la carretera federal 8. El t\u00fanel se puede utilizar continuamente a 250 km \/ h, y es uno de los 10 t\u00faneles ferroviarios m\u00e1s largos de este pa\u00eds. La construcci\u00f3n comenz\u00f3 el 9 de noviembre de 2017. El tiempo de viaje para el tr\u00e1fico de alta velocidad entre Stuttgart y Ulm ser\u00e1 de solo 28 minutos en lugar de los 54 minutos actuales, si se omite una parada en el aeropuerto de Stuttgart. Ferrocarril de alta velocidad Wendlingen &#8211; Ulm &#8211;<\/p><p style=\"text-align: justify;\">La inauguraci\u00f3n se celebr\u00f3 el 29 de octubre de 2019.<\/p><p style=\"text-align: justify;\">TFI &#8211; Tunnels &amp; Formworks International contribuy\u00f3 en el dise\u00f1o e implementaci\u00f3n de las obras<\/p><p style=\"text-align: justify;\">(Fuente Wikipedia)<\/p>\t\t\t\t\t\t\t\t<\/div>\n\t\t\t\t<\/div>\n\t\t\t\t\t<\/div>\n\t\t<\/div>\n\t\t\t\t\t<\/div>\n\t\t<\/section>\n\t\t\t\t<section class=\"elementor-section elementor-top-section elementor-element elementor-element-1e8575b elementor-section-boxed elementor-section-height-default elementor-section-height-default\" data-id=\"1e8575b\" data-element_type=\"section\" data-e-type=\"section\">\n\t\t\t\t\t\t<div class=\"elementor-container elementor-column-gap-default\">\n\t\t\t\t\t<div class=\"elementor-column elementor-col-100 elementor-top-column elementor-element elementor-element-f112085\" data-id=\"f112085\" data-element_type=\"column\" data-e-type=\"column\">\n\t\t\t<div class=\"elementor-widget-wrap elementor-element-populated\">\n\t\t\t\t\t\t<div class=\"elementor-element elementor-element-1e5d07e elementor-widget elementor-widget-gallery\" data-id=\"1e5d07e\" data-element_type=\"widget\" data-e-type=\"widget\" data-settings=\"{&quot;lazyload&quot;:&quot;yes&quot;,&quot;gallery_layout&quot;:&quot;grid&quot;,&quot;columns&quot;:4,&quot;columns_tablet&quot;:2,&quot;columns_mobile&quot;:1,&quot;gap&quot;:{&quot;unit&quot;:&quot;px&quot;,&quot;size&quot;:10,&quot;sizes&quot;:[]},&quot;gap_tablet&quot;:{&quot;unit&quot;:&quot;px&quot;,&quot;size&quot;:10,&quot;sizes&quot;:[]},&quot;gap_mobile&quot;:{&quot;unit&quot;:&quot;px&quot;,&quot;size&quot;:10,&quot;sizes&quot;:[]},&quot;link_to&quot;:&quot;file&quot;,&quot;aspect_ratio&quot;:&quot;3:2&quot;,&quot;overlay_background&quot;:&quot;yes&quot;,&quot;content_hover_animation&quot;:&quot;fade-in&quot;}\" data-widget_type=\"gallery.default\">\n\t\t\t\t<div class=\"elementor-widget-container\">\n\t\t\t\t\t\t\t<div class=\"elementor-gallery__container\">\n\t\t\t\t\t\t\t<a class=\"e-gallery-item elementor-gallery-item elementor-animated-content\" href=\"https:\/\/www.tfinternational.eu\/wp-content\/uploads\/2020\/03\/casseri-conci-tfi-stoccarda-ulm-nbs-wendlingen.jpg\" data-elementor-open-lightbox=\"yes\" data-elementor-lightbox-slideshow=\"1e5d07e\" data-elementor-lightbox-title=\"Germania - Stoccarda Casseri-Conci - TFI-Stoccarda-Ulm-NBS-Wendlingen\" data-e-action-hash=\"#elementor-action%3Aaction%3Dlightbox%26settings%3DeyJpZCI6NDk4OCwidXJsIjoiaHR0cHM6XC9cL3d3dy50ZmludGVybmF0aW9uYWwuZXVcL3dwLWNvbnRlbnRcL3VwbG9hZHNcLzIwMjBcLzAzXC9jYXNzZXJpLWNvbmNpLXRmaS1zdG9jY2FyZGEtdWxtLW5icy13ZW5kbGluZ2VuLmpwZyIsInNsaWRlc2hvdyI6IjFlNWQwN2UifQ%3D%3D\">\n\t\t\t\t\t<div class=\"e-gallery-image elementor-gallery-item__image\" data-thumbnail=\"https:\/\/www.tfinternational.eu\/wp-content\/uploads\/2020\/03\/casseri-conci-tfi-stoccarda-ulm-nbs-wendlingen-300x225.jpg\" data-width=\"300\" data-height=\"225\" aria-label=\"Germania - Stoccarda - Casseri-Conci - TFI-Stoccarda-Ulm-NBS-Wendlingen\" role=\"img\" ><\/div>\n\t\t\t\t\t\t\t\t\t\t\t<div class=\"elementor-gallery-item__overlay\"><\/div>\n\t\t\t\t\t\t\t\t\t\t\t\t\t\t<\/a>\n\t\t\t\t\t\t\t<a class=\"e-gallery-item elementor-gallery-item elementor-animated-content\" href=\"https:\/\/www.tfinternational.eu\/wp-content\/uploads\/2020\/03\/casseri-conci-tfi-stoccarda-ulm-nbs-wendlingen-3.jpg\" data-elementor-open-lightbox=\"yes\" data-elementor-lightbox-slideshow=\"1e5d07e\" data-elementor-lightbox-title=\"Casseri-Conci - TFI-Stoccarda-Ulm-NBS-Wendlingen-3\" data-e-action-hash=\"#elementor-action%3Aaction%3Dlightbox%26settings%3DeyJpZCI6NDk4NywidXJsIjoiaHR0cHM6XC9cL3d3dy50ZmludGVybmF0aW9uYWwuZXVcL3dwLWNvbnRlbnRcL3VwbG9hZHNcLzIwMjBcLzAzXC9jYXNzZXJpLWNvbmNpLXRmaS1zdG9jY2FyZGEtdWxtLW5icy13ZW5kbGluZ2VuLTMuanBnIiwic2xpZGVzaG93IjoiMWU1ZDA3ZSJ9\">\n\t\t\t\t\t<div class=\"e-gallery-image elementor-gallery-item__image\" data-thumbnail=\"https:\/\/www.tfinternational.eu\/wp-content\/uploads\/2020\/03\/casseri-conci-tfi-stoccarda-ulm-nbs-wendlingen-3-300x225.jpg\" data-width=\"300\" data-height=\"225\" aria-label=\"Germania - Stoccarda Casseri-Conci - TFI-Stoccarda-Ulm-NBS-Wendlingen\" role=\"img\" ><\/div>\n\t\t\t\t\t\t\t\t\t\t\t<div class=\"elementor-gallery-item__overlay\"><\/div>\n\t\t\t\t\t\t\t\t\t\t\t\t\t\t<\/a>\n\t\t\t\t\t\t\t<a class=\"e-gallery-item elementor-gallery-item elementor-animated-content\" href=\"https:\/\/www.tfinternational.eu\/wp-content\/uploads\/2020\/03\/casseri-conci-tfi-stoccarda-ulm-nbs-wendlingen-1.jpg\" data-elementor-open-lightbox=\"yes\" data-elementor-lightbox-slideshow=\"1e5d07e\" data-elementor-lightbox-title=\"Casseri-Conci - TFI-Stoccarda-Ulm-NBS-Wendlingen-1\" data-e-action-hash=\"#elementor-action%3Aaction%3Dlightbox%26settings%3DeyJpZCI6NDk4NiwidXJsIjoiaHR0cHM6XC9cL3d3dy50ZmludGVybmF0aW9uYWwuZXVcL3dwLWNvbnRlbnRcL3VwbG9hZHNcLzIwMjBcLzAzXC9jYXNzZXJpLWNvbmNpLXRmaS1zdG9jY2FyZGEtdWxtLW5icy13ZW5kbGluZ2VuLTEuanBnIiwic2xpZGVzaG93IjoiMWU1ZDA3ZSJ9\">\n\t\t\t\t\t<div class=\"e-gallery-image elementor-gallery-item__image\" data-thumbnail=\"https:\/\/www.tfinternational.eu\/wp-content\/uploads\/2020\/03\/casseri-conci-tfi-stoccarda-ulm-nbs-wendlingen-1-300x225.jpg\" data-width=\"300\" data-height=\"225\" aria-label=\"Germania - Stoccarda Casseri-Conci - TFI-Stoccarda-Ulm-NBS-Wendlingen\" role=\"img\" ><\/div>\n\t\t\t\t\t\t\t\t\t\t\t<div class=\"elementor-gallery-item__overlay\"><\/div>\n\t\t\t\t\t\t\t\t\t\t\t\t\t\t<\/a>\n\t\t\t\t\t\t\t<a class=\"e-gallery-item elementor-gallery-item elementor-animated-content\" href=\"https:\/\/www.tfinternational.eu\/wp-content\/uploads\/2020\/03\/casseri-conci-tfi-stoccarda-2.jpg\" data-elementor-open-lightbox=\"yes\" data-elementor-lightbox-slideshow=\"1e5d07e\" data-elementor-lightbox-title=\"Casseri-Conci - TFI-Stoccarda-2\" data-e-action-hash=\"#elementor-action%3Aaction%3Dlightbox%26settings%3DeyJpZCI6MTA0MywidXJsIjoiaHR0cHM6XC9cL3d3dy50ZmludGVybmF0aW9uYWwuZXVcL3dwLWNvbnRlbnRcL3VwbG9hZHNcLzIwMjBcLzAzXC9jYXNzZXJpLWNvbmNpLXRmaS1zdG9jY2FyZGEtMi5qcGciLCJzbGlkZXNob3ciOiIxZTVkMDdlIn0%3D\">\n\t\t\t\t\t<div class=\"e-gallery-image elementor-gallery-item__image\" data-thumbnail=\"https:\/\/www.tfinternational.eu\/wp-content\/uploads\/2020\/03\/tfi-stoccarda-2-300x225.jpg\" data-width=\"300\" data-height=\"225\" aria-label=\"Casseri-Conci - TFI-Stoccarda\" role=\"img\" ><\/div>\n\t\t\t\t\t\t\t\t\t\t\t<div class=\"elementor-gallery-item__overlay\"><\/div>\n\t\t\t\t\t\t\t\t\t\t\t\t\t\t<\/a>\n\t\t\t\t\t\t\t<a class=\"e-gallery-item elementor-gallery-item elementor-animated-content\" href=\"https:\/\/www.tfinternational.eu\/wp-content\/uploads\/2020\/03\/casseri-conci-tfi-stoccarda-3.jpg\" data-elementor-open-lightbox=\"yes\" data-elementor-lightbox-slideshow=\"1e5d07e\" data-elementor-lightbox-title=\"Germania - Stoccarda  Casseri-Conci  - TFI-Stoccarda-3\" data-e-action-hash=\"#elementor-action%3Aaction%3Dlightbox%26settings%3DeyJpZCI6MTA0NSwidXJsIjoiaHR0cHM6XC9cL3d3dy50ZmludGVybmF0aW9uYWwuZXVcL3dwLWNvbnRlbnRcL3VwbG9hZHNcLzIwMjBcLzAzXC9jYXNzZXJpLWNvbmNpLXRmaS1zdG9jY2FyZGEtMy5qcGciLCJzbGlkZXNob3ciOiIxZTVkMDdlIn0%3D\">\n\t\t\t\t\t<div class=\"e-gallery-image elementor-gallery-item__image\" data-thumbnail=\"https:\/\/www.tfinternational.eu\/wp-content\/uploads\/2020\/03\/tfi-stoccarda-3-300x225.jpg\" data-width=\"300\" data-height=\"225\" aria-label=\"Germania - Stoccarda Casseri-Conci - TFI-Stoccarda\" role=\"img\" ><\/div>\n\t\t\t\t\t\t\t\t\t\t\t<div class=\"elementor-gallery-item__overlay\"><\/div>\n\t\t\t\t\t\t\t\t\t\t\t\t\t\t<\/a>\n\t\t\t\t\t\t\t<a class=\"e-gallery-item elementor-gallery-item elementor-animated-content\" href=\"https:\/\/www.tfinternational.eu\/wp-content\/uploads\/2020\/03\/casseri-conci-tfi-stoccarda-4.jpg\" data-elementor-open-lightbox=\"yes\" data-elementor-lightbox-slideshow=\"1e5d07e\" data-elementor-lightbox-title=\"Germania - Stoccarda  Casseri-Conci - TFI-Stoccarda-4\" data-e-action-hash=\"#elementor-action%3Aaction%3Dlightbox%26settings%3DeyJpZCI6MTA0NywidXJsIjoiaHR0cHM6XC9cL3d3dy50ZmludGVybmF0aW9uYWwuZXVcL3dwLWNvbnRlbnRcL3VwbG9hZHNcLzIwMjBcLzAzXC9jYXNzZXJpLWNvbmNpLXRmaS1zdG9jY2FyZGEtNC5qcGciLCJzbGlkZXNob3ciOiIxZTVkMDdlIn0%3D\">\n\t\t\t\t\t<div class=\"e-gallery-image elementor-gallery-item__image\" data-thumbnail=\"https:\/\/www.tfinternational.eu\/wp-content\/uploads\/2020\/03\/tfi-stoccarda-4-300x225.jpg\" data-width=\"300\" data-height=\"225\" aria-label=\"Germania - Stoccarda Casseri-Conci - TFI-Stoccarda\" role=\"img\" ><\/div>\n\t\t\t\t\t\t\t\t\t\t\t<div class=\"elementor-gallery-item__overlay\"><\/div>\n\t\t\t\t\t\t\t\t\t\t\t\t\t\t<\/a>\n\t\t\t\t\t\t\t<a class=\"e-gallery-item elementor-gallery-item elementor-animated-content\" href=\"https:\/\/www.tfinternational.eu\/wp-content\/uploads\/2020\/03\/casseri-conci-tfi-stoccarda-10.jpg\" data-elementor-open-lightbox=\"yes\" data-elementor-lightbox-slideshow=\"1e5d07e\" data-elementor-lightbox-title=\"Germania - Stoccarda  Casseri-Conci  - TFI-Stoccarda-10\" data-e-action-hash=\"#elementor-action%3Aaction%3Dlightbox%26settings%3DeyJpZCI6MTA0OSwidXJsIjoiaHR0cHM6XC9cL3d3dy50ZmludGVybmF0aW9uYWwuZXVcL3dwLWNvbnRlbnRcL3VwbG9hZHNcLzIwMjBcLzAzXC9jYXNzZXJpLWNvbmNpLXRmaS1zdG9jY2FyZGEtMTAuanBnIiwic2xpZGVzaG93IjoiMWU1ZDA3ZSJ9\">\n\t\t\t\t\t<div class=\"e-gallery-image elementor-gallery-item__image\" data-thumbnail=\"https:\/\/www.tfinternational.eu\/wp-content\/uploads\/2020\/03\/tfi-stoccarda-10-300x225.jpg\" data-width=\"300\" data-height=\"225\" aria-label=\"Germania - Stoccarda Casseri-Conci - TFI-Stoccarda\" role=\"img\" ><\/div>\n\t\t\t\t\t\t\t\t\t\t\t<div class=\"elementor-gallery-item__overlay\"><\/div>\n\t\t\t\t\t\t\t\t\t\t\t\t\t\t<\/a>\n\t\t\t\t\t\t\t<a class=\"e-gallery-item elementor-gallery-item elementor-animated-content\" href=\"https:\/\/www.tfinternational.eu\/wp-content\/uploads\/2020\/03\/casseri-conci-tfi-stoccarda-12.jpg\" data-elementor-open-lightbox=\"yes\" data-elementor-lightbox-slideshow=\"1e5d07e\" data-elementor-lightbox-title=\"Germania - Stoccarda  Casseri-Conci - TFI-Stoccarda-12\" data-e-action-hash=\"#elementor-action%3Aaction%3Dlightbox%26settings%3DeyJpZCI6MTA1MSwidXJsIjoiaHR0cHM6XC9cL3d3dy50ZmludGVybmF0aW9uYWwuZXVcL3dwLWNvbnRlbnRcL3VwbG9hZHNcLzIwMjBcLzAzXC9jYXNzZXJpLWNvbmNpLXRmaS1zdG9jY2FyZGEtMTIuanBnIiwic2xpZGVzaG93IjoiMWU1ZDA3ZSJ9\">\n\t\t\t\t\t<div class=\"e-gallery-image elementor-gallery-item__image\" data-thumbnail=\"https:\/\/www.tfinternational.eu\/wp-content\/uploads\/2020\/03\/tfi-stoccarda-12-300x225.jpg\" data-width=\"300\" data-height=\"225\" aria-label=\"Germania - Stoccarda Casseri-Conci - TFI-Stoccarda\" role=\"img\" ><\/div>\n\t\t\t\t\t\t\t\t\t\t\t<div class=\"elementor-gallery-item__overlay\"><\/div>\n\t\t\t\t\t\t\t\t\t\t\t\t\t\t<\/a>\n\t\t\t\t\t<\/div>\n\t\t\t\t\t<\/div>\n\t\t\t\t<\/div>\n\t\t\t\t\t<\/div>\n\t\t<\/div>\n\t\t\t\t\t<\/div>\n\t\t<\/section>\n\t\t\t\t<section class=\"elementor-section elementor-top-section elementor-element elementor-element-cdf7458 elementor-section-boxed elementor-section-height-default elementor-section-height-default\" data-id=\"cdf7458\" data-element_type=\"section\" data-e-type=\"section\">\n\t\t\t\t\t\t<div class=\"elementor-container elementor-column-gap-default\">\n\t\t\t\t\t<div class=\"elementor-column elementor-col-100 elementor-top-column elementor-element elementor-element-d98da19\" data-id=\"d98da19\" data-element_type=\"column\" data-e-type=\"column\">\n\t\t\t<div class=\"elementor-widget-wrap elementor-element-populated\">\n\t\t\t\t\t\t<div class=\"elementor-element elementor-element-7d2c2ed elementor-widget elementor-widget-spacer\" data-id=\"7d2c2ed\" data-element_type=\"widget\" data-e-type=\"widget\" data-widget_type=\"spacer.default\">\n\t\t\t\t<div class=\"elementor-widget-container\">\n\t\t\t\t\t\t\t<div class=\"elementor-spacer\">\n\t\t\t<div class=\"elementor-spacer-inner\"><\/div>\n\t\t<\/div>\n\t\t\t\t\t\t<\/div>\n\t\t\t\t<\/div>\n\t\t\t\t\t<\/div>\n\t\t<\/div>\n\t\t\t\t\t<\/div>\n\t\t<\/section>\n\t\t\t\t<\/div>\n\t\t","protected":false},"excerpt":{"rendered":"<p>Alemania &#8211; Stuttgart Volver al mapa ALEMANIA-STUTTGART: PROYECTO: STUTTGART &#8211; ULM PFA 2.1 a \/ b ALBVORLAND CLIENTE: IMPLENIA Alemania-Stuttgart: El Albvorlandtunnel es un t\u00fanel ferroviario de 8.176 m de longitud en la l\u00ednea Wendlingen-Ulm en Baden-W\u00fcrttemberg. La l\u00ednea ferroviaria pasar\u00e1 por debajo del distrito Lindorf de la ciudad de Kirchheim unter Teck y la [&hellip;]<\/p>\n","protected":false},"author":2,"featured_media":0,"parent":0,"menu_order":0,"comment_status":"closed","ping_status":"closed","template":"","meta":{"footnotes":""},"class_list":["post-4980","page","type-page","status-publish","hentry"],"_links":{"self":[{"href":"https:\/\/www.tfinternational.eu\/es\/wp-json\/wp\/v2\/pages\/4980","targetHints":{"allow":["GET"]}}],"collection":[{"href":"https:\/\/www.tfinternational.eu\/es\/wp-json\/wp\/v2\/pages"}],"about":[{"href":"https:\/\/www.tfinternational.eu\/es\/wp-json\/wp\/v2\/types\/page"}],"author":[{"embeddable":true,"href":"https:\/\/www.tfinternational.eu\/es\/wp-json\/wp\/v2\/users\/2"}],"replies":[{"embeddable":true,"href":"https:\/\/www.tfinternational.eu\/es\/wp-json\/wp\/v2\/comments?post=4980"}],"version-history":[{"count":2,"href":"https:\/\/www.tfinternational.eu\/es\/wp-json\/wp\/v2\/pages\/4980\/revisions"}],"predecessor-version":[{"id":7539,"href":"https:\/\/www.tfinternational.eu\/es\/wp-json\/wp\/v2\/pages\/4980\/revisions\/7539"}],"wp:attachment":[{"href":"https:\/\/www.tfinternational.eu\/es\/wp-json\/wp\/v2\/media?parent=4980"}],"curies":[{"name":"wp","href":"https:\/\/api.w.org\/{rel}","templated":true}]}}