{"id":5872,"date":"2022-04-28T23:28:30","date_gmt":"2022-04-28T21:28:30","guid":{"rendered":"https:\/\/www.tfinternational.eu\/?page_id=5872"},"modified":"2026-04-04T14:03:44","modified_gmt":"2026-04-04T12:03:44","slug":"israel-jerusalen","status":"publish","type":"page","link":"https:\/\/www.tfinternational.eu\/es\/israel-jerusalen\/","title":{"rendered":"Israel &#8211; Jerusal\u00e9n"},"content":{"rendered":"\t\t<div data-elementor-type=\"wp-page\" data-elementor-id=\"5872\" class=\"elementor elementor-5872 elementor-5870\" data-elementor-post-type=\"page\">\n\t\t\t\t\t\t<section class=\"elementor-section elementor-top-section elementor-element elementor-element-cddcbd0 elementor-section-boxed elementor-section-height-default elementor-section-height-default\" data-id=\"cddcbd0\" data-element_type=\"section\" data-e-type=\"section\">\n\t\t\t\t\t\t<div class=\"elementor-container elementor-column-gap-default\">\n\t\t\t\t\t<div class=\"elementor-column elementor-col-100 elementor-top-column elementor-element elementor-element-9611336\" data-id=\"9611336\" data-element_type=\"column\" data-e-type=\"column\">\n\t\t\t<div class=\"elementor-widget-wrap elementor-element-populated\">\n\t\t\t\t\t\t<div class=\"elementor-element elementor-element-2d2b98e elementor-widget elementor-widget-heading\" data-id=\"2d2b98e\" data-element_type=\"widget\" data-e-type=\"widget\" data-widget_type=\"heading.default\">\n\t\t\t\t<div class=\"elementor-widget-container\">\n\t\t\t\t\t<h1 class=\"elementor-heading-title elementor-size-default\">Israel - Jerusal\u00e9n<\/h1>\t\t\t\t<\/div>\n\t\t\t\t<\/div>\n\t\t\t\t\t<\/div>\n\t\t<\/div>\n\t\t\t\t\t<\/div>\n\t\t<\/section>\n\t\t\t\t<section class=\"elementor-section elementor-top-section elementor-element elementor-element-6df4be2 elementor-section-height-min-height elementor-section-boxed elementor-section-height-default elementor-section-items-middle\" data-id=\"6df4be2\" data-element_type=\"section\" data-e-type=\"section\" data-settings=\"{&quot;background_background&quot;:&quot;slideshow&quot;,&quot;background_slideshow_gallery&quot;:[{&quot;id&quot;:6763,&quot;url&quot;:&quot;https:\\\/\\\/www.tfinternational.eu\\\/wp-content\\\/uploads\\\/2023\\\/03\\\/Jerusalem-ORON-1.jpg&quot;},{&quot;id&quot;:6470,&quot;url&quot;:&quot;https:\\\/\\\/www.tfinternational.eu\\\/wp-content\\\/uploads\\\/2022\\\/08\\\/Israele-Gerusalemme-e1659625018211.jpeg&quot;},{&quot;id&quot;:6503,&quot;url&quot;:&quot;https:\\\/\\\/www.tfinternational.eu\\\/wp-content\\\/uploads\\\/2022\\\/08\\\/Israele-Road6-ORON.-3-e1660143792895.jpeg&quot;},{&quot;id&quot;:5923,&quot;url&quot;:&quot;https:\\\/\\\/www.tfinternational.eu\\\/wp-content\\\/uploads\\\/2022\\\/04\\\/Israele-Route-60-11-e1651508587172.jpg&quot;},{&quot;id&quot;:5911,&quot;url&quot;:&quot;https:\\\/\\\/www.tfinternational.eu\\\/wp-content\\\/uploads\\\/2022\\\/04\\\/Israele-Route-60-7-e1651508634320.jpg&quot;}],&quot;background_slideshow_loop&quot;:&quot;yes&quot;,&quot;background_slideshow_slide_duration&quot;:5000,&quot;background_slideshow_slide_transition&quot;:&quot;fade&quot;,&quot;background_slideshow_transition_duration&quot;:500}\">\n\t\t\t\t\t\t<div class=\"elementor-container elementor-column-gap-default\">\n\t\t\t\t\t<div class=\"elementor-column elementor-col-100 elementor-top-column elementor-element elementor-element-2194e12\" data-id=\"2194e12\" data-element_type=\"column\" data-e-type=\"column\">\n\t\t\t<div class=\"elementor-widget-wrap elementor-element-populated\">\n\t\t\t\t\t\t<div class=\"elementor-element elementor-element-604eae9 elementor-align-right elementor-widget elementor-widget-button\" data-id=\"604eae9\" data-element_type=\"widget\" data-e-type=\"widget\" data-settings=\"{&quot;motion_fx_motion_fx_scrolling&quot;:&quot;yes&quot;,&quot;motion_fx_translateY_effect&quot;:&quot;yes&quot;,&quot;motion_fx_translateY_direction&quot;:&quot;negative&quot;,&quot;motion_fx_translateY_speed&quot;:{&quot;unit&quot;:&quot;px&quot;,&quot;size&quot;:10,&quot;sizes&quot;:[]},&quot;motion_fx_devices&quot;:[&quot;desktop&quot;,&quot;tablet&quot;],&quot;sticky&quot;:&quot;top&quot;,&quot;sticky_on&quot;:[&quot;desktop&quot;,&quot;tablet&quot;],&quot;motion_fx_translateY_affectedRange&quot;:{&quot;unit&quot;:&quot;%&quot;,&quot;size&quot;:&quot;&quot;,&quot;sizes&quot;:{&quot;start&quot;:0,&quot;end&quot;:100}},&quot;sticky_offset&quot;:0,&quot;sticky_effects_offset&quot;:0,&quot;sticky_anchor_link_offset&quot;:0}\" data-widget_type=\"button.default\">\n\t\t\t\t<div class=\"elementor-widget-container\">\n\t\t\t\t\t\t\t\t\t<div class=\"elementor-button-wrapper\">\n\t\t\t\t\t<a class=\"elementor-button elementor-button-link elementor-size-xs\" href=\"https:\/\/www.tfinternational.eu\/es\/proyectos-2\/\">\n\t\t\t\t\t\t<span class=\"elementor-button-content-wrapper\">\n\t\t\t\t\t\t\t\t\t<span class=\"elementor-button-text\">Volver al mapa<\/span>\n\t\t\t\t\t<\/span>\n\t\t\t\t\t<\/a>\n\t\t\t\t<\/div>\n\t\t\t\t\t\t\t\t<\/div>\n\t\t\t\t<\/div>\n\t\t\t\t\t<\/div>\n\t\t<\/div>\n\t\t\t\t\t<\/div>\n\t\t<\/section>\n\t\t\t\t<section class=\"elementor-section elementor-top-section elementor-element elementor-element-cb48f08 elementor-section-boxed elementor-section-height-default elementor-section-height-default\" data-id=\"cb48f08\" data-element_type=\"section\" data-e-type=\"section\">\n\t\t\t\t\t\t<div class=\"elementor-container elementor-column-gap-default\">\n\t\t\t\t\t<div class=\"elementor-column elementor-col-100 elementor-top-column elementor-element elementor-element-0dc3667\" data-id=\"0dc3667\" data-element_type=\"column\" data-e-type=\"column\">\n\t\t\t<div class=\"elementor-widget-wrap elementor-element-populated\">\n\t\t\t\t\t\t<div class=\"elementor-element elementor-element-a4f350c elementor-widget elementor-widget-heading\" data-id=\"a4f350c\" data-element_type=\"widget\" data-e-type=\"widget\" data-widget_type=\"heading.default\">\n\t\t\t\t<div class=\"elementor-widget-container\">\n\t\t\t\t\t<h2 class=\"elementor-heading-title elementor-size-medium\"><a href=\"https:\/\/www.hydroreview.com\/2020\/05\/07\/israels-300-mw-mount-gilboa-pumped-storage-begins-operating\/#gref\" rel=\"nofollow noopener\" target=\"_blank\">PROYECTO: ISRAEL - JERUSAL\u00c9N CARRETERA 60<\/a><\/h2>\t\t\t\t<\/div>\n\t\t\t\t<\/div>\n\t\t\t\t\t<\/div>\n\t\t<\/div>\n\t\t\t\t\t<\/div>\n\t\t<\/section>\n\t\t\t\t<section class=\"elementor-section elementor-top-section elementor-element elementor-element-9eee834 elementor-section-boxed elementor-section-height-default elementor-section-height-default\" data-id=\"9eee834\" data-element_type=\"section\" data-e-type=\"section\">\n\t\t\t\t\t\t<div class=\"elementor-container elementor-column-gap-default\">\n\t\t\t\t\t<div class=\"elementor-column elementor-col-100 elementor-top-column elementor-element elementor-element-a0c79ad\" data-id=\"a0c79ad\" data-element_type=\"column\" data-e-type=\"column\">\n\t\t\t<div class=\"elementor-widget-wrap elementor-element-populated\">\n\t\t\t\t\t\t<div class=\"elementor-element elementor-element-c975ade elementor-widget elementor-widget-text-editor\" data-id=\"c975ade\" data-element_type=\"widget\" data-e-type=\"widget\" data-widget_type=\"text-editor.default\">\n\t\t\t\t<div class=\"elementor-widget-container\">\n\t\t\t\t\t\t\t\t\t<p><strong>CLIENTE: ORON -PAMCO-SHURA<\/strong><\/p><p>Autopista 60 Israel &#8211; Palestina La autopista sigue en gran medida la misma ruta general que el <a title=\"Camino de los Patriarcas\" href=\"https:\/\/en.wikipedia.org\/wiki\/Way_of_the_Patriarchs\" rel=\"nofollow noopener\" target=\"_blank\">\u00abCamino de los Patriarcas <\/a><a title=\"Biblia hebrea\" href=\"https:\/\/en.wikipedia.org\/wiki\/Hebrew_Bible\" rel=\"nofollow noopener\" target=\"_blank\">\u00bb b\u00edblico<\/a> ( <a title=\"Lengua hebrea\" href=\"https:\/\/en.wikipedia.org\/wiki\/Hebrew_language\" rel=\"nofollow noopener\" target=\"_blank\">hebreo<\/a>: <span dir=\"rtl\" lang=\"he\">\u05d3\u05e8\u05da \u05d4\u05d0\u05d1\u05d5\u05ea<\/span> ), ya que tambi\u00e9n sigue la <a title=\"La divisoria de aguas\" href=\"https:\/\/en.wikipedia.org\/wiki\/Water_divide\" rel=\"nofollow noopener\" target=\"_blank\">divisoria de aguas<\/a> central del pa\u00eds de las colinas, que ocupa un lugar destacado en los viajes de <a title=\"Patriarcas (Biblia)\" href=\"https:\/\/en.wikipedia.org\/wiki\/Patriarchs_(Bible)\" rel=\"nofollow noopener\" target=\"_blank\">los Patriarcas b\u00edblicos<\/a>. de Wikipedia) <\/p><p style=\"margin-right: 0px; margin-bottom: 12px; margin-left: 0px; font-variant-numeric: normal; font-variant-east-asian: normal; font-stretch: normal; font-size: 13.3px; line-height: normal; font-family: Times; color: #183769; text-align: justify;\"><span style=\"text-align: justify; color: #7a7a7a; font-family: Roboto, sans-serif; font-size: 1rem;\"><strong>TFI &#8211; Tunnels &amp; Formworks International dise\u00f1\u00f3 y fabric\u00f3 los sistemas de encofrado<\/strong><\/span><\/p><p style=\"margin-right: 0px; margin-bottom: 12px; margin-left: 0px; font-variant-numeric: normal; font-variant-east-asian: normal; font-stretch: normal; font-size: 13.3px; line-height: normal; font-family: Times; color: #183769; text-align: justify;\"><span style=\"text-align: justify; color: #7a7a7a; font-family: Roboto, sans-serif; font-size: 1rem;\"> <\/span><\/p>\t\t\t\t\t\t\t\t<\/div>\n\t\t\t\t<\/div>\n\t\t\t\t\t<\/div>\n\t\t<\/div>\n\t\t\t\t\t<\/div>\n\t\t<\/section>\n\t\t\t\t<section class=\"elementor-section elementor-top-section elementor-element elementor-element-4b3fe53 elementor-section-boxed elementor-section-height-default elementor-section-height-default\" data-id=\"4b3fe53\" data-element_type=\"section\" data-e-type=\"section\">\n\t\t\t\t\t\t<div class=\"elementor-container elementor-column-gap-default\">\n\t\t\t\t\t<div class=\"elementor-column elementor-col-100 elementor-top-column elementor-element elementor-element-7ac8811\" data-id=\"7ac8811\" data-element_type=\"column\" data-e-type=\"column\">\n\t\t\t<div class=\"elementor-widget-wrap elementor-element-populated\">\n\t\t\t\t\t\t<div class=\"elementor-element elementor-element-c333b0f elementor-widget elementor-widget-video\" data-id=\"c333b0f\" data-element_type=\"widget\" data-e-type=\"widget\" data-settings=\"{&quot;video_type&quot;:&quot;hosted&quot;,&quot;loop&quot;:&quot;yes&quot;,&quot;autoplay&quot;:&quot;yes&quot;,&quot;mute&quot;:&quot;yes&quot;,&quot;play_on_mobile&quot;:&quot;yes&quot;,&quot;controls&quot;:&quot;yes&quot;}\" data-widget_type=\"video.default\">\n\t\t\t\t<div class=\"elementor-widget-container\">\n\t\t\t\t\t\t\t<div class=\"e-hosted-video elementor-wrapper elementor-open-inline\">\n\t\t\t\t\t<video class=\"elementor-video\" src=\"https:\/\/www.tfinternational.eu\/wp-content\/uploads\/2022\/04\/Gerusalemme-Road-60-sito.mp4\" autoplay=\"\" loop=\"\" controls=\"\" muted=\"muted\" playsinline=\"\" controlsList=\"nodownload\"><\/video>\n\t\t\t\t<\/div>\n\t\t\t\t\t\t<\/div>\n\t\t\t\t<\/div>\n\t\t\t\t\t<\/div>\n\t\t<\/div>\n\t\t\t\t\t<\/div>\n\t\t<\/section>\n\t\t\t\t<section class=\"elementor-section elementor-top-section elementor-element elementor-element-da6e3c3 elementor-section-boxed elementor-section-height-default elementor-section-height-default\" data-id=\"da6e3c3\" data-element_type=\"section\" data-e-type=\"section\">\n\t\t\t\t\t\t<div class=\"elementor-container elementor-column-gap-default\">\n\t\t\t\t\t<div class=\"elementor-column elementor-col-100 elementor-top-column elementor-element elementor-element-e161516\" data-id=\"e161516\" data-element_type=\"column\" data-e-type=\"column\">\n\t\t\t<div class=\"elementor-widget-wrap elementor-element-populated\">\n\t\t\t\t\t\t<div class=\"elementor-element elementor-element-eb7f95d elementor-widget elementor-widget-spacer\" data-id=\"eb7f95d\" data-element_type=\"widget\" data-e-type=\"widget\" data-widget_type=\"spacer.default\">\n\t\t\t\t<div class=\"elementor-widget-container\">\n\t\t\t\t\t\t\t<div class=\"elementor-spacer\">\n\t\t\t<div class=\"elementor-spacer-inner\"><\/div>\n\t\t<\/div>\n\t\t\t\t\t\t<\/div>\n\t\t\t\t<\/div>\n\t\t\t\t\t<\/div>\n\t\t<\/div>\n\t\t\t\t\t<\/div>\n\t\t<\/section>\n\t\t\t\t<section class=\"elementor-section elementor-top-section elementor-element elementor-element-bfe7507 elementor-section-boxed elementor-section-height-default elementor-section-height-default\" data-id=\"bfe7507\" data-element_type=\"section\" data-e-type=\"section\">\n\t\t\t\t\t\t<div class=\"elementor-container elementor-column-gap-default\">\n\t\t\t\t\t<div class=\"elementor-column elementor-col-100 elementor-top-column elementor-element elementor-element-dfe8886\" data-id=\"dfe8886\" data-element_type=\"column\" data-e-type=\"column\">\n\t\t\t<div class=\"elementor-widget-wrap elementor-element-populated\">\n\t\t\t\t\t\t<div class=\"elementor-element elementor-element-a05c378 elementor-widget elementor-widget-gallery\" data-id=\"a05c378\" data-element_type=\"widget\" data-e-type=\"widget\" data-settings=\"{&quot;lazyload&quot;:&quot;yes&quot;,&quot;gallery_layout&quot;:&quot;grid&quot;,&quot;columns&quot;:4,&quot;columns_tablet&quot;:2,&quot;columns_mobile&quot;:1,&quot;gap&quot;:{&quot;unit&quot;:&quot;px&quot;,&quot;size&quot;:10,&quot;sizes&quot;:[]},&quot;gap_tablet&quot;:{&quot;unit&quot;:&quot;px&quot;,&quot;size&quot;:10,&quot;sizes&quot;:[]},&quot;gap_mobile&quot;:{&quot;unit&quot;:&quot;px&quot;,&quot;size&quot;:10,&quot;sizes&quot;:[]},&quot;link_to&quot;:&quot;file&quot;,&quot;aspect_ratio&quot;:&quot;3:2&quot;,&quot;overlay_background&quot;:&quot;yes&quot;,&quot;content_hover_animation&quot;:&quot;fade-in&quot;}\" data-widget_type=\"gallery.default\">\n\t\t\t\t<div class=\"elementor-widget-container\">\n\t\t\t\t\t\t\t<div class=\"elementor-gallery__container\">\n\t\t\t\t\t\t\t<a class=\"e-gallery-item elementor-gallery-item elementor-animated-content\" href=\"https:\/\/www.tfinternational.eu\/wp-content\/uploads\/2023\/03\/Jerusalem-ORON-1.jpg\" data-elementor-open-lightbox=\"yes\" data-elementor-lightbox-slideshow=\"a05c378\" data-elementor-lightbox-title=\"Jerusalem-ORON-1\" data-e-action-hash=\"#elementor-action%3Aaction%3Dlightbox%26settings%3DeyJpZCI6Njc2MywidXJsIjoiaHR0cHM6XC9cL3d3dy50ZmludGVybmF0aW9uYWwuZXVcL3dwLWNvbnRlbnRcL3VwbG9hZHNcLzIwMjNcLzAzXC9KZXJ1c2FsZW0tT1JPTi0xLmpwZyIsInNsaWRlc2hvdyI6ImEwNWMzNzgifQ%3D%3D\">\n\t\t\t\t\t<div class=\"e-gallery-image elementor-gallery-item__image\" data-thumbnail=\"https:\/\/www.tfinternational.eu\/wp-content\/uploads\/2023\/03\/Jerusalem-ORON-1-300x195.jpg\" data-width=\"300\" data-height=\"195\" aria-label=\"\" role=\"img\" ><\/div>\n\t\t\t\t\t\t\t\t\t\t\t<div class=\"elementor-gallery-item__overlay\"><\/div>\n\t\t\t\t\t\t\t\t\t\t\t\t\t\t<\/a>\n\t\t\t\t\t\t\t<a class=\"e-gallery-item elementor-gallery-item elementor-animated-content\" href=\"https:\/\/www.tfinternational.eu\/wp-content\/uploads\/2022\/08\/Israele-Gerusalemme-e1659625018211.jpeg\" data-elementor-open-lightbox=\"yes\" data-elementor-lightbox-slideshow=\"a05c378\" data-elementor-lightbox-title=\"Israele-Gerusalemme\" data-e-action-hash=\"#elementor-action%3Aaction%3Dlightbox%26settings%3DeyJpZCI6NjQ3MCwidXJsIjoiaHR0cHM6XC9cL3d3dy50ZmludGVybmF0aW9uYWwuZXVcL3dwLWNvbnRlbnRcL3VwbG9hZHNcLzIwMjJcLzA4XC9Jc3JhZWxlLUdlcnVzYWxlbW1lLWUxNjU5NjI1MDE4MjExLmpwZWciLCJzbGlkZXNob3ciOiJhMDVjMzc4In0%3D\">\n\t\t\t\t\t<div class=\"e-gallery-image elementor-gallery-item__image\" data-thumbnail=\"https:\/\/www.tfinternational.eu\/wp-content\/uploads\/2022\/08\/Israele-Gerusalemme-e1659625018211-300x225.jpeg\" data-width=\"300\" data-height=\"225\" aria-label=\"\" role=\"img\" ><\/div>\n\t\t\t\t\t\t\t\t\t\t\t<div class=\"elementor-gallery-item__overlay\"><\/div>\n\t\t\t\t\t\t\t\t\t\t\t\t\t\t<\/a>\n\t\t\t\t\t\t\t<a class=\"e-gallery-item elementor-gallery-item elementor-animated-content\" href=\"https:\/\/www.tfinternational.eu\/wp-content\/uploads\/2022\/08\/Israele-Road6-ORON.-3-e1660143792895.jpeg\" data-elementor-open-lightbox=\"yes\" data-elementor-lightbox-slideshow=\"a05c378\" data-elementor-lightbox-title=\"Israele-Road6-ORON.-3\" data-e-action-hash=\"#elementor-action%3Aaction%3Dlightbox%26settings%3DeyJpZCI6NjUwMywidXJsIjoiaHR0cHM6XC9cL3d3dy50ZmludGVybmF0aW9uYWwuZXVcL3dwLWNvbnRlbnRcL3VwbG9hZHNcLzIwMjJcLzA4XC9Jc3JhZWxlLVJvYWQ2LU9ST04uLTMtZTE2NjAxNDM3OTI4OTUuanBlZyIsInNsaWRlc2hvdyI6ImEwNWMzNzgifQ%3D%3D\">\n\t\t\t\t\t<div class=\"e-gallery-image elementor-gallery-item__image\" data-thumbnail=\"https:\/\/www.tfinternational.eu\/wp-content\/uploads\/2022\/08\/Israele-Road6-ORON.-3-e1660143792895-300x225.jpeg\" data-width=\"300\" data-height=\"225\" aria-label=\"\" role=\"img\" ><\/div>\n\t\t\t\t\t\t\t\t\t\t\t<div class=\"elementor-gallery-item__overlay\"><\/div>\n\t\t\t\t\t\t\t\t\t\t\t\t\t\t<\/a>\n\t\t\t\t\t\t\t<a class=\"e-gallery-item elementor-gallery-item elementor-animated-content\" href=\"https:\/\/www.tfinternational.eu\/wp-content\/uploads\/2023\/03\/Jerusalem-ORON-4.jpg\" data-elementor-open-lightbox=\"yes\" data-elementor-lightbox-slideshow=\"a05c378\" data-elementor-lightbox-title=\"Jerusalem-ORON-4\" data-e-action-hash=\"#elementor-action%3Aaction%3Dlightbox%26settings%3DeyJpZCI6Njc3MiwidXJsIjoiaHR0cHM6XC9cL3d3dy50ZmludGVybmF0aW9uYWwuZXVcL3dwLWNvbnRlbnRcL3VwbG9hZHNcLzIwMjNcLzAzXC9KZXJ1c2FsZW0tT1JPTi00LmpwZyIsInNsaWRlc2hvdyI6ImEwNWMzNzgifQ%3D%3D\">\n\t\t\t\t\t<div class=\"e-gallery-image elementor-gallery-item__image\" data-thumbnail=\"https:\/\/www.tfinternational.eu\/wp-content\/uploads\/2023\/03\/Jerusalem-ORON-4-284x300.jpg\" data-width=\"284\" data-height=\"300\" aria-label=\"\" role=\"img\" ><\/div>\n\t\t\t\t\t\t\t\t\t\t\t<div class=\"elementor-gallery-item__overlay\"><\/div>\n\t\t\t\t\t\t\t\t\t\t\t\t\t\t<\/a>\n\t\t\t\t\t\t\t<a class=\"e-gallery-item elementor-gallery-item elementor-animated-content\" href=\"https:\/\/www.tfinternational.eu\/wp-content\/uploads\/2022\/04\/Israele-Route-60-11-e1651508587172.jpg\" data-elementor-open-lightbox=\"yes\" data-elementor-lightbox-slideshow=\"a05c378\" data-elementor-lightbox-title=\"Israele-Route-60-11\" data-e-action-hash=\"#elementor-action%3Aaction%3Dlightbox%26settings%3DeyJpZCI6NTkyMywidXJsIjoiaHR0cHM6XC9cL3d3dy50ZmludGVybmF0aW9uYWwuZXVcL3dwLWNvbnRlbnRcL3VwbG9hZHNcLzIwMjJcLzA0XC9Jc3JhZWxlLVJvdXRlLTYwLTExLWUxNjUxNTA4NTg3MTcyLmpwZyIsInNsaWRlc2hvdyI6ImEwNWMzNzgifQ%3D%3D\">\n\t\t\t\t\t<div class=\"e-gallery-image elementor-gallery-item__image\" data-thumbnail=\"https:\/\/www.tfinternational.eu\/wp-content\/uploads\/2022\/04\/Israele-Route-60-11-e1651508587172-300x225.jpg\" data-width=\"300\" data-height=\"225\" aria-label=\"Israele Road 60\" role=\"img\" ><\/div>\n\t\t\t\t\t\t\t\t\t\t\t<div class=\"elementor-gallery-item__overlay\"><\/div>\n\t\t\t\t\t\t\t\t\t\t\t\t\t\t<\/a>\n\t\t\t\t\t\t\t<a class=\"e-gallery-item elementor-gallery-item elementor-animated-content\" href=\"https:\/\/www.tfinternational.eu\/wp-content\/uploads\/2022\/08\/Israele-Road6-ORON-e1660143780115.jpeg\" data-elementor-open-lightbox=\"yes\" data-elementor-lightbox-slideshow=\"a05c378\" data-elementor-lightbox-title=\"Israele-Road6-ORON\" data-e-action-hash=\"#elementor-action%3Aaction%3Dlightbox%26settings%3DeyJpZCI6NjUwNiwidXJsIjoiaHR0cHM6XC9cL3d3dy50ZmludGVybmF0aW9uYWwuZXVcL3dwLWNvbnRlbnRcL3VwbG9hZHNcLzIwMjJcLzA4XC9Jc3JhZWxlLVJvYWQ2LU9ST04tZTE2NjAxNDM3ODAxMTUuanBlZyIsInNsaWRlc2hvdyI6ImEwNWMzNzgifQ%3D%3D\">\n\t\t\t\t\t<div class=\"e-gallery-image elementor-gallery-item__image\" data-thumbnail=\"https:\/\/www.tfinternational.eu\/wp-content\/uploads\/2022\/08\/Israele-Road6-ORON-e1660143780115-300x225.jpeg\" data-width=\"300\" data-height=\"225\" aria-label=\"\" role=\"img\" ><\/div>\n\t\t\t\t\t\t\t\t\t\t\t<div class=\"elementor-gallery-item__overlay\"><\/div>\n\t\t\t\t\t\t\t\t\t\t\t\t\t\t<\/a>\n\t\t\t\t\t\t\t<a class=\"e-gallery-item elementor-gallery-item elementor-animated-content\" href=\"https:\/\/www.tfinternational.eu\/wp-content\/uploads\/2022\/04\/Israele-Route-60-8-e1651508616321.jpg\" data-elementor-open-lightbox=\"yes\" data-elementor-lightbox-slideshow=\"a05c378\" data-elementor-lightbox-title=\"Israele-Route-60-8\" data-e-action-hash=\"#elementor-action%3Aaction%3Dlightbox%26settings%3DeyJpZCI6NTkxNCwidXJsIjoiaHR0cHM6XC9cL3d3dy50ZmludGVybmF0aW9uYWwuZXVcL3dwLWNvbnRlbnRcL3VwbG9hZHNcLzIwMjJcLzA0XC9Jc3JhZWxlLVJvdXRlLTYwLTgtZTE2NTE1MDg2MTYzMjEuanBnIiwic2xpZGVzaG93IjoiYTA1YzM3OCJ9\">\n\t\t\t\t\t<div class=\"e-gallery-image elementor-gallery-item__image\" data-thumbnail=\"https:\/\/www.tfinternational.eu\/wp-content\/uploads\/2022\/04\/Israele-Route-60-8-e1651508616321-300x225.jpg\" data-width=\"300\" data-height=\"225\" aria-label=\"Israele Road 60\" role=\"img\" ><\/div>\n\t\t\t\t\t\t\t\t\t\t\t<div class=\"elementor-gallery-item__overlay\"><\/div>\n\t\t\t\t\t\t\t\t\t\t\t\t\t\t<\/a>\n\t\t\t\t\t\t\t<a class=\"e-gallery-item elementor-gallery-item elementor-animated-content\" href=\"https:\/\/www.tfinternational.eu\/wp-content\/uploads\/2022\/04\/Israele-Route-60-7-e1651508634320.jpg\" data-elementor-open-lightbox=\"yes\" data-elementor-lightbox-slideshow=\"a05c378\" data-elementor-lightbox-title=\"Israele-Route-60-7\" data-e-action-hash=\"#elementor-action%3Aaction%3Dlightbox%26settings%3DeyJpZCI6NTkxMSwidXJsIjoiaHR0cHM6XC9cL3d3dy50ZmludGVybmF0aW9uYWwuZXVcL3dwLWNvbnRlbnRcL3VwbG9hZHNcLzIwMjJcLzA0XC9Jc3JhZWxlLVJvdXRlLTYwLTctZTE2NTE1MDg2MzQzMjAuanBnIiwic2xpZGVzaG93IjoiYTA1YzM3OCJ9\">\n\t\t\t\t\t<div class=\"e-gallery-image elementor-gallery-item__image\" data-thumbnail=\"https:\/\/www.tfinternational.eu\/wp-content\/uploads\/2022\/04\/Israele-Route-60-7-e1651508634320-300x225.jpg\" data-width=\"300\" data-height=\"225\" aria-label=\"Israele Road 60\" role=\"img\" ><\/div>\n\t\t\t\t\t\t\t\t\t\t\t<div class=\"elementor-gallery-item__overlay\"><\/div>\n\t\t\t\t\t\t\t\t\t\t\t\t\t\t<\/a>\n\t\t\t\t\t<\/div>\n\t\t\t\t\t<\/div>\n\t\t\t\t<\/div>\n\t\t\t\t\t<\/div>\n\t\t<\/div>\n\t\t\t\t\t<\/div>\n\t\t<\/section>\n\t\t\t\t<section class=\"elementor-section elementor-top-section elementor-element elementor-element-afae331 elementor-section-boxed elementor-section-height-default elementor-section-height-default\" data-id=\"afae331\" data-element_type=\"section\" data-e-type=\"section\">\n\t\t\t\t\t\t<div class=\"elementor-container elementor-column-gap-default\">\n\t\t\t\t\t<div class=\"elementor-column elementor-col-100 elementor-top-column elementor-element elementor-element-89158ab\" data-id=\"89158ab\" data-element_type=\"column\" data-e-type=\"column\">\n\t\t\t<div class=\"elementor-widget-wrap elementor-element-populated\">\n\t\t\t\t\t\t<div class=\"elementor-element elementor-element-dee3adf elementor-widget elementor-widget-spacer\" data-id=\"dee3adf\" data-element_type=\"widget\" data-e-type=\"widget\" data-widget_type=\"spacer.default\">\n\t\t\t\t<div class=\"elementor-widget-container\">\n\t\t\t\t\t\t\t<div class=\"elementor-spacer\">\n\t\t\t<div class=\"elementor-spacer-inner\"><\/div>\n\t\t<\/div>\n\t\t\t\t\t\t<\/div>\n\t\t\t\t<\/div>\n\t\t\t\t\t<\/div>\n\t\t<\/div>\n\t\t\t\t\t<\/div>\n\t\t<\/section>\n\t\t\t\t<section class=\"elementor-section elementor-top-section elementor-element elementor-element-491e785 elementor-section-boxed elementor-section-height-default elementor-section-height-default\" data-id=\"491e785\" data-element_type=\"section\" data-e-type=\"section\">\n\t\t\t\t\t\t<div class=\"elementor-container elementor-column-gap-default\">\n\t\t\t\t\t<div class=\"elementor-column elementor-col-100 elementor-top-column elementor-element elementor-element-42ea291\" data-id=\"42ea291\" data-element_type=\"column\" data-e-type=\"column\">\n\t\t\t<div class=\"elementor-widget-wrap elementor-element-populated\">\n\t\t\t\t\t\t<div class=\"elementor-element elementor-element-665790d elementor-widget elementor-widget-spacer\" data-id=\"665790d\" data-element_type=\"widget\" data-e-type=\"widget\" data-widget_type=\"spacer.default\">\n\t\t\t\t<div class=\"elementor-widget-container\">\n\t\t\t\t\t\t\t<div class=\"elementor-spacer\">\n\t\t\t<div class=\"elementor-spacer-inner\"><\/div>\n\t\t<\/div>\n\t\t\t\t\t\t<\/div>\n\t\t\t\t<\/div>\n\t\t\t\t\t<\/div>\n\t\t<\/div>\n\t\t\t\t\t<\/div>\n\t\t<\/section>\n\t\t\t\t<\/div>\n\t\t","protected":false},"excerpt":{"rendered":"<p>Israel &#8211; Jerusal\u00e9n Volver al mapa PROYECTO: ISRAEL &#8211; JERUSAL\u00c9N CARRETERA 60 CLIENTE: ORON -PAMCO-SHURA Autopista 60 Israel &#8211; Palestina La autopista sigue en gran medida la misma ruta general que el \u00abCamino de los Patriarcas \u00bb b\u00edblico ( hebreo: \u05d3\u05e8\u05da \u05d4\u05d0\u05d1\u05d5\u05ea ), ya que tambi\u00e9n sigue la divisoria de aguas central del pa\u00eds de [&hellip;]<\/p>\n","protected":false},"author":2,"featured_media":0,"parent":0,"menu_order":0,"comment_status":"closed","ping_status":"closed","template":"","meta":{"footnotes":""},"class_list":["post-5872","page","type-page","status-publish","hentry"],"_links":{"self":[{"href":"https:\/\/www.tfinternational.eu\/es\/wp-json\/wp\/v2\/pages\/5872","targetHints":{"allow":["GET"]}}],"collection":[{"href":"https:\/\/www.tfinternational.eu\/es\/wp-json\/wp\/v2\/pages"}],"about":[{"href":"https:\/\/www.tfinternational.eu\/es\/wp-json\/wp\/v2\/types\/page"}],"author":[{"embeddable":true,"href":"https:\/\/www.tfinternational.eu\/es\/wp-json\/wp\/v2\/users\/2"}],"replies":[{"embeddable":true,"href":"https:\/\/www.tfinternational.eu\/es\/wp-json\/wp\/v2\/comments?post=5872"}],"version-history":[{"count":4,"href":"https:\/\/www.tfinternational.eu\/es\/wp-json\/wp\/v2\/pages\/5872\/revisions"}],"predecessor-version":[{"id":7788,"href":"https:\/\/www.tfinternational.eu\/es\/wp-json\/wp\/v2\/pages\/5872\/revisions\/7788"}],"wp:attachment":[{"href":"https:\/\/www.tfinternational.eu\/es\/wp-json\/wp\/v2\/media?parent=5872"}],"curies":[{"name":"wp","href":"https:\/\/api.w.org\/{rel}","templated":true}]}}