{"id":7842,"date":"2026-04-05T15:51:11","date_gmt":"2026-04-05T13:51:11","guid":{"rendered":"https:\/\/www.tfinternational.eu\/italia-messina-catania-2\/"},"modified":"2026-04-05T15:51:13","modified_gmt":"2026-04-05T13:51:13","slug":"italia-messina-catania-2","status":"publish","type":"page","link":"https:\/\/www.tfinternational.eu\/es\/italia-messina-catania-2\/","title":{"rendered":"Italia &#8211; Messina Catania"},"content":{"rendered":"\t\t<div data-elementor-type=\"wp-page\" data-elementor-id=\"7842\" class=\"elementor elementor-7842 elementor-7357\" data-elementor-post-type=\"page\">\n\t\t\t\t\t\t<section class=\"elementor-section elementor-top-section elementor-element elementor-element-ce17588 elementor-section-boxed elementor-section-height-default elementor-section-height-default\" data-id=\"ce17588\" data-element_type=\"section\" data-e-type=\"section\">\n\t\t\t\t\t\t<div class=\"elementor-container elementor-column-gap-default\">\n\t\t\t\t\t<div class=\"elementor-column elementor-col-100 elementor-top-column elementor-element elementor-element-5714ad6\" data-id=\"5714ad6\" data-element_type=\"column\" data-e-type=\"column\">\n\t\t\t<div class=\"elementor-widget-wrap elementor-element-populated\">\n\t\t\t\t\t\t<div class=\"elementor-element elementor-element-2d2b98e elementor-widget elementor-widget-heading\" data-id=\"2d2b98e\" data-element_type=\"widget\" data-e-type=\"widget\" data-widget_type=\"heading.default\">\n\t\t\t\t<div class=\"elementor-widget-container\">\n\t\t\t\t\t<h1 class=\"elementor-heading-title elementor-size-default\">Italia - Messina Catania<\/h1>\t\t\t\t<\/div>\n\t\t\t\t<\/div>\n\t\t\t\t\t<\/div>\n\t\t<\/div>\n\t\t\t\t\t<\/div>\n\t\t<\/section>\n\t\t\t\t<section class=\"elementor-section elementor-top-section elementor-element elementor-element-cba0204 elementor-section-height-min-height elementor-section-boxed elementor-section-height-default elementor-section-items-middle\" data-id=\"cba0204\" data-element_type=\"section\" data-e-type=\"section\" data-settings=\"{&quot;background_background&quot;:&quot;slideshow&quot;,&quot;background_slideshow_gallery&quot;:[{&quot;id&quot;:7361,&quot;url&quot;:&quot;https:\\\/\\\/www.tfinternational.eu\\\/wp-content\\\/uploads\\\/2026\\\/03\\\/MESSINA-CATANIA-1-scaled.jpg&quot;},{&quot;id&quot;:7364,&quot;url&quot;:&quot;https:\\\/\\\/www.tfinternational.eu\\\/wp-content\\\/uploads\\\/2026\\\/03\\\/MESSINA-CATANIA-5.jpg&quot;},{&quot;id&quot;:7367,&quot;url&quot;:&quot;https:\\\/\\\/www.tfinternational.eu\\\/wp-content\\\/uploads\\\/2026\\\/03\\\/MESSINA-CATANIA-6.jpg&quot;},{&quot;id&quot;:7370,&quot;url&quot;:&quot;https:\\\/\\\/www.tfinternational.eu\\\/wp-content\\\/uploads\\\/2026\\\/03\\\/MESSINA-CATANIA-11.jpg&quot;}],&quot;background_slideshow_loop&quot;:&quot;yes&quot;,&quot;background_slideshow_slide_duration&quot;:5000,&quot;background_slideshow_slide_transition&quot;:&quot;fade&quot;,&quot;background_slideshow_transition_duration&quot;:500}\">\n\t\t\t\t\t\t<div class=\"elementor-container elementor-column-gap-default\">\n\t\t\t\t\t<div class=\"elementor-column elementor-col-100 elementor-top-column elementor-element elementor-element-8189f31\" data-id=\"8189f31\" data-element_type=\"column\" data-e-type=\"column\">\n\t\t\t<div class=\"elementor-widget-wrap\">\n\t\t\t\t\t\t\t<\/div>\n\t\t<\/div>\n\t\t\t\t\t<\/div>\n\t\t<\/section>\n\t\t\t\t<section class=\"elementor-section elementor-top-section elementor-element elementor-element-472ddb4 elementor-section-boxed elementor-section-height-default elementor-section-height-default\" data-id=\"472ddb4\" data-element_type=\"section\" data-e-type=\"section\">\n\t\t\t\t\t\t<div class=\"elementor-container elementor-column-gap-default\">\n\t\t\t\t\t<div class=\"elementor-column elementor-col-100 elementor-top-column elementor-element elementor-element-48db0a3\" data-id=\"48db0a3\" data-element_type=\"column\" data-e-type=\"column\">\n\t\t\t<div class=\"elementor-widget-wrap elementor-element-populated\">\n\t\t\t\t\t\t<div class=\"elementor-element elementor-element-a1623f5 elementor-widget elementor-widget-heading\" data-id=\"a1623f5\" data-element_type=\"widget\" data-e-type=\"widget\" data-widget_type=\"heading.default\">\n\t\t\t\t<div class=\"elementor-widget-container\">\n\t\t\t\t\t<h2 class=\"elementor-heading-title elementor-size-medium\"><a href=\"https:\/\/www.sydneymetro.info\/\">PUENTE ELEVADO MESSINA-CATANIA, TRAMO NORTE \u2013 CLIENTE WEBUILD<\/a><\/h2>\t\t\t\t<\/div>\n\t\t\t\t<\/div>\n\t\t\t\t\t<\/div>\n\t\t<\/div>\n\t\t\t\t\t<\/div>\n\t\t<\/section>\n\t\t\t\t<section class=\"elementor-section elementor-top-section elementor-element elementor-element-9eee834 elementor-section-boxed elementor-section-height-default elementor-section-height-default\" data-id=\"9eee834\" data-element_type=\"section\" data-e-type=\"section\">\n\t\t\t\t\t\t<div class=\"elementor-container elementor-column-gap-default\">\n\t\t\t\t\t<div class=\"elementor-column elementor-col-100 elementor-top-column elementor-element elementor-element-a0c79ad\" data-id=\"a0c79ad\" data-element_type=\"column\" data-e-type=\"column\">\n\t\t\t<div class=\"elementor-widget-wrap elementor-element-populated\">\n\t\t\t\t\t\t<div class=\"elementor-element elementor-element-c975ade elementor-widget elementor-widget-text-editor\" data-id=\"c975ade\" data-element_type=\"widget\" data-e-type=\"widget\" data-widget_type=\"text-editor.default\">\n\t\t\t\t<div class=\"elementor-widget-container\">\n\t\t\t\t\t\t\t\t\t<p style=\"font-weight: 400;\"><strong>Dise\u00f1o detallado y construcci\u00f3n de la duplicaci\u00f3n de la l\u00ednea ferroviaria Messina-Catania, en el tramo Giampilieri-Fiumefreddo. <\/strong><\/p><p style=\"font-weight: 400;\"><strong>TRAMO 2, TAORMINA-GIAMPILIERI. (\u201cOBRA\u201d). <\/strong><\/p><p style=\"font-weight: 400;\"><strong>TFI \u2013 Tunnels &amp; Formworks International OBJETIVO PRINCIPAL: Dise\u00f1o, suministro y transporte de tres puentes elevados para el vaciado de la solera en los t\u00faneles excavados con tuneladora. <\/strong><\/p>\t\t\t\t\t\t\t\t<\/div>\n\t\t\t\t<\/div>\n\t\t\t\t\t<\/div>\n\t\t<\/div>\n\t\t\t\t\t<\/div>\n\t\t<\/section>\n\t\t\t\t<section class=\"elementor-section elementor-top-section elementor-element elementor-element-947dafc elementor-section-boxed elementor-section-height-default elementor-section-height-default\" data-id=\"947dafc\" data-element_type=\"section\" data-e-type=\"section\">\n\t\t\t\t\t\t<div class=\"elementor-container elementor-column-gap-default\">\n\t\t\t\t\t<div class=\"elementor-column elementor-col-100 elementor-top-column elementor-element elementor-element-e43b428\" data-id=\"e43b428\" data-element_type=\"column\" data-e-type=\"column\">\n\t\t\t<div class=\"elementor-widget-wrap elementor-element-populated\">\n\t\t\t\t\t\t<div class=\"elementor-element elementor-element-3ba2c09 elementor-widget elementor-widget-spacer\" data-id=\"3ba2c09\" data-element_type=\"widget\" data-e-type=\"widget\" data-widget_type=\"spacer.default\">\n\t\t\t\t<div class=\"elementor-widget-container\">\n\t\t\t\t\t\t\t<div class=\"elementor-spacer\">\n\t\t\t<div class=\"elementor-spacer-inner\"><\/div>\n\t\t<\/div>\n\t\t\t\t\t\t<\/div>\n\t\t\t\t<\/div>\n\t\t\t\t\t<\/div>\n\t\t<\/div>\n\t\t\t\t\t<\/div>\n\t\t<\/section>\n\t\t\t\t<section class=\"elementor-section elementor-top-section elementor-element elementor-element-9da1f8f elementor-section-boxed elementor-section-height-default elementor-section-height-default\" data-id=\"9da1f8f\" data-element_type=\"section\" data-e-type=\"section\">\n\t\t\t\t\t\t<div class=\"elementor-container elementor-column-gap-default\">\n\t\t\t\t\t<div class=\"elementor-column elementor-col-100 elementor-top-column elementor-element elementor-element-4861461\" data-id=\"4861461\" data-element_type=\"column\" data-e-type=\"column\">\n\t\t\t<div class=\"elementor-widget-wrap elementor-element-populated\">\n\t\t\t\t\t\t<div class=\"elementor-element elementor-element-3be2a3c elementor-align-right elementor-widget elementor-widget-button\" data-id=\"3be2a3c\" data-element_type=\"widget\" data-e-type=\"widget\" data-settings=\"{&quot;motion_fx_motion_fx_scrolling&quot;:&quot;yes&quot;,&quot;motion_fx_translateY_effect&quot;:&quot;yes&quot;,&quot;motion_fx_translateY_direction&quot;:&quot;negative&quot;,&quot;motion_fx_translateY_speed&quot;:{&quot;unit&quot;:&quot;px&quot;,&quot;size&quot;:10,&quot;sizes&quot;:[]},&quot;motion_fx_devices&quot;:[&quot;desktop&quot;,&quot;tablet&quot;],&quot;sticky&quot;:&quot;top&quot;,&quot;sticky_on&quot;:[&quot;desktop&quot;,&quot;tablet&quot;],&quot;motion_fx_translateY_affectedRange&quot;:{&quot;unit&quot;:&quot;%&quot;,&quot;size&quot;:&quot;&quot;,&quot;sizes&quot;:{&quot;start&quot;:0,&quot;end&quot;:100}},&quot;sticky_offset&quot;:0,&quot;sticky_effects_offset&quot;:0,&quot;sticky_anchor_link_offset&quot;:0}\" data-widget_type=\"button.default\">\n\t\t\t\t<div class=\"elementor-widget-container\">\n\t\t\t\t\t\t\t\t\t<div class=\"elementor-button-wrapper\">\n\t\t\t\t\t<a class=\"elementor-button elementor-button-link elementor-size-xs\" href=\"https:\/\/www.tfinternational.eu\/es\/proyectos-2\/\">\n\t\t\t\t\t\t<span class=\"elementor-button-content-wrapper\">\n\t\t\t\t\t\t\t\t\t<span class=\"elementor-button-text\">Volver al mapa<\/span>\n\t\t\t\t\t<\/span>\n\t\t\t\t\t<\/a>\n\t\t\t\t<\/div>\n\t\t\t\t\t\t\t\t<\/div>\n\t\t\t\t<\/div>\n\t\t\t\t\t<\/div>\n\t\t<\/div>\n\t\t\t\t\t<\/div>\n\t\t<\/section>\n\t\t\t\t<section class=\"elementor-section elementor-top-section elementor-element elementor-element-b183c97 elementor-section-boxed elementor-section-height-default elementor-section-height-default\" data-id=\"b183c97\" data-element_type=\"section\" data-e-type=\"section\">\n\t\t\t\t\t\t<div class=\"elementor-container elementor-column-gap-default\">\n\t\t\t\t\t<div class=\"elementor-column elementor-col-100 elementor-top-column elementor-element elementor-element-3e77249\" data-id=\"3e77249\" data-element_type=\"column\" data-e-type=\"column\">\n\t\t\t<div class=\"elementor-widget-wrap elementor-element-populated\">\n\t\t\t\t\t\t<div class=\"elementor-element elementor-element-f21e24f elementor-widget elementor-widget-spacer\" data-id=\"f21e24f\" data-element_type=\"widget\" data-e-type=\"widget\" data-widget_type=\"spacer.default\">\n\t\t\t\t<div class=\"elementor-widget-container\">\n\t\t\t\t\t\t\t<div class=\"elementor-spacer\">\n\t\t\t<div class=\"elementor-spacer-inner\"><\/div>\n\t\t<\/div>\n\t\t\t\t\t\t<\/div>\n\t\t\t\t<\/div>\n\t\t\t\t<div class=\"elementor-element elementor-element-2b3383f elementor-widget elementor-widget-gallery\" data-id=\"2b3383f\" data-element_type=\"widget\" data-e-type=\"widget\" data-settings=\"{&quot;lazyload&quot;:&quot;yes&quot;,&quot;gallery_layout&quot;:&quot;grid&quot;,&quot;columns&quot;:4,&quot;columns_tablet&quot;:2,&quot;columns_mobile&quot;:1,&quot;gap&quot;:{&quot;unit&quot;:&quot;px&quot;,&quot;size&quot;:10,&quot;sizes&quot;:[]},&quot;gap_tablet&quot;:{&quot;unit&quot;:&quot;px&quot;,&quot;size&quot;:10,&quot;sizes&quot;:[]},&quot;gap_mobile&quot;:{&quot;unit&quot;:&quot;px&quot;,&quot;size&quot;:10,&quot;sizes&quot;:[]},&quot;link_to&quot;:&quot;file&quot;,&quot;aspect_ratio&quot;:&quot;3:2&quot;,&quot;overlay_background&quot;:&quot;yes&quot;,&quot;content_hover_animation&quot;:&quot;fade-in&quot;}\" data-widget_type=\"gallery.default\">\n\t\t\t\t<div class=\"elementor-widget-container\">\n\t\t\t\t\t\t\t<div class=\"elementor-gallery__container\">\n\t\t\t\t\t\t\t<a class=\"e-gallery-item elementor-gallery-item elementor-animated-content\" href=\"https:\/\/www.tfinternational.eu\/wp-content\/uploads\/2026\/03\/MESSINA-CATANIA-4.jpg\" data-elementor-open-lightbox=\"yes\" data-elementor-lightbox-slideshow=\"2b3383f\" data-elementor-lightbox-title=\"MESSINA-CATANIA-4\" data-e-action-hash=\"#elementor-action%3Aaction%3Dlightbox%26settings%3DeyJpZCI6NzM4OCwidXJsIjoiaHR0cHM6XC9cL3d3dy50ZmludGVybmF0aW9uYWwuZXVcL3dwLWNvbnRlbnRcL3VwbG9hZHNcLzIwMjZcLzAzXC9NRVNTSU5BLUNBVEFOSUEtNC5qcGciLCJzbGlkZXNob3ciOiIyYjMzODNmIn0%3D\">\n\t\t\t\t\t<div class=\"e-gallery-image elementor-gallery-item__image\" data-thumbnail=\"https:\/\/www.tfinternational.eu\/wp-content\/uploads\/2026\/03\/MESSINA-CATANIA-4-225x300.jpg\" data-width=\"225\" data-height=\"300\" aria-label=\"\" role=\"img\" ><\/div>\n\t\t\t\t\t\t\t\t\t\t\t<div class=\"elementor-gallery-item__overlay\"><\/div>\n\t\t\t\t\t\t\t\t\t\t\t\t\t\t<\/a>\n\t\t\t\t\t\t\t<a class=\"e-gallery-item elementor-gallery-item elementor-animated-content\" href=\"https:\/\/www.tfinternational.eu\/wp-content\/uploads\/2026\/03\/MESSINA-CATANIA-3.jpg\" data-elementor-open-lightbox=\"yes\" data-elementor-lightbox-slideshow=\"2b3383f\" data-elementor-lightbox-title=\"MESSINA-CATANIA-3\" data-e-action-hash=\"#elementor-action%3Aaction%3Dlightbox%26settings%3DeyJpZCI6NzM5MSwidXJsIjoiaHR0cHM6XC9cL3d3dy50ZmludGVybmF0aW9uYWwuZXVcL3dwLWNvbnRlbnRcL3VwbG9hZHNcLzIwMjZcLzAzXC9NRVNTSU5BLUNBVEFOSUEtMy5qcGciLCJzbGlkZXNob3ciOiIyYjMzODNmIn0%3D\">\n\t\t\t\t\t<div class=\"e-gallery-image elementor-gallery-item__image\" data-thumbnail=\"https:\/\/www.tfinternational.eu\/wp-content\/uploads\/2026\/03\/MESSINA-CATANIA-3-225x300.jpg\" data-width=\"225\" data-height=\"300\" aria-label=\"\" role=\"img\" ><\/div>\n\t\t\t\t\t\t\t\t\t\t\t<div class=\"elementor-gallery-item__overlay\"><\/div>\n\t\t\t\t\t\t\t\t\t\t\t\t\t\t<\/a>\n\t\t\t\t\t\t\t<a class=\"e-gallery-item elementor-gallery-item elementor-animated-content\" href=\"https:\/\/www.tfinternational.eu\/wp-content\/uploads\/2026\/03\/MESSINA-CATANIA-7.jpg\" data-elementor-open-lightbox=\"yes\" data-elementor-lightbox-slideshow=\"2b3383f\" data-elementor-lightbox-title=\"MESSINA-CATANIA-7\" data-e-action-hash=\"#elementor-action%3Aaction%3Dlightbox%26settings%3DeyJpZCI6NzM4NSwidXJsIjoiaHR0cHM6XC9cL3d3dy50ZmludGVybmF0aW9uYWwuZXVcL3dwLWNvbnRlbnRcL3VwbG9hZHNcLzIwMjZcLzAzXC9NRVNTSU5BLUNBVEFOSUEtNy5qcGciLCJzbGlkZXNob3ciOiIyYjMzODNmIn0%3D\">\n\t\t\t\t\t<div class=\"e-gallery-image elementor-gallery-item__image\" data-thumbnail=\"https:\/\/www.tfinternational.eu\/wp-content\/uploads\/2026\/03\/MESSINA-CATANIA-7-169x300.jpg\" data-width=\"169\" data-height=\"300\" aria-label=\"\" role=\"img\" ><\/div>\n\t\t\t\t\t\t\t\t\t\t\t<div class=\"elementor-gallery-item__overlay\"><\/div>\n\t\t\t\t\t\t\t\t\t\t\t\t\t\t<\/a>\n\t\t\t\t\t\t\t<a class=\"e-gallery-item elementor-gallery-item elementor-animated-content\" href=\"https:\/\/www.tfinternational.eu\/wp-content\/uploads\/2026\/03\/MESSINA-CATANIA-8.jpg\" data-elementor-open-lightbox=\"yes\" data-elementor-lightbox-slideshow=\"2b3383f\" data-elementor-lightbox-title=\"MESSINA-CATANIA-8\" data-e-action-hash=\"#elementor-action%3Aaction%3Dlightbox%26settings%3DeyJpZCI6NzM4MiwidXJsIjoiaHR0cHM6XC9cL3d3dy50ZmludGVybmF0aW9uYWwuZXVcL3dwLWNvbnRlbnRcL3VwbG9hZHNcLzIwMjZcLzAzXC9NRVNTSU5BLUNBVEFOSUEtOC5qcGciLCJzbGlkZXNob3ciOiIyYjMzODNmIn0%3D\">\n\t\t\t\t\t<div class=\"e-gallery-image elementor-gallery-item__image\" data-thumbnail=\"https:\/\/www.tfinternational.eu\/wp-content\/uploads\/2026\/03\/MESSINA-CATANIA-8-225x300.jpg\" data-width=\"225\" data-height=\"300\" aria-label=\"\" role=\"img\" ><\/div>\n\t\t\t\t\t\t\t\t\t\t\t<div class=\"elementor-gallery-item__overlay\"><\/div>\n\t\t\t\t\t\t\t\t\t\t\t\t\t\t<\/a>\n\t\t\t\t\t\t\t<a class=\"e-gallery-item elementor-gallery-item elementor-animated-content\" href=\"https:\/\/www.tfinternational.eu\/wp-content\/uploads\/2026\/03\/MESSINA-CATANIA-9.jpg\" data-elementor-open-lightbox=\"yes\" data-elementor-lightbox-slideshow=\"2b3383f\" data-elementor-lightbox-title=\"MESSINA-CATANIA-9\" data-e-action-hash=\"#elementor-action%3Aaction%3Dlightbox%26settings%3DeyJpZCI6NzM3OSwidXJsIjoiaHR0cHM6XC9cL3d3dy50ZmludGVybmF0aW9uYWwuZXVcL3dwLWNvbnRlbnRcL3VwbG9hZHNcLzIwMjZcLzAzXC9NRVNTSU5BLUNBVEFOSUEtOS5qcGciLCJzbGlkZXNob3ciOiIyYjMzODNmIn0%3D\">\n\t\t\t\t\t<div class=\"e-gallery-image elementor-gallery-item__image\" data-thumbnail=\"https:\/\/www.tfinternational.eu\/wp-content\/uploads\/2026\/03\/MESSINA-CATANIA-9-225x300.jpg\" data-width=\"225\" data-height=\"300\" aria-label=\"\" role=\"img\" ><\/div>\n\t\t\t\t\t\t\t\t\t\t\t<div class=\"elementor-gallery-item__overlay\"><\/div>\n\t\t\t\t\t\t\t\t\t\t\t\t\t\t<\/a>\n\t\t\t\t\t\t\t<a class=\"e-gallery-item elementor-gallery-item elementor-animated-content\" href=\"https:\/\/www.tfinternational.eu\/wp-content\/uploads\/2026\/03\/MESSINA-CATANIA-10.jpg\" data-elementor-open-lightbox=\"yes\" data-elementor-lightbox-slideshow=\"2b3383f\" data-elementor-lightbox-title=\"MESSINA-CATANIA-10\" data-e-action-hash=\"#elementor-action%3Aaction%3Dlightbox%26settings%3DeyJpZCI6NzM3NiwidXJsIjoiaHR0cHM6XC9cL3d3dy50ZmludGVybmF0aW9uYWwuZXVcL3dwLWNvbnRlbnRcL3VwbG9hZHNcLzIwMjZcLzAzXC9NRVNTSU5BLUNBVEFOSUEtMTAuanBnIiwic2xpZGVzaG93IjoiMmIzMzgzZiJ9\">\n\t\t\t\t\t<div class=\"e-gallery-image elementor-gallery-item__image\" data-thumbnail=\"https:\/\/www.tfinternational.eu\/wp-content\/uploads\/2026\/03\/MESSINA-CATANIA-10-169x300.jpg\" data-width=\"169\" data-height=\"300\" aria-label=\"\" role=\"img\" ><\/div>\n\t\t\t\t\t\t\t\t\t\t\t<div class=\"elementor-gallery-item__overlay\"><\/div>\n\t\t\t\t\t\t\t\t\t\t\t\t\t\t<\/a>\n\t\t\t\t\t\t\t<a class=\"e-gallery-item elementor-gallery-item elementor-animated-content\" href=\"https:\/\/www.tfinternational.eu\/wp-content\/uploads\/2026\/03\/MESSINA-CATANIA-12.jpg\" data-elementor-open-lightbox=\"yes\" data-elementor-lightbox-slideshow=\"2b3383f\" data-elementor-lightbox-title=\"MESSINA-CATANIA-12\" data-e-action-hash=\"#elementor-action%3Aaction%3Dlightbox%26settings%3DeyJpZCI6NzM3MywidXJsIjoiaHR0cHM6XC9cL3d3dy50ZmludGVybmF0aW9uYWwuZXVcL3dwLWNvbnRlbnRcL3VwbG9hZHNcLzIwMjZcLzAzXC9NRVNTSU5BLUNBVEFOSUEtMTIuanBnIiwic2xpZGVzaG93IjoiMmIzMzgzZiJ9\">\n\t\t\t\t\t<div class=\"e-gallery-image elementor-gallery-item__image\" data-thumbnail=\"https:\/\/www.tfinternational.eu\/wp-content\/uploads\/2026\/03\/MESSINA-CATANIA-12-169x300.jpg\" data-width=\"169\" data-height=\"300\" aria-label=\"\" role=\"img\" ><\/div>\n\t\t\t\t\t\t\t\t\t\t\t<div class=\"elementor-gallery-item__overlay\"><\/div>\n\t\t\t\t\t\t\t\t\t\t\t\t\t\t<\/a>\n\t\t\t\t\t\t\t<a class=\"e-gallery-item elementor-gallery-item elementor-animated-content\" href=\"https:\/\/www.tfinternational.eu\/wp-content\/uploads\/2026\/03\/CRAN-CANARIA-FULLROUND-5.jpg\" data-elementor-open-lightbox=\"yes\" data-elementor-lightbox-slideshow=\"2b3383f\" data-elementor-lightbox-title=\"CRAN CANARIA FULLROUND-5\" data-e-action-hash=\"#elementor-action%3Aaction%3Dlightbox%26settings%3DeyJpZCI6NzM0MywidXJsIjoiaHR0cHM6XC9cL3d3dy50ZmludGVybmF0aW9uYWwuZXVcL3dwLWNvbnRlbnRcL3VwbG9hZHNcLzIwMjZcLzAzXC9DUkFOLUNBTkFSSUEtRlVMTFJPVU5ELTUuanBnIiwic2xpZGVzaG93IjoiMmIzMzgzZiJ9\">\n\t\t\t\t\t<div class=\"e-gallery-image elementor-gallery-item__image\" data-thumbnail=\"https:\/\/www.tfinternational.eu\/wp-content\/uploads\/2026\/03\/CRAN-CANARIA-FULLROUND-5-225x300.jpg\" data-width=\"225\" data-height=\"300\" aria-label=\"\" role=\"img\" ><\/div>\n\t\t\t\t\t\t\t\t\t\t\t<div class=\"elementor-gallery-item__overlay\"><\/div>\n\t\t\t\t\t\t\t\t\t\t\t\t\t\t<\/a>\n\t\t\t\t\t<\/div>\n\t\t\t\t\t<\/div>\n\t\t\t\t<\/div>\n\t\t\t\t\t<\/div>\n\t\t<\/div>\n\t\t\t\t\t<\/div>\n\t\t<\/section>\n\t\t\t\t<\/div>\n\t\t","protected":false},"excerpt":{"rendered":"<p>Italia &#8211; Messina Catania PUENTE ELEVADO MESSINA-CATANIA, TRAMO NORTE \u2013 CLIENTE WEBUILD Dise\u00f1o detallado y construcci\u00f3n de la duplicaci\u00f3n de la l\u00ednea ferroviaria Messina-Catania, en el tramo Giampilieri-Fiumefreddo. TRAMO 2, TAORMINA-GIAMPILIERI. (\u201cOBRA\u201d). TFI \u2013 Tunnels &amp; Formworks International OBJETIVO PRINCIPAL: Dise\u00f1o, suministro y transporte de tres puentes elevados para el vaciado de la solera en [&hellip;]<\/p>\n","protected":false},"author":2,"featured_media":0,"parent":0,"menu_order":0,"comment_status":"closed","ping_status":"closed","template":"","meta":{"footnotes":""},"class_list":["post-7842","page","type-page","status-publish","hentry"],"_links":{"self":[{"href":"https:\/\/www.tfinternational.eu\/es\/wp-json\/wp\/v2\/pages\/7842","targetHints":{"allow":["GET"]}}],"collection":[{"href":"https:\/\/www.tfinternational.eu\/es\/wp-json\/wp\/v2\/pages"}],"about":[{"href":"https:\/\/www.tfinternational.eu\/es\/wp-json\/wp\/v2\/types\/page"}],"author":[{"embeddable":true,"href":"https:\/\/www.tfinternational.eu\/es\/wp-json\/wp\/v2\/users\/2"}],"replies":[{"embeddable":true,"href":"https:\/\/www.tfinternational.eu\/es\/wp-json\/wp\/v2\/comments?post=7842"}],"version-history":[{"count":1,"href":"https:\/\/www.tfinternational.eu\/es\/wp-json\/wp\/v2\/pages\/7842\/revisions"}],"predecessor-version":[{"id":7846,"href":"https:\/\/www.tfinternational.eu\/es\/wp-json\/wp\/v2\/pages\/7842\/revisions\/7846"}],"wp:attachment":[{"href":"https:\/\/www.tfinternational.eu\/es\/wp-json\/wp\/v2\/media?parent=7842"}],"curies":[{"name":"wp","href":"https:\/\/api.w.org\/{rel}","templated":true}]}}