{"id":3315,"date":"2020-08-24T19:09:04","date_gmt":"2020-08-24T17:09:04","guid":{"rendered":"https:\/\/www.tfinternational.eu\/?page_id=3315"},"modified":"2026-04-23T17:27:18","modified_gmt":"2026-04-23T15:27:18","slug":"australia-metro","status":"publish","type":"page","link":"https:\/\/www.tfinternational.eu\/it\/australia-metro\/","title":{"rendered":"Australia &#8211; Metro"},"content":{"rendered":"\t\t<div data-elementor-type=\"wp-page\" data-elementor-id=\"3315\" class=\"elementor elementor-3315\" data-elementor-post-type=\"page\">\n\t\t\t\t\t\t<section class=\"elementor-section elementor-top-section elementor-element elementor-element-ce17588 elementor-section-boxed elementor-section-height-default elementor-section-height-default\" data-id=\"ce17588\" data-element_type=\"section\" data-e-type=\"section\">\n\t\t\t\t\t\t<div class=\"elementor-container elementor-column-gap-default\">\n\t\t\t\t\t<div class=\"elementor-column elementor-col-100 elementor-top-column elementor-element elementor-element-5714ad6\" data-id=\"5714ad6\" data-element_type=\"column\" data-e-type=\"column\">\n\t\t\t<div class=\"elementor-widget-wrap elementor-element-populated\">\n\t\t\t\t\t\t<div class=\"elementor-element elementor-element-2d2b98e elementor-widget elementor-widget-heading\" data-id=\"2d2b98e\" data-element_type=\"widget\" data-e-type=\"widget\" data-widget_type=\"heading.default\">\n\t\t\t\t<div class=\"elementor-widget-container\">\n\t\t\t\t\t<h1 class=\"elementor-heading-title elementor-size-default\">Progetto Metro Australia<\/h1>\t\t\t\t<\/div>\n\t\t\t\t<\/div>\n\t\t\t\t\t<\/div>\n\t\t<\/div>\n\t\t\t\t\t<\/div>\n\t\t<\/section>\n\t\t\t\t<section class=\"elementor-section elementor-top-section elementor-element elementor-element-cba0204 elementor-section-height-min-height elementor-section-boxed elementor-section-height-default elementor-section-items-middle\" data-id=\"cba0204\" data-element_type=\"section\" data-e-type=\"section\" data-settings=\"{&quot;background_background&quot;:&quot;slideshow&quot;,&quot;background_slideshow_gallery&quot;:[{&quot;id&quot;:6071,&quot;url&quot;:&quot;https:\\\/\\\/www.tfinternational.eu\\\/wp-content\\\/uploads\\\/2022\\\/06\\\/Brisbane-6-e1654870255143.jpg&quot;}],&quot;background_slideshow_loop&quot;:&quot;yes&quot;,&quot;background_slideshow_slide_duration&quot;:5000,&quot;background_slideshow_slide_transition&quot;:&quot;fade&quot;,&quot;background_slideshow_transition_duration&quot;:500}\">\n\t\t\t\t\t\t<div class=\"elementor-container elementor-column-gap-default\">\n\t\t\t\t\t<div class=\"elementor-column elementor-col-100 elementor-top-column elementor-element elementor-element-8189f31\" data-id=\"8189f31\" data-element_type=\"column\" data-e-type=\"column\">\n\t\t\t<div class=\"elementor-widget-wrap elementor-element-populated\">\n\t\t\t\t\t\t<div class=\"elementor-element elementor-element-3be2a3c elementor-align-right elementor-widget elementor-widget-button\" data-id=\"3be2a3c\" data-element_type=\"widget\" data-e-type=\"widget\" data-settings=\"{&quot;motion_fx_motion_fx_scrolling&quot;:&quot;yes&quot;,&quot;motion_fx_translateY_effect&quot;:&quot;yes&quot;,&quot;motion_fx_translateY_direction&quot;:&quot;negative&quot;,&quot;motion_fx_translateY_speed&quot;:{&quot;unit&quot;:&quot;px&quot;,&quot;size&quot;:10,&quot;sizes&quot;:[]},&quot;motion_fx_devices&quot;:[&quot;desktop&quot;,&quot;tablet&quot;],&quot;sticky&quot;:&quot;top&quot;,&quot;sticky_on&quot;:[&quot;desktop&quot;,&quot;tablet&quot;],&quot;motion_fx_translateY_affectedRange&quot;:{&quot;unit&quot;:&quot;%&quot;,&quot;size&quot;:&quot;&quot;,&quot;sizes&quot;:{&quot;start&quot;:0,&quot;end&quot;:100}},&quot;sticky_offset&quot;:0,&quot;sticky_effects_offset&quot;:0,&quot;sticky_anchor_link_offset&quot;:0}\" data-widget_type=\"button.default\">\n\t\t\t\t<div class=\"elementor-widget-container\">\n\t\t\t\t\t\t\t\t\t<div class=\"elementor-button-wrapper\">\n\t\t\t\t\t<a class=\"elementor-button elementor-button-link elementor-size-xs\" href=\"https:\/\/www.tfinternational.eu\/progetti\/\">\n\t\t\t\t\t\t<span class=\"elementor-button-content-wrapper\">\n\t\t\t\t\t\t\t\t\t<span class=\"elementor-button-text\">Torna alla mappa<\/span>\n\t\t\t\t\t<\/span>\n\t\t\t\t\t<\/a>\n\t\t\t\t<\/div>\n\t\t\t\t\t\t\t\t<\/div>\n\t\t\t\t<\/div>\n\t\t\t\t\t<\/div>\n\t\t<\/div>\n\t\t\t\t\t<\/div>\n\t\t<\/section>\n\t\t\t\t<section class=\"elementor-section elementor-top-section elementor-element elementor-element-9eee834 elementor-section-boxed elementor-section-height-default elementor-section-height-default\" data-id=\"9eee834\" data-element_type=\"section\" data-e-type=\"section\">\n\t\t\t\t\t\t<div class=\"elementor-container elementor-column-gap-default\">\n\t\t\t\t\t<div class=\"elementor-column elementor-col-100 elementor-top-column elementor-element elementor-element-a0c79ad\" data-id=\"a0c79ad\" data-element_type=\"column\" data-e-type=\"column\">\n\t\t\t<div class=\"elementor-widget-wrap elementor-element-populated\">\n\t\t\t\t\t\t<div class=\"elementor-element elementor-element-2ae58c9 elementor-widget elementor-widget-heading\" data-id=\"2ae58c9\" data-element_type=\"widget\" data-e-type=\"widget\" data-widget_type=\"heading.default\">\n\t\t\t\t<div class=\"elementor-widget-container\">\n\t\t\t\t\t<h2 class=\"elementor-heading-title elementor-size-medium\"><a href=\"https:\/\/it.wikipedia.org\/wiki\/Brisbane\" rel=\"nofollow noopener\" target=\"_blank\">PROGETTO: METRO AUSTRALIA <\/a><\/h2>\t\t\t\t<\/div>\n\t\t\t\t<\/div>\n\t\t\t\t<div class=\"elementor-element elementor-element-c975ade elementor-widget elementor-widget-text-editor\" data-id=\"c975ade\" data-element_type=\"widget\" data-e-type=\"widget\" data-widget_type=\"text-editor.default\">\n\t\t\t\t<div class=\"elementor-widget-container\">\n\t\t\t\t\t\t\t\t\t<p><strong>CLIENTE: CBGU\u00a0 D&amp;C JV<\/strong><\/p><p>(CPB \u2013 BAM \u2013 GHELLA \u2013 UGL)<\/p><p><strong>Casseforma autoreagente con carrello portaforme motorizzato<\/strong><br \/><strong>Sezione Policentrica Dimensioni 14.005 m di altezza, 20.745 m di larghezza<\/strong><br \/><strong>Lunghezza di getto 10\/20 m<\/strong><br \/><strong>Superficie manto totale 425 mq<\/strong><br \/><strong>Sviluppo sezione 42,5 m\u00a0<\/strong><\/p><p>Questo progetto \u00e8 un&#8217;infrastruttura di trasporto pubblico fondamentale che migliorer\u00e0 la qualit\u00e0 della vita cittadina, aiuter\u00e0 l&#8217;economia a continuare a crescere, generer\u00e0 migliaia di posti di lavoro e attiver\u00e0 lo sviluppo urbano in tutta la regione.\u00a0<\/p><p><b>TFI \u2013 Tunnels &amp; Formworks International ha progettato e fabbricato i sistemi di casseforme,\u00a0ha assistito al montaggio in caverna e ha fornito assistenza durante i primi getti di calcestruzzo.<\/b><\/p>\t\t\t\t\t\t\t\t<\/div>\n\t\t\t\t<\/div>\n\t\t\t\t\t<\/div>\n\t\t<\/div>\n\t\t\t\t\t<\/div>\n\t\t<\/section>\n\t\t\t\t<section class=\"elementor-section elementor-top-section elementor-element elementor-element-b183c97 elementor-section-boxed elementor-section-height-default elementor-section-height-default\" data-id=\"b183c97\" data-element_type=\"section\" data-e-type=\"section\">\n\t\t\t\t\t\t<div class=\"elementor-container elementor-column-gap-default\">\n\t\t\t\t\t<div class=\"elementor-column elementor-col-100 elementor-top-column elementor-element elementor-element-3e77249\" data-id=\"3e77249\" data-element_type=\"column\" data-e-type=\"column\">\n\t\t\t<div class=\"elementor-widget-wrap elementor-element-populated\">\n\t\t\t\t\t\t<div class=\"elementor-element elementor-element-f21e24f elementor-widget elementor-widget-spacer\" data-id=\"f21e24f\" data-element_type=\"widget\" data-e-type=\"widget\" data-widget_type=\"spacer.default\">\n\t\t\t\t<div class=\"elementor-widget-container\">\n\t\t\t\t\t\t\t<div class=\"elementor-spacer\">\n\t\t\t<div class=\"elementor-spacer-inner\"><\/div>\n\t\t<\/div>\n\t\t\t\t\t\t<\/div>\n\t\t\t\t<\/div>\n\t\t\t\t\t<\/div>\n\t\t<\/div>\n\t\t\t\t\t<\/div>\n\t\t<\/section>\n\t\t\t\t<section class=\"elementor-section elementor-top-section elementor-element elementor-element-39cd34c elementor-section-boxed elementor-section-height-default elementor-section-height-default\" data-id=\"39cd34c\" data-element_type=\"section\" data-e-type=\"section\">\n\t\t\t\t\t\t<div class=\"elementor-container elementor-column-gap-default\">\n\t\t\t\t\t<div class=\"elementor-column elementor-col-100 elementor-top-column elementor-element elementor-element-4d7fa93\" data-id=\"4d7fa93\" data-element_type=\"column\" data-e-type=\"column\">\n\t\t\t<div class=\"elementor-widget-wrap elementor-element-populated\">\n\t\t\t\t\t\t<div class=\"elementor-element elementor-element-18f80c7 elementor-widget elementor-widget-gallery\" data-id=\"18f80c7\" data-element_type=\"widget\" data-e-type=\"widget\" data-settings=\"{&quot;lazyload&quot;:&quot;yes&quot;,&quot;gallery_layout&quot;:&quot;grid&quot;,&quot;columns&quot;:4,&quot;columns_tablet&quot;:2,&quot;columns_mobile&quot;:1,&quot;gap&quot;:{&quot;unit&quot;:&quot;px&quot;,&quot;size&quot;:10,&quot;sizes&quot;:[]},&quot;gap_tablet&quot;:{&quot;unit&quot;:&quot;px&quot;,&quot;size&quot;:10,&quot;sizes&quot;:[]},&quot;gap_mobile&quot;:{&quot;unit&quot;:&quot;px&quot;,&quot;size&quot;:10,&quot;sizes&quot;:[]},&quot;link_to&quot;:&quot;file&quot;,&quot;aspect_ratio&quot;:&quot;3:2&quot;,&quot;overlay_background&quot;:&quot;yes&quot;,&quot;content_hover_animation&quot;:&quot;fade-in&quot;}\" data-widget_type=\"gallery.default\">\n\t\t\t\t<div class=\"elementor-widget-container\">\n\t\t\t\t\t\t\t<div class=\"elementor-gallery__container\">\n\t\t\t\t\t\t\t<a class=\"e-gallery-item elementor-gallery-item elementor-animated-content\" href=\"https:\/\/www.tfinternational.eu\/wp-content\/uploads\/2022\/06\/Brisbane-6-e1654870255143.jpg\" data-elementor-open-lightbox=\"yes\" data-elementor-lightbox-slideshow=\"18f80c7\" data-elementor-lightbox-title=\"Brisbane-6\" data-e-action-hash=\"#elementor-action%3Aaction%3Dlightbox%26settings%3DeyJpZCI6NjA3MSwidXJsIjoiaHR0cHM6XC9cL3d3dy50ZmludGVybmF0aW9uYWwuZXVcL3dwLWNvbnRlbnRcL3VwbG9hZHNcLzIwMjJcLzA2XC9CcmlzYmFuZS02LWUxNjU0ODcwMjU1MTQzLmpwZyIsInNsaWRlc2hvdyI6IjE4ZjgwYzcifQ%3D%3D\">\n\t\t\t\t\t<div class=\"e-gallery-image elementor-gallery-item__image\" data-thumbnail=\"https:\/\/www.tfinternational.eu\/wp-content\/uploads\/2022\/06\/Brisbane-6-e1654870255143-300x169.jpg\" data-width=\"300\" data-height=\"169\" aria-label=\"\" role=\"img\" ><\/div>\n\t\t\t\t\t\t\t\t\t\t\t<div class=\"elementor-gallery-item__overlay\"><\/div>\n\t\t\t\t\t\t\t\t\t\t\t\t\t\t<\/a>\n\t\t\t\t\t\t\t<a class=\"e-gallery-item elementor-gallery-item elementor-animated-content\" href=\"https:\/\/www.tfinternational.eu\/wp-content\/uploads\/2022\/06\/Brisbane-7-e1654882531988.jpg\" data-elementor-open-lightbox=\"yes\" data-elementor-lightbox-slideshow=\"18f80c7\" data-elementor-lightbox-title=\"Brisbane-7\" data-e-action-hash=\"#elementor-action%3Aaction%3Dlightbox%26settings%3DeyJpZCI6NjIwMCwidXJsIjoiaHR0cHM6XC9cL3d3dy50ZmludGVybmF0aW9uYWwuZXVcL3dwLWNvbnRlbnRcL3VwbG9hZHNcLzIwMjJcLzA2XC9CcmlzYmFuZS03LWUxNjU0ODgyNTMxOTg4LmpwZyIsInNsaWRlc2hvdyI6IjE4ZjgwYzcifQ%3D%3D\">\n\t\t\t\t\t<div class=\"e-gallery-image elementor-gallery-item__image\" data-thumbnail=\"https:\/\/www.tfinternational.eu\/wp-content\/uploads\/2022\/06\/Brisbane-7-e1654882531988-300x169.jpg\" data-width=\"300\" data-height=\"169\" aria-label=\"\" role=\"img\" ><\/div>\n\t\t\t\t\t\t\t\t\t\t\t<div class=\"elementor-gallery-item__overlay\"><\/div>\n\t\t\t\t\t\t\t\t\t\t\t\t\t\t<\/a>\n\t\t\t\t\t\t\t<a class=\"e-gallery-item elementor-gallery-item elementor-animated-content\" href=\"https:\/\/www.tfinternational.eu\/wp-content\/uploads\/2022\/06\/Brisbane-3-1-e1654882724211.jpg\" data-elementor-open-lightbox=\"yes\" data-elementor-lightbox-slideshow=\"18f80c7\" data-elementor-lightbox-title=\"Brisbane-3\" data-e-action-hash=\"#elementor-action%3Aaction%3Dlightbox%26settings%3DeyJpZCI6NjIwMywidXJsIjoiaHR0cHM6XC9cL3d3dy50ZmludGVybmF0aW9uYWwuZXVcL3dwLWNvbnRlbnRcL3VwbG9hZHNcLzIwMjJcLzA2XC9CcmlzYmFuZS0zLTEtZTE2NTQ4ODI3MjQyMTEuanBnIiwic2xpZGVzaG93IjoiMThmODBjNyJ9\">\n\t\t\t\t\t<div class=\"e-gallery-image elementor-gallery-item__image\" data-thumbnail=\"https:\/\/www.tfinternational.eu\/wp-content\/uploads\/2022\/06\/Brisbane-3-1-e1654882724211-300x225.jpg\" data-width=\"300\" data-height=\"225\" aria-label=\"\" role=\"img\" ><\/div>\n\t\t\t\t\t\t\t\t\t\t\t<div class=\"elementor-gallery-item__overlay\"><\/div>\n\t\t\t\t\t\t\t\t\t\t\t\t\t\t<\/a>\n\t\t\t\t\t\t\t<a class=\"e-gallery-item elementor-gallery-item elementor-animated-content\" href=\"https:\/\/www.tfinternational.eu\/wp-content\/uploads\/2022\/06\/Brisbane-4-e1654882552245.jpg\" data-elementor-open-lightbox=\"yes\" data-elementor-lightbox-slideshow=\"18f80c7\" data-elementor-lightbox-title=\"Brisbane-4\" data-e-action-hash=\"#elementor-action%3Aaction%3Dlightbox%26settings%3DeyJpZCI6NjE5MSwidXJsIjoiaHR0cHM6XC9cL3d3dy50ZmludGVybmF0aW9uYWwuZXVcL3dwLWNvbnRlbnRcL3VwbG9hZHNcLzIwMjJcLzA2XC9CcmlzYmFuZS00LWUxNjU0ODgyNTUyMjQ1LmpwZyIsInNsaWRlc2hvdyI6IjE4ZjgwYzcifQ%3D%3D\">\n\t\t\t\t\t<div class=\"e-gallery-image elementor-gallery-item__image\" data-thumbnail=\"https:\/\/www.tfinternational.eu\/wp-content\/uploads\/2022\/06\/Brisbane-4-e1654882552245-300x169.jpg\" data-width=\"300\" data-height=\"169\" aria-label=\"\" role=\"img\" ><\/div>\n\t\t\t\t\t\t\t\t\t\t\t<div class=\"elementor-gallery-item__overlay\"><\/div>\n\t\t\t\t\t\t\t\t\t\t\t\t\t\t<\/a>\n\t\t\t\t\t\t\t<a class=\"e-gallery-item elementor-gallery-item elementor-animated-content\" href=\"https:\/\/www.tfinternational.eu\/wp-content\/uploads\/2022\/06\/Brisbane-5-e1654882484456.jpg\" data-elementor-open-lightbox=\"yes\" data-elementor-lightbox-slideshow=\"18f80c7\" data-elementor-lightbox-title=\"Brisbane-5\" data-e-action-hash=\"#elementor-action%3Aaction%3Dlightbox%26settings%3DeyJpZCI6NjE5NCwidXJsIjoiaHR0cHM6XC9cL3d3dy50ZmludGVybmF0aW9uYWwuZXVcL3dwLWNvbnRlbnRcL3VwbG9hZHNcLzIwMjJcLzA2XC9CcmlzYmFuZS01LWUxNjU0ODgyNDg0NDU2LmpwZyIsInNsaWRlc2hvdyI6IjE4ZjgwYzcifQ%3D%3D\">\n\t\t\t\t\t<div class=\"e-gallery-image elementor-gallery-item__image\" data-thumbnail=\"https:\/\/www.tfinternational.eu\/wp-content\/uploads\/2022\/06\/Brisbane-5-e1654882484456-300x169.jpg\" data-width=\"300\" data-height=\"169\" aria-label=\"\" role=\"img\" ><\/div>\n\t\t\t\t\t\t\t\t\t\t\t<div class=\"elementor-gallery-item__overlay\"><\/div>\n\t\t\t\t\t\t\t\t\t\t\t\t\t\t<\/a>\n\t\t\t\t\t\t\t<a class=\"e-gallery-item elementor-gallery-item elementor-animated-content\" href=\"https:\/\/www.tfinternational.eu\/wp-content\/uploads\/2022\/06\/Brisbane-1-e1654882596255.jpg\" data-elementor-open-lightbox=\"yes\" data-elementor-lightbox-slideshow=\"18f80c7\" data-elementor-lightbox-title=\"Brisbane-1\" data-e-action-hash=\"#elementor-action%3Aaction%3Dlightbox%26settings%3DeyJpZCI6NjE4MiwidXJsIjoiaHR0cHM6XC9cL3d3dy50ZmludGVybmF0aW9uYWwuZXVcL3dwLWNvbnRlbnRcL3VwbG9hZHNcLzIwMjJcLzA2XC9CcmlzYmFuZS0xLWUxNjU0ODgyNTk2MjU1LmpwZyIsInNsaWRlc2hvdyI6IjE4ZjgwYzcifQ%3D%3D\">\n\t\t\t\t\t<div class=\"e-gallery-image elementor-gallery-item__image\" data-thumbnail=\"https:\/\/www.tfinternational.eu\/wp-content\/uploads\/2022\/06\/Brisbane-1-e1654882596255-300x169.jpg\" data-width=\"300\" data-height=\"169\" aria-label=\"\" role=\"img\" ><\/div>\n\t\t\t\t\t\t\t\t\t\t\t<div class=\"elementor-gallery-item__overlay\"><\/div>\n\t\t\t\t\t\t\t\t\t\t\t\t\t\t<\/a>\n\t\t\t\t\t\t\t<a class=\"e-gallery-item elementor-gallery-item elementor-animated-content\" href=\"https:\/\/www.tfinternational.eu\/wp-content\/uploads\/2022\/06\/Brisbane-2-e1654869934654.jpg\" data-elementor-open-lightbox=\"yes\" data-elementor-lightbox-slideshow=\"18f80c7\" data-elementor-lightbox-title=\"Brisbane-2\" data-e-action-hash=\"#elementor-action%3Aaction%3Dlightbox%26settings%3DeyJpZCI6NjA2NSwidXJsIjoiaHR0cHM6XC9cL3d3dy50ZmludGVybmF0aW9uYWwuZXVcL3dwLWNvbnRlbnRcL3VwbG9hZHNcLzIwMjJcLzA2XC9CcmlzYmFuZS0yLWUxNjU0ODY5OTM0NjU0LmpwZyIsInNsaWRlc2hvdyI6IjE4ZjgwYzcifQ%3D%3D\">\n\t\t\t\t\t<div class=\"e-gallery-image elementor-gallery-item__image\" data-thumbnail=\"https:\/\/www.tfinternational.eu\/wp-content\/uploads\/2022\/06\/Brisbane-2-e1654869934654-169x300.jpg\" data-width=\"169\" data-height=\"300\" aria-label=\"\" role=\"img\" ><\/div>\n\t\t\t\t\t\t\t\t\t\t\t<div class=\"elementor-gallery-item__overlay\"><\/div>\n\t\t\t\t\t\t\t\t\t\t\t\t\t\t<\/a>\n\t\t\t\t\t\t\t<a class=\"e-gallery-item elementor-gallery-item elementor-animated-content\" href=\"https:\/\/www.tfinternational.eu\/wp-content\/uploads\/2022\/06\/Brisbame-8-1-e1654883146181.jpg\" data-elementor-open-lightbox=\"yes\" data-elementor-lightbox-slideshow=\"18f80c7\" data-elementor-lightbox-title=\"Brisbame-8\" data-e-action-hash=\"#elementor-action%3Aaction%3Dlightbox%26settings%3DeyJpZCI6NjIwOSwidXJsIjoiaHR0cHM6XC9cL3d3dy50ZmludGVybmF0aW9uYWwuZXVcL3dwLWNvbnRlbnRcL3VwbG9hZHNcLzIwMjJcLzA2XC9CcmlzYmFtZS04LTEtZTE2NTQ4ODMxNDYxODEuanBnIiwic2xpZGVzaG93IjoiMThmODBjNyJ9\">\n\t\t\t\t\t<div class=\"e-gallery-image elementor-gallery-item__image\" data-thumbnail=\"https:\/\/www.tfinternational.eu\/wp-content\/uploads\/2022\/06\/Brisbame-8-1-e1654883146181-300x225.jpg\" data-width=\"300\" data-height=\"225\" aria-label=\"\" role=\"img\" ><\/div>\n\t\t\t\t\t\t\t\t\t\t\t<div class=\"elementor-gallery-item__overlay\"><\/div>\n\t\t\t\t\t\t\t\t\t\t\t\t\t\t<\/a>\n\t\t\t\t\t<\/div>\n\t\t\t\t\t<\/div>\n\t\t\t\t<\/div>\n\t\t\t\t\t<\/div>\n\t\t<\/div>\n\t\t\t\t\t<\/div>\n\t\t<\/section>\n\t\t\t\t<\/div>\n\t\t","protected":false},"excerpt":{"rendered":"<p>Progetto Metro Australia Torna alla mappa PROGETTO: METRO AUSTRALIA CLIENTE: CBGU\u00a0 D&amp;C JV (CPB \u2013 BAM \u2013 GHELLA \u2013 UGL) Casseforma autoreagente con carrello portaforme motorizzatoSezione Policentrica Dimensioni 14.005 m di altezza, 20.745 m di larghezzaLunghezza di getto 10\/20 mSuperficie manto totale 425 mqSviluppo sezione 42,5 m\u00a0 Questo progetto \u00e8 un&#8217;infrastruttura di trasporto pubblico fondamentale [&hellip;]<\/p>\n","protected":false},"author":2,"featured_media":0,"parent":0,"menu_order":0,"comment_status":"closed","ping_status":"closed","template":"","meta":{"footnotes":""},"class_list":["post-3315","page","type-page","status-publish","hentry"],"_links":{"self":[{"href":"https:\/\/www.tfinternational.eu\/it\/wp-json\/wp\/v2\/pages\/3315","targetHints":{"allow":["GET"]}}],"collection":[{"href":"https:\/\/www.tfinternational.eu\/it\/wp-json\/wp\/v2\/pages"}],"about":[{"href":"https:\/\/www.tfinternational.eu\/it\/wp-json\/wp\/v2\/types\/page"}],"author":[{"embeddable":true,"href":"https:\/\/www.tfinternational.eu\/it\/wp-json\/wp\/v2\/users\/2"}],"replies":[{"embeddable":true,"href":"https:\/\/www.tfinternational.eu\/it\/wp-json\/wp\/v2\/comments?post=3315"}],"version-history":[{"count":27,"href":"https:\/\/www.tfinternational.eu\/it\/wp-json\/wp\/v2\/pages\/3315\/revisions"}],"predecessor-version":[{"id":7984,"href":"https:\/\/www.tfinternational.eu\/it\/wp-json\/wp\/v2\/pages\/3315\/revisions\/7984"}],"wp:attachment":[{"href":"https:\/\/www.tfinternational.eu\/it\/wp-json\/wp\/v2\/media?parent=3315"}],"curies":[{"name":"wp","href":"https:\/\/api.w.org\/{rel}","templated":true}]}}