{"id":780,"date":"2020-03-16T11:21:46","date_gmt":"2020-03-16T10:21:46","guid":{"rendered":"https:\/\/www.tfinternational.eu\/?page_id=780"},"modified":"2026-04-04T13:48:47","modified_gmt":"2026-04-04T11:48:47","slug":"francia-parigi","status":"publish","type":"page","link":"https:\/\/www.tfinternational.eu\/it\/francia-parigi\/","title":{"rendered":"Francia &#8211; Parigi"},"content":{"rendered":"\t\t<div data-elementor-type=\"wp-page\" data-elementor-id=\"780\" class=\"elementor elementor-780\" data-elementor-post-type=\"page\">\n\t\t\t\t\t\t<section class=\"elementor-section elementor-top-section elementor-element elementor-element-cddcbd0 elementor-section-boxed elementor-section-height-default elementor-section-height-default\" data-id=\"cddcbd0\" data-element_type=\"section\" data-e-type=\"section\">\n\t\t\t\t\t\t<div class=\"elementor-container elementor-column-gap-default\">\n\t\t\t\t\t<div class=\"elementor-column elementor-col-100 elementor-top-column elementor-element elementor-element-9611336\" data-id=\"9611336\" data-element_type=\"column\" data-e-type=\"column\">\n\t\t\t<div class=\"elementor-widget-wrap elementor-element-populated\">\n\t\t\t\t\t\t<div class=\"elementor-element elementor-element-2d2b98e elementor-widget elementor-widget-heading\" data-id=\"2d2b98e\" data-element_type=\"widget\" data-e-type=\"widget\" data-widget_type=\"heading.default\">\n\t\t\t\t<div class=\"elementor-widget-container\">\n\t\t\t\t\t<h1 class=\"elementor-heading-title elementor-size-default\">Francia - Parigi - EOLE 1<\/h1>\t\t\t\t<\/div>\n\t\t\t\t<\/div>\n\t\t\t\t\t<\/div>\n\t\t<\/div>\n\t\t\t\t\t<\/div>\n\t\t<\/section>\n\t\t\t\t<section class=\"elementor-section elementor-top-section elementor-element elementor-element-6df4be2 elementor-section-height-min-height elementor-section-boxed elementor-section-height-default elementor-section-items-middle\" data-id=\"6df4be2\" data-element_type=\"section\" data-e-type=\"section\" data-settings=\"{&quot;background_background&quot;:&quot;slideshow&quot;,&quot;background_slideshow_gallery&quot;:[{&quot;id&quot;:867,&quot;url&quot;:&quot;https:\\\/\\\/www.tfinternational.eu\\\/wp-content\\\/uploads\\\/2020\\\/03\\\/casseri-conci-tfi-eole-metro-parigi-2.jpg&quot;},{&quot;id&quot;:1395,&quot;url&quot;:&quot;https:\\\/\\\/www.tfinternational.eu\\\/wp-content\\\/uploads\\\/2020\\\/04\\\/casseri-conci-francia-parigi-eole-3.jpg&quot;},{&quot;id&quot;:869,&quot;url&quot;:&quot;https:\\\/\\\/www.tfinternational.eu\\\/wp-content\\\/uploads\\\/2020\\\/03\\\/casseri-conci-tfi-eole-metro-parigi-1.jpg&quot;},{&quot;id&quot;:871,&quot;url&quot;:&quot;https:\\\/\\\/www.tfinternational.eu\\\/wp-content\\\/uploads\\\/2020\\\/03\\\/casseri-conci-tfi-eole-metro-parigi-3.jpg&quot;}],&quot;background_slideshow_loop&quot;:&quot;yes&quot;,&quot;background_slideshow_slide_duration&quot;:5000,&quot;background_slideshow_slide_transition&quot;:&quot;fade&quot;,&quot;background_slideshow_transition_duration&quot;:500}\">\n\t\t\t\t\t\t<div class=\"elementor-container elementor-column-gap-default\">\n\t\t\t\t\t<div class=\"elementor-column elementor-col-100 elementor-top-column elementor-element elementor-element-2194e12\" data-id=\"2194e12\" data-element_type=\"column\" data-e-type=\"column\">\n\t\t\t<div class=\"elementor-widget-wrap elementor-element-populated\">\n\t\t\t\t\t\t<div class=\"elementor-element elementor-element-604eae9 elementor-align-right elementor-widget elementor-widget-button\" data-id=\"604eae9\" data-element_type=\"widget\" data-e-type=\"widget\" data-settings=\"{&quot;motion_fx_motion_fx_scrolling&quot;:&quot;yes&quot;,&quot;motion_fx_translateY_effect&quot;:&quot;yes&quot;,&quot;motion_fx_translateY_direction&quot;:&quot;negative&quot;,&quot;motion_fx_translateY_speed&quot;:{&quot;unit&quot;:&quot;px&quot;,&quot;size&quot;:10,&quot;sizes&quot;:[]},&quot;motion_fx_devices&quot;:[&quot;desktop&quot;,&quot;tablet&quot;],&quot;sticky&quot;:&quot;top&quot;,&quot;sticky_on&quot;:[&quot;desktop&quot;,&quot;tablet&quot;],&quot;motion_fx_translateY_affectedRange&quot;:{&quot;unit&quot;:&quot;%&quot;,&quot;size&quot;:&quot;&quot;,&quot;sizes&quot;:{&quot;start&quot;:0,&quot;end&quot;:100}},&quot;sticky_offset&quot;:0,&quot;sticky_effects_offset&quot;:0,&quot;sticky_anchor_link_offset&quot;:0}\" data-widget_type=\"button.default\">\n\t\t\t\t<div class=\"elementor-widget-container\">\n\t\t\t\t\t\t\t\t\t<div class=\"elementor-button-wrapper\">\n\t\t\t\t\t<a class=\"elementor-button elementor-button-link elementor-size-xs\" href=\"https:\/\/www.tfinternational.eu\/progetti\/\">\n\t\t\t\t\t\t<span class=\"elementor-button-content-wrapper\">\n\t\t\t\t\t\t\t\t\t<span class=\"elementor-button-text\">Torna alla mappa<\/span>\n\t\t\t\t\t<\/span>\n\t\t\t\t\t<\/a>\n\t\t\t\t<\/div>\n\t\t\t\t\t\t\t\t<\/div>\n\t\t\t\t<\/div>\n\t\t\t\t\t<\/div>\n\t\t<\/div>\n\t\t\t\t\t<\/div>\n\t\t<\/section>\n\t\t\t\t<section class=\"elementor-section elementor-top-section elementor-element elementor-element-35f2f2a elementor-section-boxed elementor-section-height-default elementor-section-height-default\" data-id=\"35f2f2a\" data-element_type=\"section\" data-e-type=\"section\">\n\t\t\t\t\t\t<div class=\"elementor-container elementor-column-gap-default\">\n\t\t\t\t\t<div class=\"elementor-column elementor-col-100 elementor-top-column elementor-element elementor-element-f3f6c83\" data-id=\"f3f6c83\" data-element_type=\"column\" data-e-type=\"column\">\n\t\t\t<div class=\"elementor-widget-wrap elementor-element-populated\">\n\t\t\t\t\t\t<div class=\"elementor-element elementor-element-e16ec64 elementor-widget elementor-widget-heading\" data-id=\"e16ec64\" data-element_type=\"widget\" data-e-type=\"widget\" data-widget_type=\"heading.default\">\n\t\t\t\t<div class=\"elementor-widget-container\">\n\t\t\t\t\t<h2 class=\"elementor-heading-title elementor-size-medium\"><a href=\"https:\/\/it.wikipedia.org\/wiki\/La_D%C3%A9fense\" rel=\"nofollow noopener\" target=\"_blank\">PROGETTO: FRANCIA PARIGI EOLE EF 1 \u2010 LA DEFENSE<\/a><\/h2>\t\t\t\t<\/div>\n\t\t\t\t<\/div>\n\t\t\t\t\t<\/div>\n\t\t<\/div>\n\t\t\t\t\t<\/div>\n\t\t<\/section>\n\t\t\t\t<section class=\"elementor-section elementor-top-section elementor-element elementor-element-9eee834 elementor-section-boxed elementor-section-height-default elementor-section-height-default\" data-id=\"9eee834\" data-element_type=\"section\" data-e-type=\"section\">\n\t\t\t\t\t\t<div class=\"elementor-container elementor-column-gap-default\">\n\t\t\t\t\t<div class=\"elementor-column elementor-col-100 elementor-top-column elementor-element elementor-element-a0c79ad\" data-id=\"a0c79ad\" data-element_type=\"column\" data-e-type=\"column\">\n\t\t\t<div class=\"elementor-widget-wrap elementor-element-populated\">\n\t\t\t\t\t\t<div class=\"elementor-element elementor-element-c975ade elementor-widget elementor-widget-text-editor\" data-id=\"c975ade\" data-element_type=\"widget\" data-e-type=\"widget\" data-widget_type=\"text-editor.default\">\n\t\t\t\t<div class=\"elementor-widget-container\">\n\t\t\t\t\t\t\t\t\t<p><strong>CLIENTE: DODIN CAMPENON BERNARD \u2010 VINCI \u2010 SPIE BATIGNOLLES\u00a0<\/strong><\/p><p style=\"text-align: justify;\"><a href=\"https:\/\/www.sncf.com\/fr\" rel=\"nofollow noopener\" target=\"_blank\">SNCF<\/a> (ferrovie francesi) gestisce attualmente 14 linee in questo mercato chiave &#8211; cinque linee express regionali RER, otto linee ferroviarie pendolari Francilien e un sistema tranviario &#8211; con 6.200 treni e 380 stazioni che servono 3,2 milioni di passeggeri al giorno. Questa \u00e8 la rete pi\u00f9 concentrata in Francia, che trasporta il 70% di tutti i passeggeri della SNCF su appena il 10% della rete nazionale.\u00a0<\/p><p style=\"text-align: justify;\">La nuova estensione Eole migliorer\u00e0 la mobilit\u00e0 e ridurr\u00e0 la congestione, specialmente all&#8217;interno del centro di Parigi, a tutto vantaggio dello sviluppo regionale nell&#8217;intera area metropolitana di Parigi.<\/p><p><span style=\"font-size: 1rem; font-weight: bolder; text-align: justify;\">TFI \u2013 Tunnels &amp; Formworks International<\/span><span style=\"font-size: 1rem; text-align: justify;\">\u00a0<\/span>\u00a0ha contribuito nella progettazione e nella realizzazione dei lavori\u00a0<\/p>\t\t\t\t\t\t\t\t<\/div>\n\t\t\t\t<\/div>\n\t\t\t\t\t<\/div>\n\t\t<\/div>\n\t\t\t\t\t<\/div>\n\t\t<\/section>\n\t\t\t\t<section class=\"elementor-section elementor-top-section elementor-element elementor-element-5dd0c7a elementor-section-boxed elementor-section-height-default elementor-section-height-default\" data-id=\"5dd0c7a\" data-element_type=\"section\" data-e-type=\"section\">\n\t\t\t\t\t\t<div class=\"elementor-container elementor-column-gap-default\">\n\t\t\t\t\t<div class=\"elementor-column elementor-col-100 elementor-top-column elementor-element elementor-element-eef620e\" data-id=\"eef620e\" data-element_type=\"column\" data-e-type=\"column\">\n\t\t\t<div class=\"elementor-widget-wrap elementor-element-populated\">\n\t\t\t\t\t\t<div class=\"elementor-element elementor-element-95fce44 elementor-widget elementor-widget-gallery\" data-id=\"95fce44\" data-element_type=\"widget\" data-e-type=\"widget\" data-settings=\"{&quot;lazyload&quot;:&quot;yes&quot;,&quot;gallery_layout&quot;:&quot;grid&quot;,&quot;columns&quot;:4,&quot;columns_tablet&quot;:2,&quot;columns_mobile&quot;:1,&quot;gap&quot;:{&quot;unit&quot;:&quot;px&quot;,&quot;size&quot;:10,&quot;sizes&quot;:[]},&quot;gap_tablet&quot;:{&quot;unit&quot;:&quot;px&quot;,&quot;size&quot;:10,&quot;sizes&quot;:[]},&quot;gap_mobile&quot;:{&quot;unit&quot;:&quot;px&quot;,&quot;size&quot;:10,&quot;sizes&quot;:[]},&quot;link_to&quot;:&quot;file&quot;,&quot;aspect_ratio&quot;:&quot;3:2&quot;,&quot;overlay_background&quot;:&quot;yes&quot;,&quot;content_hover_animation&quot;:&quot;fade-in&quot;}\" data-widget_type=\"gallery.default\">\n\t\t\t\t<div class=\"elementor-widget-container\">\n\t\t\t\t\t\t\t<div class=\"elementor-gallery__container\">\n\t\t\t\t\t\t\t<a class=\"e-gallery-item elementor-gallery-item elementor-animated-content\" href=\"https:\/\/www.tfinternational.eu\/wp-content\/uploads\/2020\/03\/casseri-conci-tfi-eole-metro-parigi-2.jpg\" data-elementor-open-lightbox=\"yes\" data-elementor-lightbox-slideshow=\"95fce44\" data-elementor-lightbox-title=\"Francia Parigi  - Gallerie - Eole-Metro-Parigi-2\" data-e-action-hash=\"#elementor-action%3Aaction%3Dlightbox%26settings%3DeyJpZCI6ODY3LCJ1cmwiOiJodHRwczpcL1wvd3d3LnRmaW50ZXJuYXRpb25hbC5ldVwvd3AtY29udGVudFwvdXBsb2Fkc1wvMjAyMFwvMDNcL2Nhc3NlcmktY29uY2ktdGZpLWVvbGUtbWV0cm8tcGFyaWdpLTIuanBnIiwic2xpZGVzaG93IjoiOTVmY2U0NCJ9\">\n\t\t\t\t\t<div class=\"e-gallery-image elementor-gallery-item__image\" data-thumbnail=\"https:\/\/www.tfinternational.eu\/wp-content\/uploads\/2020\/03\/tfi-eole-metro-parigi-2-300x225.jpg\" data-width=\"300\" data-height=\"225\" aria-label=\"Francia Parigi - Gallerie - Casseri-Conci - TFI-Eole-Metro-Parigi-\" role=\"img\" ><\/div>\n\t\t\t\t\t\t\t\t\t\t\t<div class=\"elementor-gallery-item__overlay\"><\/div>\n\t\t\t\t\t\t\t\t\t\t\t\t\t\t<\/a>\n\t\t\t\t\t\t\t<a class=\"e-gallery-item elementor-gallery-item elementor-animated-content\" href=\"https:\/\/www.tfinternational.eu\/wp-content\/uploads\/2020\/04\/casseri-conci-francia-parigi-eole-3.jpg\" data-elementor-open-lightbox=\"yes\" data-elementor-lightbox-slideshow=\"95fce44\" data-elementor-lightbox-title=\"Francia Parigi  - Gallerie - Casseri-Conci - FRANCIA PARIGI EOLE (3)\" data-e-action-hash=\"#elementor-action%3Aaction%3Dlightbox%26settings%3DeyJpZCI6MTM5NSwidXJsIjoiaHR0cHM6XC9cL3d3dy50ZmludGVybmF0aW9uYWwuZXVcL3dwLWNvbnRlbnRcL3VwbG9hZHNcLzIwMjBcLzA0XC9jYXNzZXJpLWNvbmNpLWZyYW5jaWEtcGFyaWdpLWVvbGUtMy5qcGciLCJzbGlkZXNob3ciOiI5NWZjZTQ0In0%3D\">\n\t\t\t\t\t<div class=\"e-gallery-image elementor-gallery-item__image\" data-thumbnail=\"https:\/\/www.tfinternational.eu\/wp-content\/uploads\/2020\/04\/FRANCIA-PARIGI-EOLE-3-scaled-300x225.jpg\" data-width=\"300\" data-height=\"225\" aria-label=\"Francia Parigi - Gallerie - Casseri-Conci\" role=\"img\" ><\/div>\n\t\t\t\t\t\t\t\t\t\t\t<div class=\"elementor-gallery-item__overlay\"><\/div>\n\t\t\t\t\t\t\t\t\t\t\t\t\t\t<\/a>\n\t\t\t\t\t\t\t<a class=\"e-gallery-item elementor-gallery-item elementor-animated-content\" href=\"https:\/\/www.tfinternational.eu\/wp-content\/uploads\/2020\/03\/casseri-conci-tfi-metro-parigi-15.jpg\" data-elementor-open-lightbox=\"yes\" data-elementor-lightbox-slideshow=\"95fce44\" data-elementor-lightbox-title=\"Casseri-Conci  - TFI-Metro-Parigi-15\" data-e-action-hash=\"#elementor-action%3Aaction%3Dlightbox%26settings%3DeyJpZCI6MTA0MCwidXJsIjoiaHR0cHM6XC9cL3d3dy50ZmludGVybmF0aW9uYWwuZXVcL3dwLWNvbnRlbnRcL3VwbG9hZHNcLzIwMjBcLzAzXC9jYXNzZXJpLWNvbmNpLXRmaS1tZXRyby1wYXJpZ2ktMTUuanBnIiwic2xpZGVzaG93IjoiOTVmY2U0NCJ9\">\n\t\t\t\t\t<div class=\"e-gallery-image elementor-gallery-item__image\" data-thumbnail=\"https:\/\/www.tfinternational.eu\/wp-content\/uploads\/2020\/03\/tfi-metro-parigi-15-300x225.jpg\" data-width=\"300\" data-height=\"225\" aria-label=\"Casseri-Conci - TFI-Metro-Parigi\" role=\"img\" ><\/div>\n\t\t\t\t\t\t\t\t\t\t\t<div class=\"elementor-gallery-item__overlay\"><\/div>\n\t\t\t\t\t\t\t\t\t\t\t\t\t\t<\/a>\n\t\t\t\t\t\t\t<a class=\"e-gallery-item elementor-gallery-item elementor-animated-content\" href=\"https:\/\/www.tfinternational.eu\/wp-content\/uploads\/2020\/04\/tunnel-formwork-francia-parigi-eole-4.jpg\" data-elementor-open-lightbox=\"yes\" data-elementor-lightbox-slideshow=\"95fce44\" data-elementor-lightbox-title=\"Tunnel Formwork - FRANCIA PARIGI EOLE (4)\" data-e-action-hash=\"#elementor-action%3Aaction%3Dlightbox%26settings%3DeyJpZCI6MTM5NywidXJsIjoiaHR0cHM6XC9cL3d3dy50ZmludGVybmF0aW9uYWwuZXVcL3dwLWNvbnRlbnRcL3VwbG9hZHNcLzIwMjBcLzA0XC90dW5uZWwtZm9ybXdvcmstZnJhbmNpYS1wYXJpZ2ktZW9sZS00LmpwZyIsInNsaWRlc2hvdyI6Ijk1ZmNlNDQifQ%3D%3D\">\n\t\t\t\t\t<div class=\"e-gallery-image elementor-gallery-item__image\" data-thumbnail=\"https:\/\/www.tfinternational.eu\/wp-content\/uploads\/2020\/04\/francia-parigi-eole-4-225x300.jpg\" data-width=\"225\" data-height=\"300\" aria-label=\"Tunnel Formwork - Casseri-Conci\" role=\"img\" ><\/div>\n\t\t\t\t\t\t\t\t\t\t\t<div class=\"elementor-gallery-item__overlay\"><\/div>\n\t\t\t\t\t\t\t\t\t\t\t\t\t\t<\/a>\n\t\t\t\t\t\t\t<a class=\"e-gallery-item elementor-gallery-item elementor-animated-content\" href=\"https:\/\/www.tfinternational.eu\/wp-content\/uploads\/2020\/03\/casseri-conci-tfi-eole-metro-parigi-1.jpg\" data-elementor-open-lightbox=\"yes\" data-elementor-lightbox-slideshow=\"95fce44\" data-elementor-lightbox-title=\"Francia Parigi  - Gallerie -Casseri-Conci - TFI-Eole-Metro-Parigi-1\" data-e-action-hash=\"#elementor-action%3Aaction%3Dlightbox%26settings%3DeyJpZCI6ODY5LCJ1cmwiOiJodHRwczpcL1wvd3d3LnRmaW50ZXJuYXRpb25hbC5ldVwvd3AtY29udGVudFwvdXBsb2Fkc1wvMjAyMFwvMDNcL2Nhc3NlcmktY29uY2ktdGZpLWVvbGUtbWV0cm8tcGFyaWdpLTEuanBnIiwic2xpZGVzaG93IjoiOTVmY2U0NCJ9\">\n\t\t\t\t\t<div class=\"e-gallery-image elementor-gallery-item__image\" data-thumbnail=\"https:\/\/www.tfinternational.eu\/wp-content\/uploads\/2020\/03\/tfi-eole-metro-parigi-1-300x225.jpg\" data-width=\"300\" data-height=\"225\" aria-label=\"Francia Parigi - Gallerie-Eole-Metro-Parigi-\" role=\"img\" ><\/div>\n\t\t\t\t\t\t\t\t\t\t\t<div class=\"elementor-gallery-item__overlay\"><\/div>\n\t\t\t\t\t\t\t\t\t\t\t\t\t\t<\/a>\n\t\t\t\t\t\t\t<a class=\"e-gallery-item elementor-gallery-item elementor-animated-content\" href=\"https:\/\/www.tfinternational.eu\/wp-content\/uploads\/2020\/03\/casseri-conci-tfi-eole-metro-parigi-3.jpg\" data-elementor-open-lightbox=\"yes\" data-elementor-lightbox-slideshow=\"95fce44\" data-elementor-lightbox-title=\"Francia Parigi  - Gallerie Casseri-Conci - TFI-Eole-Metro-Parigi-3\" data-e-action-hash=\"#elementor-action%3Aaction%3Dlightbox%26settings%3DeyJpZCI6ODcxLCJ1cmwiOiJodHRwczpcL1wvd3d3LnRmaW50ZXJuYXRpb25hbC5ldVwvd3AtY29udGVudFwvdXBsb2Fkc1wvMjAyMFwvMDNcL2Nhc3NlcmktY29uY2ktdGZpLWVvbGUtbWV0cm8tcGFyaWdpLTMuanBnIiwic2xpZGVzaG93IjoiOTVmY2U0NCJ9\">\n\t\t\t\t\t<div class=\"e-gallery-image elementor-gallery-item__image\" data-thumbnail=\"https:\/\/www.tfinternational.eu\/wp-content\/uploads\/2020\/03\/tfi-eole-metro-parigi-3-300x225.jpg\" data-width=\"300\" data-height=\"225\" aria-label=\"Francia Parigi - Gallerie Casseri-Conci - TFI-Eole-Metro-Parigi-\" role=\"img\" ><\/div>\n\t\t\t\t\t\t\t\t\t\t\t<div class=\"elementor-gallery-item__overlay\"><\/div>\n\t\t\t\t\t\t\t\t\t\t\t\t\t\t<\/a>\n\t\t\t\t\t\t\t<a class=\"e-gallery-item elementor-gallery-item elementor-animated-content\" href=\"https:\/\/www.tfinternational.eu\/wp-content\/uploads\/2020\/04\/casseri-conci-francia-parigi-eole-1.jpg\" data-elementor-open-lightbox=\"yes\" data-elementor-lightbox-slideshow=\"95fce44\" data-elementor-lightbox-title=\"Casseri-Conci - FRANCIA PARIGI EOLE (1)\" data-e-action-hash=\"#elementor-action%3Aaction%3Dlightbox%26settings%3DeyJpZCI6MTM5MSwidXJsIjoiaHR0cHM6XC9cL3d3dy50ZmludGVybmF0aW9uYWwuZXVcL3dwLWNvbnRlbnRcL3VwbG9hZHNcLzIwMjBcLzA0XC9jYXNzZXJpLWNvbmNpLWZyYW5jaWEtcGFyaWdpLWVvbGUtMS5qcGciLCJzbGlkZXNob3ciOiI5NWZjZTQ0In0%3D\">\n\t\t\t\t\t<div class=\"e-gallery-image elementor-gallery-item__image\" data-thumbnail=\"https:\/\/www.tfinternational.eu\/wp-content\/uploads\/2020\/04\/FRANCIA-PARIGI-EOLE-1-scaled-300x225.jpg\" data-width=\"300\" data-height=\"225\" aria-label=\"Casseri-Conci - FRANCIA PARIGI EOLE\" role=\"img\" ><\/div>\n\t\t\t\t\t\t\t\t\t\t\t<div class=\"elementor-gallery-item__overlay\"><\/div>\n\t\t\t\t\t\t\t\t\t\t\t\t\t\t<\/a>\n\t\t\t\t\t\t\t<a class=\"e-gallery-item elementor-gallery-item elementor-animated-content\" href=\"https:\/\/www.tfinternational.eu\/wp-content\/uploads\/2020\/04\/casseri-conci-francia-parigi-eole-2.jpg\" data-elementor-open-lightbox=\"yes\" data-elementor-lightbox-slideshow=\"95fce44\" data-elementor-lightbox-title=\"Casseri-Conci - FRANCIA PARIGI EOLE (2)\" data-e-action-hash=\"#elementor-action%3Aaction%3Dlightbox%26settings%3DeyJpZCI6MTM5MywidXJsIjoiaHR0cHM6XC9cL3d3dy50ZmludGVybmF0aW9uYWwuZXVcL3dwLWNvbnRlbnRcL3VwbG9hZHNcLzIwMjBcLzA0XC9jYXNzZXJpLWNvbmNpLWZyYW5jaWEtcGFyaWdpLWVvbGUtMi5qcGciLCJzbGlkZXNob3ciOiI5NWZjZTQ0In0%3D\">\n\t\t\t\t\t<div class=\"e-gallery-image elementor-gallery-item__image\" data-thumbnail=\"https:\/\/www.tfinternational.eu\/wp-content\/uploads\/2020\/04\/FRANCIA-PARIGI-EOLE-2-scaled-300x225.jpg\" data-width=\"300\" data-height=\"225\" aria-label=\"Casseri-Conci - FRANCIA PARIGI EOLE\" role=\"img\" ><\/div>\n\t\t\t\t\t\t\t\t\t\t\t<div class=\"elementor-gallery-item__overlay\"><\/div>\n\t\t\t\t\t\t\t\t\t\t\t\t\t\t<\/a>\n\t\t\t\t\t<\/div>\n\t\t\t\t\t<\/div>\n\t\t\t\t<\/div>\n\t\t\t\t\t<\/div>\n\t\t<\/div>\n\t\t\t\t\t<\/div>\n\t\t<\/section>\n\t\t\t\t<section class=\"elementor-section elementor-top-section elementor-element elementor-element-75be0f0 elementor-section-boxed elementor-section-height-default elementor-section-height-default\" data-id=\"75be0f0\" data-element_type=\"section\" data-e-type=\"section\">\n\t\t\t\t\t\t<div class=\"elementor-container elementor-column-gap-default\">\n\t\t\t\t\t<div class=\"elementor-column elementor-col-100 elementor-top-column elementor-element elementor-element-b098186\" data-id=\"b098186\" data-element_type=\"column\" data-e-type=\"column\">\n\t\t\t<div class=\"elementor-widget-wrap elementor-element-populated\">\n\t\t\t\t\t\t<div class=\"elementor-element elementor-element-53a6df2 elementor-widget elementor-widget-spacer\" data-id=\"53a6df2\" data-element_type=\"widget\" data-e-type=\"widget\" data-widget_type=\"spacer.default\">\n\t\t\t\t<div class=\"elementor-widget-container\">\n\t\t\t\t\t\t\t<div class=\"elementor-spacer\">\n\t\t\t<div class=\"elementor-spacer-inner\"><\/div>\n\t\t<\/div>\n\t\t\t\t\t\t<\/div>\n\t\t\t\t<\/div>\n\t\t\t\t\t<\/div>\n\t\t<\/div>\n\t\t\t\t\t<\/div>\n\t\t<\/section>\n\t\t\t\t<\/div>\n\t\t","protected":false},"excerpt":{"rendered":"<p>Francia &#8211; Parigi &#8211; EOLE 1 Torna alla mappa PROGETTO: FRANCIA PARIGI EOLE EF 1 \u2010 LA DEFENSE CLIENTE: DODIN CAMPENON BERNARD \u2010 VINCI \u2010 SPIE BATIGNOLLES\u00a0 SNCF (ferrovie francesi) gestisce attualmente 14 linee in questo mercato chiave &#8211; cinque linee express regionali RER, otto linee ferroviarie pendolari Francilien e un sistema tranviario &#8211; con [&hellip;]<\/p>\n","protected":false},"author":2,"featured_media":0,"parent":0,"menu_order":0,"comment_status":"closed","ping_status":"closed","template":"","meta":{"footnotes":""},"class_list":["post-780","page","type-page","status-publish","hentry"],"_links":{"self":[{"href":"https:\/\/www.tfinternational.eu\/it\/wp-json\/wp\/v2\/pages\/780","targetHints":{"allow":["GET"]}}],"collection":[{"href":"https:\/\/www.tfinternational.eu\/it\/wp-json\/wp\/v2\/pages"}],"about":[{"href":"https:\/\/www.tfinternational.eu\/it\/wp-json\/wp\/v2\/types\/page"}],"author":[{"embeddable":true,"href":"https:\/\/www.tfinternational.eu\/it\/wp-json\/wp\/v2\/users\/2"}],"replies":[{"embeddable":true,"href":"https:\/\/www.tfinternational.eu\/it\/wp-json\/wp\/v2\/comments?post=780"}],"version-history":[{"count":3,"href":"https:\/\/www.tfinternational.eu\/it\/wp-json\/wp\/v2\/pages\/780\/revisions"}],"predecessor-version":[{"id":7778,"href":"https:\/\/www.tfinternational.eu\/it\/wp-json\/wp\/v2\/pages\/780\/revisions\/7778"}],"wp:attachment":[{"href":"https:\/\/www.tfinternational.eu\/it\/wp-json\/wp\/v2\/media?parent=780"}],"curies":[{"name":"wp","href":"https:\/\/api.w.org\/{rel}","templated":true}]}}